{"id":6468,"date":"2023-07-04T16:57:12","date_gmt":"2023-07-04T16:57:12","guid":{"rendered":"https:\/\/karayelpartners.com\/?page_id=6468"},"modified":"2023-11-07T15:32:30","modified_gmt":"2023-11-07T15:32:30","slug":"is-gelistirme-sorumlusu-portekiz","status":"publish","type":"page","link":"https:\/\/karayelpartners.com\/tr_tr\/is-gelistirme-sorumlusu-portekiz\/","title":{"rendered":"\u0130\u015f Geli\u015ftirme Sorumlusu \/ Portekiz"},"content":{"rendered":"\t\t<div data-elementor-type=\"wp-page\" data-elementor-id=\"6468\" class=\"elementor elementor-6468\" data-elementor-post-type=\"page\">\n\t\t\t\t<div class=\"elementor-element elementor-element-64d859a9 e-flex e-con-boxed e-con e-parent\" data-id=\"64d859a9\" data-element_type=\"container\" data-e-type=\"container\">\n\t\t\t\t\t<div class=\"e-con-inner\">\n\t\t<div class=\"elementor-element elementor-element-75948814 e-flex e-con-boxed e-con e-child\" data-id=\"75948814\" data-element_type=\"container\" data-e-type=\"container\">\n\t\t\t\t\t<div class=\"e-con-inner\">\n\t\t\t\t<div class=\"elementor-element elementor-element-15445c52 elementor-widget elementor-widget-image\" data-id=\"15445c52\" data-element_type=\"widget\" data-e-type=\"widget\" data-widget_type=\"image.default\">\n\t\t\t\t<div class=\"elementor-widget-container\">\n\t\t\t\t\t\t\t\t\t\t\t\t\t\t\t<img fetchpriority=\"high\" decoding=\"async\" width=\"1170\" height=\"370\" src=\"https:\/\/karayelpartners.com\/wp-content\/uploads\/2023\/05\/insan-kaynaklari-2.png\" class=\"attachment-full size-full wp-image-3176\" alt=\"\" srcset=\"https:\/\/karayelpartners.com\/wp-content\/uploads\/2023\/05\/insan-kaynaklari-2.png 1170w, https:\/\/karayelpartners.com\/wp-content\/uploads\/2023\/05\/insan-kaynaklari-2-300x95.png 300w, https:\/\/karayelpartners.com\/wp-content\/uploads\/2023\/05\/insan-kaynaklari-2-1024x324.png 1024w, https:\/\/karayelpartners.com\/wp-content\/uploads\/2023\/05\/insan-kaynaklari-2-768x243.png 768w\" sizes=\"(max-width: 1170px) 100vw, 1170px\" \/>\t\t\t\t\t\t\t\t\t\t\t\t\t\t\t<\/div>\n\t\t\t\t<\/div>\n\t\t\t\t<div class=\"elementor-element elementor-element-43e72f63 elementor-widget elementor-widget-heading\" data-id=\"43e72f63\" data-element_type=\"widget\" data-e-type=\"widget\" data-widget_type=\"heading.default\">\n\t\t\t\t<div class=\"elementor-widget-container\">\n\t\t\t\t\t<h2 class=\"elementor-heading-title elementor-size-default\">\u0130\u015f Geli\u015ftirme Sorumlusu<br>Portekiz<\/h2>\t\t\t\t<\/div>\n\t\t\t\t<\/div>\n\t\t\t\t<div class=\"elementor-element elementor-element-5212f739 elementor-widget elementor-widget-text-editor\" data-id=\"5212f739\" data-element_type=\"widget\" data-e-type=\"widget\" data-widget_type=\"text-editor.default\">\n\t\t\t\t<div class=\"elementor-widget-container\">\n\t\t\t\t\t\t\t\t\t<p><span style=\"font-weight: 400;\">Portekiz&#8217;de ikamet eden veya orada ya\u015fam\u0131n\u0131 s\u00fcrd\u00fcrebilecek, i\u015f geli\u015ftirme, yeni m\u00fc\u015fteriler portf\u00f6y\u00fcn\u00fc sa\u011flayabilecek, t\u00fcketici ihtiya\u00e7lar\u0131n\u0131 anlama ve yeni pazarlar belirleyerek \u00e7\u00f6z\u00fcm odakl\u0131 \u00e7al\u0131\u015fmalar\u0131n\u0131 y\u00fcr\u00fctebilecek ve bu alanlara uygun yakla\u015f\u0131m stratejisi belirleme konular\u0131nda uzman birini ar\u0131yoruz. <\/span><\/p><p><strong>Sorumluluklar<\/strong><\/p><p>&#8211; Muhtemel yat\u0131r\u0131m f\u0131rsatlar\u0131n\u0131n tespiti ve tedarik s\u00fcre\u00e7lerinin y\u00f6netilmesi<br \/>&#8211; Potansiyel arazi ara\u015ft\u0131rmas\u0131 ve tespiti<br \/>&#8211; Yeni pazarlar ke\u015ffetmek ve bu pazarlara y\u00f6netilebilecek uygun stratejilerin belirlenmesi<br \/>&#8211; Firma profiline uygun yeni m\u00fc\u015fteri portf\u00f6y\u00fcn\u00fcn olu\u015fturulmas\u0131<br \/>&#8211; M\u00fc\u015fteri ihtiya\u00e7lar\u0131n\u0131n analizi ve bu ihtiya\u00e7lara y\u00f6nelik \u00e7\u00f6z\u00fcm odakl\u0131 stratejilerin geli\u015ftirilmesi<br \/>&#8211; \u00dcr\u00fcn ve hizmet geli\u015ftirme \u00e7al\u0131\u015fmalar\u0131n\u0131n y\u00f6netilmesi<\/p><p><strong>Aranan Nitelikler<\/strong><\/p><p>&#8211; \u0130\u015f geli\u015ftirme ve stratejik planlama konusunda deneyimli<br \/>&#8211; Yat\u0131r\u0131m tedarik ve arazi tespiti konular\u0131nda bilgi ve deneyime sahip<br \/>&#8211; Yeni pazarlar ke\u015ffetme ve bu pazarlara uygun stratejiler geli\u015ftirme becerisi<br \/>&#8211; M\u00fc\u015fteri ihtiya\u00e7lar\u0131n\u0131 analiz edebilme ve \u00e7\u00f6z\u00fcm odakl\u0131 stratejiler geli\u015ftirebilme yetene\u011fi<br \/>&#8211; \u0130leti\u015fim yetene\u011fi kuvvetli, tak\u0131m \u00e7al\u0131\u015fmas\u0131na yatk\u0131n ve sonu\u00e7 odakl\u0131<\/p><p>E\u011fer bu yeteneklere sahipseniz ve dinamik bir ekip i\u00e7erisinde \u00e7al\u0131\u015fmay\u0131 seviyorsan\u0131z, <strong>Karayel &amp; Partners<\/strong> ailesine kat\u0131lmak \u00fczere sizinle tan\u0131\u015fmay\u0131 d\u00f6rt g\u00f6zle bekliyoruz!<\/p>\t\t\t\t\t\t\t\t<\/div>\n\t\t\t\t<\/div>\n\t\t\t\t<div class=\"elementor-element elementor-element-19f0d4c elementor-mobile-align-justify elementor-widget elementor-widget-button\" data-id=\"19f0d4c\" data-element_type=\"widget\" data-e-type=\"widget\" data-widget_type=\"button.default\">\n\t\t\t\t<div class=\"elementor-widget-container\">\n\t\t\t\t\t\t\t\t\t<div class=\"elementor-button-wrapper\">\n\t\t\t\t\t<a class=\"elementor-button elementor-button-link elementor-size-sm\" href=\"https:\/\/karayelpartners.com\/basvuru-formu\/\">\n\t\t\t\t\t\t<span class=\"elementor-button-content-wrapper\">\n\t\t\t\t\t\t\t\t\t<span class=\"elementor-button-text\">Ba\u015fvur, Yar\u0131n\u0131 De\u011fi\u015ftir<\/span>\n\t\t\t\t\t<\/span>\n\t\t\t\t\t<\/a>\n\t\t\t\t<\/div>\n\t\t\t\t\t\t\t\t<\/div>\n\t\t\t\t<\/div>\n\t\t\t\t\t<\/div>\n\t\t\t\t<\/div>\n\t\t\t\t\t<\/div>\n\t\t\t\t<\/div>\n\t\t\t\t<\/div>\n\t\t","protected":false},"excerpt":{"rendered":"<p>\u0130\u015f Geli\u015ftirme SorumlusuPortekiz Portekiz&#8217;de ikamet eden veya orada ya\u015fam\u0131n\u0131 s\u00fcrd\u00fcrebilecek, i\u015f geli\u015ftirme, yeni m\u00fc\u015fteriler portf\u00f6y\u00fcn\u00fc sa\u011flayabilecek, t\u00fcketici ihtiya\u00e7lar\u0131n\u0131 anlama ve yeni pazarlar belirleyerek \u00e7\u00f6z\u00fcm odakl\u0131 \u00e7al\u0131\u015fmalar\u0131n\u0131 y\u00fcr\u00fctebilecek ve bu alanlara uygun yakla\u015f\u0131m stratejisi belirleme konular\u0131nda uzman birini ar\u0131yoruz. Sorumluluklar &#8211; Muhtemel yat\u0131r\u0131m f\u0131rsatlar\u0131n\u0131n tespiti ve tedarik s\u00fcre\u00e7lerinin y\u00f6netilmesi&#8211; Potansiyel arazi ara\u015ft\u0131rmas\u0131 ve tespiti&#8211; Yeni pazarlar [&hellip;]<\/p>\n","protected":false},"author":3,"featured_media":0,"parent":0,"menu_order":0,"comment_status":"closed","ping_status":"closed","template":"elementor_header_footer","meta":{"iawp_total_views":13,"footnotes":""},"class_list":["post-6468","page","type-page","status-publish","hentry"],"_links":{"self":[{"href":"https:\/\/karayelpartners.com\/tr_tr\/wp-json\/wp\/v2\/pages\/6468","targetHints":{"allow":["GET"]}}],"collection":[{"href":"https:\/\/karayelpartners.com\/tr_tr\/wp-json\/wp\/v2\/pages"}],"about":[{"href":"https:\/\/karayelpartners.com\/tr_tr\/wp-json\/wp\/v2\/types\/page"}],"author":[{"embeddable":true,"href":"https:\/\/karayelpartners.com\/tr_tr\/wp-json\/wp\/v2\/users\/3"}],"replies":[{"embeddable":true,"href":"https:\/\/karayelpartners.com\/tr_tr\/wp-json\/wp\/v2\/comments?post=6468"}],"version-history":[{"count":0,"href":"https:\/\/karayelpartners.com\/tr_tr\/wp-json\/wp\/v2\/pages\/6468\/revisions"}],"wp:attachment":[{"href":"https:\/\/karayelpartners.com\/tr_tr\/wp-json\/wp\/v2\/media?parent=6468"}],"curies":[{"name":"wp","href":"https:\/\/api.w.org\/{rel}","templated":true}]}}