{"id":5412,"date":"2023-06-30T09:11:44","date_gmt":"2023-06-30T09:11:44","guid":{"rendered":"https:\/\/karayelpartners.com\/?page_id=5412"},"modified":"2023-11-07T15:34:48","modified_gmt":"2023-11-07T15:34:48","slug":"vizyon","status":"publish","type":"page","link":"https:\/\/karayelpartners.com\/tr_tr\/vizyon\/","title":{"rendered":"Vizyon"},"content":{"rendered":"\t\t<div data-elementor-type=\"wp-page\" data-elementor-id=\"5412\" class=\"elementor elementor-5412\" data-elementor-post-type=\"page\">\n\t\t\t\t<div class=\"elementor-element elementor-element-12cbca2d e-flex e-con-boxed e-con e-parent\" data-id=\"12cbca2d\" data-element_type=\"container\" data-e-type=\"container\">\n\t\t\t\t\t<div class=\"e-con-inner\">\n\t\t<div class=\"elementor-element elementor-element-5813b28b e-con-full e-flex e-con e-child\" data-id=\"5813b28b\" data-element_type=\"container\" data-e-type=\"container\">\n\t\t\t\t<div class=\"elementor-element elementor-element-4eb49e11 elementor-widget__width-initial elementor-widget elementor-widget-heading\" data-id=\"4eb49e11\" data-element_type=\"widget\" data-e-type=\"widget\" data-widget_type=\"heading.default\">\n\t\t\t\t<div class=\"elementor-widget-container\">\n\t\t\t\t\t<h2 class=\"elementor-heading-title elementor-size-default\">Karayel &amp; Partners<\/h2>\t\t\t\t<\/div>\n\t\t\t\t<\/div>\n\t\t\t\t<\/div>\n\t\t\t\t\t<\/div>\n\t\t\t\t<\/div>\n\t\t<div class=\"elementor-element elementor-element-5c213298 e-con-full e-flex e-con e-parent\" data-id=\"5c213298\" data-element_type=\"container\" data-e-type=\"container\">\n\t\t\t\t<div class=\"elementor-element elementor-element-44d17af7 elementor-widget-divider--view-line elementor-widget elementor-widget-divider\" data-id=\"44d17af7\" data-element_type=\"widget\" data-e-type=\"widget\" data-widget_type=\"divider.default\">\n\t\t\t\t<div class=\"elementor-widget-container\">\n\t\t\t\t\t\t\t<div class=\"elementor-divider\">\n\t\t\t<span class=\"elementor-divider-separator\">\n\t\t\t\t\t\t<\/span>\n\t\t<\/div>\n\t\t\t\t\t\t<\/div>\n\t\t\t\t<\/div>\n\t\t\t\t<\/div>\n\t\t<div class=\"elementor-element elementor-element-cd8e2a4 e-flex e-con-boxed e-con e-parent\" data-id=\"cd8e2a4\" data-element_type=\"container\" data-e-type=\"container\">\n\t\t\t\t\t<div class=\"e-con-inner\">\n\t\t<div class=\"elementor-element elementor-element-7a21b9a3 e-con-full e-flex e-con e-child\" data-id=\"7a21b9a3\" data-element_type=\"container\" data-e-type=\"container\">\n\t\t\t\t<div class=\"elementor-element elementor-element-3d14b4ec elementor-widget elementor-widget-heading\" data-id=\"3d14b4ec\" data-element_type=\"widget\" data-e-type=\"widget\" data-widget_type=\"heading.default\">\n\t\t\t\t<div class=\"elementor-widget-container\">\n\t\t\t\t\t<h2 class=\"elementor-heading-title elementor-size-default\">Vizyon<\/h2>\t\t\t\t<\/div>\n\t\t\t\t<\/div>\n\t\t\t\t<\/div>\n\t\t<div class=\"elementor-element elementor-element-8f89886 e-con-full e-flex e-con e-child\" data-id=\"8f89886\" data-element_type=\"container\" data-e-type=\"container\">\n\t\t\t\t<div class=\"elementor-element elementor-element-44970257 elementor-widget elementor-widget-text-editor\" data-id=\"44970257\" data-element_type=\"widget\" data-e-type=\"widget\" data-widget_type=\"text-editor.default\">\n\t\t\t\t<div class=\"elementor-widget-container\">\n\t\t\t\t\t\t\t\t\t<p style=\"font-weight: 400;\">Toplam kalite standartlar\u0131na uygun yap\u0131lanm\u0131\u015f olmak. Ekibimizin etkin ve e\u015f g\u00fcd\u00fcml\u00fc \u00e7al\u0131\u015fmas\u0131. B\u00f6lgesel ve lokal \u00f6rg\u00fctlenmemiz. M\u00fc\u015fterimizle bilgi payla\u015f\u0131m\u0131 kanallar\u0131n\u0131 s\u00fcrekli a\u00e7\u0131k tutmam\u0131z. Tecr\u00fcbe ve tam m\u00fc\u015fteri memnuniyeti. De\u011fi\u015fim ve yeniliklere a\u00e7\u0131k olmak. Etik de\u011ferleri kurumsal yap\u0131 i\u00e7erisinde harmanlamak. Gizlilik ve d\u00fcr\u00fcstl\u00fck ilkelerini her \u015feyin \u00fcst\u00fcnde tutmak. H\u0131zl\u0131 ve etkin ileti\u015fim.<\/p>\t\t\t\t\t\t\t\t<\/div>\n\t\t\t\t<\/div>\n\t\t\t\t<\/div>\n\t\t<div class=\"elementor-element elementor-element-592da54 e-con-full e-flex e-con e-child\" data-id=\"592da54\" data-element_type=\"container\" data-e-type=\"container\">\n\t\t\t\t<div class=\"elementor-element elementor-element-7017f810 elementor-widget elementor-widget-image\" data-id=\"7017f810\" data-element_type=\"widget\" data-e-type=\"widget\" data-widget_type=\"image.default\">\n\t\t\t\t<div class=\"elementor-widget-container\">\n\t\t\t\t\t\t\t\t\t\t\t\t\t\t\t<img fetchpriority=\"high\" decoding=\"async\" width=\"1170\" height=\"370\" src=\"https:\/\/karayelpartners.com\/wp-content\/uploads\/2023\/05\/vizyon.png\" class=\"attachment-full size-full wp-image-2667\" alt=\"\" srcset=\"https:\/\/karayelpartners.com\/wp-content\/uploads\/2023\/05\/vizyon.png.webp 1170w, https:\/\/karayelpartners.com\/wp-content\/uploads\/2023\/05\/vizyon-300x95.png.webp 300w, https:\/\/karayelpartners.com\/wp-content\/uploads\/2023\/05\/vizyon-1024x324.png.webp 1024w, https:\/\/karayelpartners.com\/wp-content\/uploads\/2023\/05\/vizyon-768x243.png.webp 768w\" sizes=\"(max-width: 1170px) 100vw, 1170px\" \/>\t\t\t\t\t\t\t\t\t\t\t\t\t\t\t<\/div>\n\t\t\t\t<\/div>\n\t\t\t\t<\/div>\n\t\t\t\t\t<\/div>\n\t\t\t\t<\/div>\n\t\t\t\t<\/div>\n\t\t","protected":false},"excerpt":{"rendered":"<p>Karayel &#038; Partners Vizyon Toplam kalite standartlar\u0131na uygun yap\u0131lanm\u0131\u015f olmak. Ekibimizin etkin ve e\u015f g\u00fcd\u00fcml\u00fc \u00e7al\u0131\u015fmas\u0131. B\u00f6lgesel ve lokal \u00f6rg\u00fctlenmemiz. M\u00fc\u015fterimizle bilgi payla\u015f\u0131m\u0131 kanallar\u0131n\u0131 s\u00fcrekli a\u00e7\u0131k tutmam\u0131z. Tecr\u00fcbe ve tam m\u00fc\u015fteri memnuniyeti. De\u011fi\u015fim ve yeniliklere a\u00e7\u0131k olmak. Etik de\u011ferleri kurumsal yap\u0131 i\u00e7erisinde harmanlamak. Gizlilik ve d\u00fcr\u00fcstl\u00fck ilkelerini her \u015feyin \u00fcst\u00fcnde tutmak. H\u0131zl\u0131 ve etkin ileti\u015fim.<\/p>\n","protected":false},"author":3,"featured_media":0,"parent":0,"menu_order":0,"comment_status":"closed","ping_status":"closed","template":"elementor_header_footer","meta":{"iawp_total_views":5,"footnotes":""},"class_list":["post-5412","page","type-page","status-publish","hentry"],"_links":{"self":[{"href":"https:\/\/karayelpartners.com\/tr_tr\/wp-json\/wp\/v2\/pages\/5412","targetHints":{"allow":["GET"]}}],"collection":[{"href":"https:\/\/karayelpartners.com\/tr_tr\/wp-json\/wp\/v2\/pages"}],"about":[{"href":"https:\/\/karayelpartners.com\/tr_tr\/wp-json\/wp\/v2\/types\/page"}],"author":[{"embeddable":true,"href":"https:\/\/karayelpartners.com\/tr_tr\/wp-json\/wp\/v2\/users\/3"}],"replies":[{"embeddable":true,"href":"https:\/\/karayelpartners.com\/tr_tr\/wp-json\/wp\/v2\/comments?post=5412"}],"version-history":[{"count":0,"href":"https:\/\/karayelpartners.com\/tr_tr\/wp-json\/wp\/v2\/pages\/5412\/revisions"}],"wp:attachment":[{"href":"https:\/\/karayelpartners.com\/tr_tr\/wp-json\/wp\/v2\/media?parent=5412"}],"curies":[{"name":"wp","href":"https:\/\/api.w.org\/{rel}","templated":true}]}}