{"id":5397,"date":"2023-06-30T08:54:23","date_gmt":"2023-06-30T08:54:23","guid":{"rendered":"https:\/\/karayelpartners.com\/?page_id=5397"},"modified":"2023-11-07T15:32:29","modified_gmt":"2023-11-07T15:32:29","slug":"biz-kimiz","status":"publish","type":"page","link":"https:\/\/karayelpartners.com\/tr_tr\/biz-kimiz\/","title":{"rendered":"Biz Kimiz"},"content":{"rendered":"\t\t<div data-elementor-type=\"wp-page\" data-elementor-id=\"5397\" class=\"elementor elementor-5397\" data-elementor-post-type=\"page\">\n\t\t\t\t<div class=\"elementor-element elementor-element-12cbca2d e-flex e-con-boxed e-con e-parent\" data-id=\"12cbca2d\" data-element_type=\"container\" data-e-type=\"container\">\n\t\t\t\t\t<div class=\"e-con-inner\">\n\t\t<div class=\"elementor-element elementor-element-5813b28b e-con-full e-flex e-con e-child\" data-id=\"5813b28b\" data-element_type=\"container\" data-e-type=\"container\">\n\t\t\t\t<div class=\"elementor-element elementor-element-4eb49e11 elementor-widget__width-initial elementor-widget elementor-widget-heading\" data-id=\"4eb49e11\" data-element_type=\"widget\" data-e-type=\"widget\" data-widget_type=\"heading.default\">\n\t\t\t\t<div class=\"elementor-widget-container\">\n\t\t\t\t\t<h2 class=\"elementor-heading-title elementor-size-default\">Karayel &amp; Partners<\/h2>\t\t\t\t<\/div>\n\t\t\t\t<\/div>\n\t\t\t\t<\/div>\n\t\t\t\t\t<\/div>\n\t\t\t\t<\/div>\n\t\t<div class=\"elementor-element elementor-element-5c213298 e-con-full e-flex e-con e-parent\" data-id=\"5c213298\" data-element_type=\"container\" data-e-type=\"container\">\n\t\t\t\t<div class=\"elementor-element elementor-element-44d17af7 elementor-widget-divider--view-line elementor-widget elementor-widget-divider\" data-id=\"44d17af7\" data-element_type=\"widget\" data-e-type=\"widget\" data-widget_type=\"divider.default\">\n\t\t\t\t<div class=\"elementor-widget-container\">\n\t\t\t\t\t\t\t<div class=\"elementor-divider\">\n\t\t\t<span class=\"elementor-divider-separator\">\n\t\t\t\t\t\t<\/span>\n\t\t<\/div>\n\t\t\t\t\t\t<\/div>\n\t\t\t\t<\/div>\n\t\t\t\t<\/div>\n\t\t<div class=\"elementor-element elementor-element-6375c61b e-flex e-con-boxed e-con e-parent\" data-id=\"6375c61b\" data-element_type=\"container\" data-e-type=\"container\">\n\t\t\t\t\t<div class=\"e-con-inner\">\n\t\t<div class=\"elementor-element elementor-element-1fcdb606 e-con-full e-flex e-con e-child\" data-id=\"1fcdb606\" data-element_type=\"container\" data-e-type=\"container\">\n\t\t\t\t<div class=\"elementor-element elementor-element-73efb1a7 elementor-widget elementor-widget-heading\" data-id=\"73efb1a7\" data-element_type=\"widget\" data-e-type=\"widget\" data-widget_type=\"heading.default\">\n\t\t\t\t<div class=\"elementor-widget-container\">\n\t\t\t\t\t<h2 class=\"elementor-heading-title elementor-size-default\">Biz Kimiz<\/h2>\t\t\t\t<\/div>\n\t\t\t\t<\/div>\n\t\t\t\t<\/div>\n\t\t<div class=\"elementor-element elementor-element-f8f8ee6 e-con-full e-flex e-con e-child\" data-id=\"f8f8ee6\" data-element_type=\"container\" data-e-type=\"container\">\n\t\t\t\t<div class=\"elementor-element elementor-element-172956e6 elementor-widget elementor-widget-text-editor\" data-id=\"172956e6\" data-element_type=\"widget\" data-e-type=\"widget\" data-widget_type=\"text-editor.default\">\n\t\t\t\t<div class=\"elementor-widget-container\">\n\t\t\t\t\t\t\t\t\t<p style=\"font-weight: 400;\"><strong>Karayel &amp; Partners<\/strong> bir\u00e7ok \u00fclkede geni\u015f uluslararas\u0131 ba\u011flant\u0131lar\u0131 olan, uluslararas\u0131 yat\u0131r\u0131m geli\u015ftirme ve yat\u0131r\u0131m y\u00f6netimi \u00fczerine dan\u0131\u015fmanl\u0131k veren \u00e7ok payda\u015fl\u0131 bir dan\u0131\u015fmanl\u0131k \u015firketidir. Sa\u011flam deneyim, bilgi altyap\u0131s\u0131 ve profesyonel ikili ili\u015fkiler \u00fczerine kurulu olan geni\u015f hizmet yelpazesini, yenilik\u00e7i ve dinamik \u015firket yap\u0131s\u0131yla birle\u015ftiren <strong>Karayel &amp; Partners<\/strong>,\u00a0m\u00fc\u015fterilerine s\u00fcrd\u00fcr\u00fclebilir katma de\u011fer ortaya koyarak, m\u00fc\u015fterilerini Uluslararas\u0131 Yat\u0131r\u0131mlarda her zaman \u201cbir ad\u0131m ileri\u201d ta\u015f\u0131maktad\u0131r.\u00a0<\/p><p style=\"font-weight: 400;\">M\u00fc\u015fterilerine yat\u0131r\u0131m y\u00f6netim, yat\u0131r\u0131m f\u0131rsatlar\u0131, uluslararas\u0131 vergilendirme, teknik hizmetler konular\u0131nda dan\u0131\u015fmanl\u0131k deste\u011fi sunmas\u0131n\u0131n yan\u0131 s\u0131ra; yat\u0131r\u0131m\u0131n i\u015fletmeye ge\u00e7ti\u011fi zaman y\u00f6netim dan\u0131\u015fmanl\u0131\u011f\u0131 da sunan <strong>Karayel &amp; Partners <\/strong>\u2018in i\u015f ortaklar\u0131 ve m\u00fc\u015fterileri aras\u0131nda \u00f6zel sekt\u00f6r kurulu\u015flar\u0131, bireysel yat\u0131r\u0131mc\u0131lar, kamu kurum ve kurulu\u015flar\u0131 ile uluslararas\u0131 kurulu\u015flar bulunmaktad\u0131r.<\/p><p style=\"font-weight: 400;\"><strong>Karayel &amp; Partners<\/strong> projeleri fikir a\u015famas\u0131ndan ba\u015flayarak \u00abexit stratejisi\u00bb dahil olmak \u00fczere planlar ve yat\u0131r\u0131mc\u0131s\u0131na y\u00fcksek getirili yat\u0131r\u0131m y\u00f6netimi hizmetlerini bir paket olarak sunar. Yat\u0131r\u0131m\u0131n minimum maliyetle hayata ge\u00e7mesini sa\u011flamak i\u00e7in gerekli de\u011fer m\u00fchendisli\u011fi hesaplamalar\u0131n\u0131 yaparak kar maksimizasyonu i\u00e7in gerekli tasar\u0131msal, teknik, vergisel, finansal detaylar\u0131 inceler.<\/p>\t\t\t\t\t\t\t\t<\/div>\n\t\t\t\t<\/div>\n\t\t\t\t<\/div>\n\t\t\t\t\t<\/div>\n\t\t\t\t<\/div>\n\t\t<div class=\"elementor-element elementor-element-463a2573 e-flex e-con-boxed e-con e-parent\" data-id=\"463a2573\" data-element_type=\"container\" data-e-type=\"container\" data-settings=\"{&quot;background_background&quot;:&quot;classic&quot;}\">\n\t\t\t\t\t<div class=\"e-con-inner\">\n\t\t<div class=\"elementor-element elementor-element-69cbf536 e-con-full e-flex e-con e-child\" data-id=\"69cbf536\" data-element_type=\"container\" data-e-type=\"container\">\n\t\t\t\t<div class=\"elementor-element elementor-element-1606d391 elementor-widget elementor-widget-image\" data-id=\"1606d391\" data-element_type=\"widget\" data-e-type=\"widget\" data-widget_type=\"image.default\">\n\t\t\t\t<div class=\"elementor-widget-container\">\n\t\t\t\t\t\t\t\t\t\t\t\t\t\t\t<img fetchpriority=\"high\" decoding=\"async\" width=\"419\" height=\"857\" src=\"https:\/\/karayelpartners.com\/wp-content\/uploads\/2023\/05\/about-us.png\" class=\"attachment-large size-large wp-image-1038\" alt=\"\" srcset=\"https:\/\/karayelpartners.com\/wp-content\/uploads\/2023\/05\/about-us.png 419w, https:\/\/karayelpartners.com\/wp-content\/uploads\/2023\/05\/about-us-147x300.png 147w\" sizes=\"(max-width: 419px) 100vw, 419px\" \/>\t\t\t\t\t\t\t\t\t\t\t\t\t\t\t<\/div>\n\t\t\t\t<\/div>\n\t\t\t\t<\/div>\n\t\t<div class=\"elementor-element elementor-element-66691646 e-con-full e-flex e-con e-child\" data-id=\"66691646\" data-element_type=\"container\" data-e-type=\"container\">\n\t\t\t\t<div class=\"elementor-element elementor-element-338e2da7 elementor-widget elementor-widget-heading\" data-id=\"338e2da7\" data-element_type=\"widget\" data-e-type=\"widget\" data-widget_type=\"heading.default\">\n\t\t\t\t<div class=\"elementor-widget-container\">\n\t\t\t\t\t<h2 class=\"elementor-heading-title elementor-size-default\">Neden<\/h2>\t\t\t\t<\/div>\n\t\t\t\t<\/div>\n\t\t\t\t<div class=\"elementor-element elementor-element-6da0f716 elementor-widget elementor-widget-heading\" data-id=\"6da0f716\" data-element_type=\"widget\" data-e-type=\"widget\" data-widget_type=\"heading.default\">\n\t\t\t\t<div class=\"elementor-widget-container\">\n\t\t\t\t\t<h2 class=\"elementor-heading-title elementor-size-default\">Karayel &amp; Partners<\/h2>\t\t\t\t<\/div>\n\t\t\t\t<\/div>\n\t\t\t\t<div class=\"elementor-element elementor-element-5886a43 elementor-widget elementor-widget-text-editor\" data-id=\"5886a43\" data-element_type=\"widget\" data-e-type=\"widget\" data-widget_type=\"text-editor.default\">\n\t\t\t\t<div class=\"elementor-widget-container\">\n\t\t\t\t\t\t\t\t\t<p style=\"font-weight: 400;\"><strong>Karayel &amp; Partners<\/strong> geli\u015ftirdi\u011fi ve yat\u0131r\u0131m y\u00f6netimi yapt\u0131\u011f\u0131 projelerde, y\u00fcksek verimlili\u011fi ve karl\u0131l\u0131\u011f\u0131 \u00f6n planda bulundurarak, m\u00fc\u015fterisine ve yat\u0131r\u0131mc\u0131lar\u0131na maksimum fayda yaratacak \u015fekilde karl\u0131l\u0131\u011f\u0131 y\u00fcksek ve \u00f6zellikli projelere odaklanmaktad\u0131r.<\/p><p style=\"font-weight: 400;\">\u015eirketlerin y\u00fcksek karl\u0131l\u0131k, d\u00fc\u015f\u00fck maliyet ve s\u00fcrd\u00fcr\u00fclebilir bir b\u00fcy\u00fcme sa\u011flayabilmeleri i\u00e7in stratejik kararlar\u0131nda kullanabilecekleri bilgiye gereksinimleri her ge\u00e7en g\u00fcn artmaktad\u0131r. Bunu sa\u011flaman\u0131n yolu g\u00fcvenilir, do\u011fru ve h\u0131zl\u0131 bilgiye ula\u015fmakt\u0131r. Biz, \u201c<strong>Karayel &amp; Partners<\/strong>\u201d olarak sizin yat\u0131r\u0131m kararlar\u0131n\u0131zda en g\u00fcvenilir ve sa\u011flam verileri size sunarak b\u00fcy\u00fcmenize destek oluyoruz.<\/p>\t\t\t\t\t\t\t\t<\/div>\n\t\t\t\t<\/div>\n\t\t\t\t<\/div>\n\t\t\t\t\t<\/div>\n\t\t\t\t<\/div>\n\t\t<div class=\"elementor-element elementor-element-5d110001 e-con-full e-flex e-con e-parent\" data-id=\"5d110001\" data-element_type=\"container\" data-e-type=\"container\">\n\t\t\t\t<div class=\"elementor-element elementor-element-53fbdf6f elementor-widget-divider--view-line elementor-widget elementor-widget-divider\" data-id=\"53fbdf6f\" data-element_type=\"widget\" data-e-type=\"widget\" data-widget_type=\"divider.default\">\n\t\t\t\t<div class=\"elementor-widget-container\">\n\t\t\t\t\t\t\t<div class=\"elementor-divider\">\n\t\t\t<span class=\"elementor-divider-separator\">\n\t\t\t\t\t\t<\/span>\n\t\t<\/div>\n\t\t\t\t\t\t<\/div>\n\t\t\t\t<\/div>\n\t\t\t\t<\/div>\n\t\t<div class=\"elementor-element elementor-element-40d60500 e-con-full e-flex e-con e-parent\" data-id=\"40d60500\" data-element_type=\"container\" data-e-type=\"container\">\n\t\t\t\t<div class=\"elementor-element elementor-element-2a3270f9 elementor-widget-divider--view-line elementor-widget elementor-widget-divider\" data-id=\"2a3270f9\" data-element_type=\"widget\" data-e-type=\"widget\" data-widget_type=\"divider.default\">\n\t\t\t\t<div class=\"elementor-widget-container\">\n\t\t\t\t\t\t\t<div class=\"elementor-divider\">\n\t\t\t<span class=\"elementor-divider-separator\">\n\t\t\t\t\t\t<\/span>\n\t\t<\/div>\n\t\t\t\t\t\t<\/div>\n\t\t\t\t<\/div>\n\t\t\t\t<\/div>\n\t\t<div class=\"elementor-element elementor-element-bf8f307 e-flex e-con-boxed e-con e-parent\" data-id=\"bf8f307\" data-element_type=\"container\" data-e-type=\"container\">\n\t\t\t\t\t<div class=\"e-con-inner\">\n\t\t<div class=\"elementor-element elementor-element-054252e e-con-full e-flex e-con e-child\" data-id=\"054252e\" data-element_type=\"container\" data-e-type=\"container\">\n\t\t\t\t<div class=\"elementor-element elementor-element-0d930c6 elementor-widget elementor-widget-image\" data-id=\"0d930c6\" data-element_type=\"widget\" data-e-type=\"widget\" data-widget_type=\"image.default\">\n\t\t\t\t<div class=\"elementor-widget-container\">\n\t\t\t\t\t\t\t\t\t\t\t\t\t\t\t<img decoding=\"async\" width=\"152\" height=\"131\" src=\"https:\/\/karayelpartners.com\/wp-content\/uploads\/2023\/05\/inder.png\" class=\"attachment-full size-full wp-image-1030\" alt=\"\" \/>\t\t\t\t\t\t\t\t\t\t\t\t\t\t\t<\/div>\n\t\t\t\t<\/div>\n\t\t\t\t<div class=\"elementor-element elementor-element-f739e02 elementor-widget elementor-widget-heading\" data-id=\"f739e02\" data-element_type=\"widget\" data-e-type=\"widget\" data-widget_type=\"heading.default\">\n\t\t\t\t<div class=\"elementor-widget-container\">\n\t\t\t\t\t<h2 class=\"elementor-heading-title elementor-size-default\">Y\u00f6netim Kurulu \u00dcyesi\n<\/h2>\t\t\t\t<\/div>\n\t\t\t\t<\/div>\n\t\t\t\t<\/div>\n\t\t<div class=\"elementor-element elementor-element-37261bb e-con-full e-flex e-con e-child\" data-id=\"37261bb\" data-element_type=\"container\" data-e-type=\"container\">\n\t\t\t\t<div class=\"elementor-element elementor-element-16e24fe elementor-widget elementor-widget-image\" data-id=\"16e24fe\" data-element_type=\"widget\" data-e-type=\"widget\" data-widget_type=\"image.default\">\n\t\t\t\t<div class=\"elementor-widget-container\">\n\t\t\t\t\t\t\t\t\t\t\t\t\t\t\t<img decoding=\"async\" width=\"152\" height=\"131\" src=\"https:\/\/karayelpartners.com\/wp-content\/uploads\/2023\/05\/gisp.png\" class=\"attachment-full size-full wp-image-1031\" alt=\"\" \/>\t\t\t\t\t\t\t\t\t\t\t\t\t\t\t<\/div>\n\t\t\t\t<\/div>\n\t\t\t\t<div class=\"elementor-element elementor-element-b534e09 elementor-widget elementor-widget-heading\" data-id=\"b534e09\" data-element_type=\"widget\" data-e-type=\"widget\" data-widget_type=\"heading.default\">\n\t\t\t\t<div class=\"elementor-widget-container\">\n\t\t\t\t\t<h2 class=\"elementor-heading-title elementor-size-default\">Kurucu \u00dcye ve Y\u00f6netim Kurulu \u00dcyesi<\/h2>\t\t\t\t<\/div>\n\t\t\t\t<\/div>\n\t\t\t\t<\/div>\n\t\t<div class=\"elementor-element elementor-element-17ee657 e-con-full e-flex e-con e-child\" data-id=\"17ee657\" data-element_type=\"container\" data-e-type=\"container\">\n\t\t\t\t<div class=\"elementor-element elementor-element-3946099 elementor-widget elementor-widget-image\" data-id=\"3946099\" data-element_type=\"widget\" data-e-type=\"widget\" data-widget_type=\"image.default\">\n\t\t\t\t<div class=\"elementor-widget-container\">\n\t\t\t\t\t\t\t\t\t\t\t\t\t\t\t<img loading=\"lazy\" decoding=\"async\" width=\"316\" height=\"79\" src=\"https:\/\/karayelpartners.com\/wp-content\/uploads\/2023\/06\/icc.png\" class=\"attachment-full size-full wp-image-4413\" alt=\"\" srcset=\"https:\/\/karayelpartners.com\/wp-content\/uploads\/2023\/06\/icc.png 316w, https:\/\/karayelpartners.com\/wp-content\/uploads\/2023\/06\/icc-300x75.png 300w\" sizes=\"(max-width: 316px) 100vw, 316px\" \/>\t\t\t\t\t\t\t\t\t\t\t\t\t\t\t<\/div>\n\t\t\t\t<\/div>\n\t\t\t\t<div class=\"elementor-element elementor-element-ab2a51b elementor-widget elementor-widget-heading\" data-id=\"ab2a51b\" data-element_type=\"widget\" data-e-type=\"widget\" data-widget_type=\"heading.default\">\n\t\t\t\t<div class=\"elementor-widget-container\">\n\t\t\t\t\t<h2 class=\"elementor-heading-title elementor-size-default\">Yat\u0131r\u0131m ve Ticaret Komitesi Kurucu \u00dcye ve Y\u00f6netim Kurulu \u00dcyesi<\/h2>\t\t\t\t<\/div>\n\t\t\t\t<\/div>\n\t\t\t\t<\/div>\n\t\t<div class=\"elementor-element elementor-element-e49aacf e-con-full e-flex e-con e-child\" data-id=\"e49aacf\" data-element_type=\"container\" data-e-type=\"container\">\n\t\t\t\t<div class=\"elementor-element elementor-element-4f060b6 elementor-widget elementor-widget-image\" data-id=\"4f060b6\" data-element_type=\"widget\" data-e-type=\"widget\" data-widget_type=\"image.default\">\n\t\t\t\t<div class=\"elementor-widget-container\">\n\t\t\t\t\t\t\t\t\t\t\t\t\t\t\t<img loading=\"lazy\" decoding=\"async\" width=\"211\" height=\"110\" src=\"https:\/\/karayelpartners.com\/wp-content\/uploads\/2023\/05\/gyoder.png\" class=\"attachment-full size-full wp-image-1033\" alt=\"\" \/>\t\t\t\t\t\t\t\t\t\t\t\t\t\t\t<\/div>\n\t\t\t\t<\/div>\n\t\t\t\t<div class=\"elementor-element elementor-element-e586c7c elementor-widget elementor-widget-heading\" data-id=\"e586c7c\" data-element_type=\"widget\" data-e-type=\"widget\" data-widget_type=\"heading.default\">\n\t\t\t\t<div class=\"elementor-widget-container\">\n\t\t\t\t\t<h2 class=\"elementor-heading-title elementor-size-default\">\u00dcye<\/h2>\t\t\t\t<\/div>\n\t\t\t\t<\/div>\n\t\t\t\t<\/div>\n\t\t<div class=\"elementor-element elementor-element-6057d06 e-con-full e-flex e-con e-child\" data-id=\"6057d06\" data-element_type=\"container\" data-e-type=\"container\">\n\t\t\t\t<div class=\"elementor-element elementor-element-1b9017b elementor-widget elementor-widget-image\" data-id=\"1b9017b\" data-element_type=\"widget\" data-e-type=\"widget\" data-widget_type=\"image.default\">\n\t\t\t\t<div class=\"elementor-widget-container\">\n\t\t\t\t\t\t\t\t\t\t\t\t\t\t\t<img loading=\"lazy\" decoding=\"async\" width=\"181\" height=\"98\" src=\"https:\/\/karayelpartners.com\/wp-content\/uploads\/2023\/05\/pmp.png\" class=\"attachment-full size-full wp-image-1032\" alt=\"\" \/>\t\t\t\t\t\t\t\t\t\t\t\t\t\t\t<\/div>\n\t\t\t\t<\/div>\n\t\t\t\t<div class=\"elementor-element elementor-element-761efc7 elementor-widget elementor-widget-heading\" data-id=\"761efc7\" data-element_type=\"widget\" data-e-type=\"widget\" data-widget_type=\"heading.default\">\n\t\t\t\t<div class=\"elementor-widget-container\">\n\t\t\t\t\t<h2 class=\"elementor-heading-title elementor-size-default\">Profesyonel Proje Y\u00f6netim Metodolojisi<\/h2>\t\t\t\t<\/div>\n\t\t\t\t<\/div>\n\t\t\t\t<\/div>\n\t\t\t\t\t<\/div>\n\t\t\t\t<\/div>\n\t\t<div class=\"elementor-element elementor-element-148b1ef e-flex e-con-boxed e-con e-parent\" data-id=\"148b1ef\" data-element_type=\"container\" data-e-type=\"container\" data-settings=\"{&quot;background_background&quot;:&quot;classic&quot;}\">\n\t\t\t\t\t<div class=\"e-con-inner\">\n\t\t<div class=\"elementor-element elementor-element-6cb5524 e-con-full e-flex e-con e-child\" data-id=\"6cb5524\" data-element_type=\"container\" data-e-type=\"container\">\n\t\t\t\t<div class=\"elementor-element elementor-element-d233ebf elementor-widget elementor-widget-heading\" data-id=\"d233ebf\" data-element_type=\"widget\" data-e-type=\"widget\" data-widget_type=\"heading.default\">\n\t\t\t\t<div class=\"elementor-widget-container\">\n\t\t\t\t\t<h2 class=\"elementor-heading-title elementor-size-default\">Karayel &amp; Partners<\/h2>\t\t\t\t<\/div>\n\t\t\t\t<\/div>\n\t\t\t\t<div class=\"elementor-element elementor-element-77f79a3 elementor-widget elementor-widget-heading\" data-id=\"77f79a3\" data-element_type=\"widget\" data-e-type=\"widget\" data-widget_type=\"heading.default\">\n\t\t\t\t<div class=\"elementor-widget-container\">\n\t\t\t\t\t<h2 class=\"elementor-heading-title elementor-size-default\">Y\u00f6netim Kurulu Ba\u015fkan\u0131 ve Kurucu<\/h2>\t\t\t\t<\/div>\n\t\t\t\t<\/div>\n\t\t\t\t<div class=\"elementor-element elementor-element-cb305cd elementor-widget-divider--view-line elementor-widget elementor-widget-divider\" data-id=\"cb305cd\" data-element_type=\"widget\" data-e-type=\"widget\" data-widget_type=\"divider.default\">\n\t\t\t\t<div class=\"elementor-widget-container\">\n\t\t\t\t\t\t\t<div class=\"elementor-divider\">\n\t\t\t<span class=\"elementor-divider-separator\">\n\t\t\t\t\t\t<\/span>\n\t\t<\/div>\n\t\t\t\t\t\t<\/div>\n\t\t\t\t<\/div>\n\t\t<div class=\"elementor-element elementor-element-25af005 e-con-full e-flex e-con e-child\" data-id=\"25af005\" data-element_type=\"container\" data-e-type=\"container\">\n\t\t<div class=\"elementor-element elementor-element-5719dde e-con-full e-flex e-con e-child\" data-id=\"5719dde\" data-element_type=\"container\" data-e-type=\"container\">\n\t\t\t\t<div class=\"elementor-element elementor-element-6b33f9d elementor-widget elementor-widget-heading\" data-id=\"6b33f9d\" data-element_type=\"widget\" data-e-type=\"widget\" data-widget_type=\"heading.default\">\n\t\t\t\t<div class=\"elementor-widget-container\">\n\t\t\t\t\t<h2 class=\"elementor-heading-title elementor-size-default\">Evrim <b>KARAYEL<\/b><\/h2>\t\t\t\t<\/div>\n\t\t\t\t<\/div>\n\t\t\t\t<div class=\"elementor-element elementor-element-426c49d elementor-widget elementor-widget-heading\" data-id=\"426c49d\" data-element_type=\"widget\" data-e-type=\"widget\" data-widget_type=\"heading.default\">\n\t\t\t\t<div class=\"elementor-widget-container\">\n\t\t\t\t\t<h2 class=\"elementor-heading-title elementor-size-default\">Y\u00f6netim Kurulu Ba\u015fkan\u0131 ve Kurucu\n\u0130n\u015faat M\u00fchendisi \u2013 MBA<\/h2>\t\t\t\t<\/div>\n\t\t\t\t<\/div>\n\t\t\t\t<\/div>\n\t\t\t\t<div class=\"elementor-element elementor-element-c9e06de elementor-widget elementor-widget-text-editor\" data-id=\"c9e06de\" data-element_type=\"widget\" data-e-type=\"widget\" data-widget_type=\"text-editor.default\">\n\t\t\t\t<div class=\"elementor-widget-container\">\n\t\t\t\t\t\t\t\t\t<ul><li>\u0130n\u015faat M\u00fchendisli\u011fi E\u011fitimi, MBA Y\u00fcksek Lisans, Uluslararas\u0131 Ticaret E\u011fitimi<\/li><li>25 Y\u0131ldan Daha Fazla Uluslararas\u0131 Yat\u0131r\u0131m ve Proje Y\u00f6netimi Tecr\u00fcbesi<\/li><li>Farkl\u0131 Co\u011frafyalarda Farkl\u0131 Sekt\u00f6rlerde Yat\u0131r\u0131m Yap\u0131m\u0131 Ve Geli\u015ftirilmesi Tecr\u00fcbeleri<\/li><li>40\u2019 Dan Fazla \u00dclkede Yat\u0131r\u0131m veya Ticari Faaliyet Y\u00f6netimi ; 60 \u2018Dan Fazla \u00dclkede Yat\u0131r\u0131m F\u0131rsat\u0131 \u0130ncelemesi<\/li><li>1500 ki\u015fiye ula\u015fan ekiplerin entegre y\u00f6netimi ve organizasyon kurulumu<\/li><li>800 Milyon US$ \u2018dan fazla de\u011fere sahip Projelerin Yat\u0131r\u0131m Y\u00f6netimi ve Genel M\u00fcd\u00fcrl\u00fck<\/li><li>1,5 Milyar US$ \u2018l\u0131k Uluslararas\u0131 Yat\u0131r\u0131m f\u0131rsat\u0131 incelemesi ve sat\u0131n alma f\u0131rsatlar\u0131 analizleri<\/li><\/ul>\t\t\t\t\t\t\t\t<\/div>\n\t\t\t\t<\/div>\n\t\t\t\t<\/div>\n\t\t\t\t<\/div>\n\t\t\t\t\t<\/div>\n\t\t\t\t<\/div>\n\t\t\t\t<\/div>\n\t\t","protected":false},"excerpt":{"rendered":"<p>Karayel &#038; Partners Biz Kimiz Karayel &amp; Partners bir\u00e7ok \u00fclkede geni\u015f uluslararas\u0131 ba\u011flant\u0131lar\u0131 olan, uluslararas\u0131 yat\u0131r\u0131m geli\u015ftirme ve yat\u0131r\u0131m y\u00f6netimi \u00fczerine dan\u0131\u015fmanl\u0131k veren \u00e7ok payda\u015fl\u0131 bir dan\u0131\u015fmanl\u0131k \u015firketidir. Sa\u011flam deneyim, bilgi altyap\u0131s\u0131 ve profesyonel ikili ili\u015fkiler \u00fczerine kurulu olan geni\u015f hizmet yelpazesini, yenilik\u00e7i ve dinamik \u015firket yap\u0131s\u0131yla birle\u015ftiren Karayel &amp; Partners,\u00a0m\u00fc\u015fterilerine s\u00fcrd\u00fcr\u00fclebilir katma de\u011fer ortaya [&hellip;]<\/p>\n","protected":false},"author":3,"featured_media":0,"parent":0,"menu_order":0,"comment_status":"closed","ping_status":"closed","template":"elementor_header_footer","meta":{"iawp_total_views":118,"footnotes":""},"class_list":["post-5397","page","type-page","status-publish","hentry"],"_links":{"self":[{"href":"https:\/\/karayelpartners.com\/tr_tr\/wp-json\/wp\/v2\/pages\/5397","targetHints":{"allow":["GET"]}}],"collection":[{"href":"https:\/\/karayelpartners.com\/tr_tr\/wp-json\/wp\/v2\/pages"}],"about":[{"href":"https:\/\/karayelpartners.com\/tr_tr\/wp-json\/wp\/v2\/types\/page"}],"author":[{"embeddable":true,"href":"https:\/\/karayelpartners.com\/tr_tr\/wp-json\/wp\/v2\/users\/3"}],"replies":[{"embeddable":true,"href":"https:\/\/karayelpartners.com\/tr_tr\/wp-json\/wp\/v2\/comments?post=5397"}],"version-history":[{"count":0,"href":"https:\/\/karayelpartners.com\/tr_tr\/wp-json\/wp\/v2\/pages\/5397\/revisions"}],"wp:attachment":[{"href":"https:\/\/karayelpartners.com\/tr_tr\/wp-json\/wp\/v2\/media?parent=5397"}],"curies":[{"name":"wp","href":"https:\/\/api.w.org\/{rel}","templated":true}]}}