{"id":2565,"date":"2023-05-16T10:18:58","date_gmt":"2023-05-16T10:18:58","guid":{"rendered":"https:\/\/karayelpartners.com\/?page_id=2565"},"modified":"2023-11-07T15:32:32","modified_gmt":"2023-11-07T15:32:32","slug":"lapishan-business-center","status":"publish","type":"page","link":"https:\/\/karayelpartners.com\/tr_tr\/projeler-ulkeleri\/is-merkezi\/lapishan-business-center\/","title":{"rendered":"Lapishan Business Center"},"content":{"rendered":"\t\t<div data-elementor-type=\"wp-page\" data-elementor-id=\"2565\" class=\"elementor elementor-2565\" data-elementor-post-type=\"page\">\n\t\t\t\t<div class=\"elementor-element elementor-element-e556788 e-flex e-con-boxed e-con e-parent\" data-id=\"e556788\" data-element_type=\"container\" data-e-type=\"container\">\n\t\t\t\t\t<div class=\"e-con-inner\">\n\t\t<div class=\"elementor-element elementor-element-b9d20f6 e-con-full e-flex e-con e-child\" data-id=\"b9d20f6\" data-element_type=\"container\" data-e-type=\"container\">\n\t\t\t\t<div class=\"elementor-element elementor-element-1ad9c03 elementor-widget elementor-widget-google_maps\" data-id=\"1ad9c03\" data-element_type=\"widget\" data-e-type=\"widget\" data-widget_type=\"google_maps.default\">\n\t\t\t\t<div class=\"elementor-widget-container\">\n\t\t\t\t\t\t\t<div class=\"elementor-custom-embed\">\n\t\t\t<iframe loading=\"lazy\"\n\t\t\t\t\tsrc=\"https:\/\/maps.google.com\/maps?q=Esentepe%2C%20D-100%20G%C3%BCney%20Yanyolu%20No%3A25%2C%2034870%2C%2034870%20Kartal%2F%C4%B0stanbul&#038;t=m&#038;z=18&#038;output=embed&#038;iwloc=near\"\n\t\t\t\t\ttitle=\"Esentepe, D-100 G\u00fcney Yanyolu No:25, 34870, 34870 Kartal\/\u0130stanbul\"\n\t\t\t\t\taria-label=\"Esentepe, D-100 G\u00fcney Yanyolu No:25, 34870, 34870 Kartal\/\u0130stanbul\"\n\t\t\t><\/iframe>\n\t\t<\/div>\n\t\t\t\t\t\t<\/div>\n\t\t\t\t<\/div>\n\t\t\t\t<\/div>\n\t\t<div class=\"elementor-element elementor-element-d8a107a e-con-full e-flex e-con e-child\" data-id=\"d8a107a\" data-element_type=\"container\" data-e-type=\"container\">\n\t\t\t\t<div class=\"elementor-element elementor-element-d5f6a94 elementor-widget elementor-widget-heading\" data-id=\"d5f6a94\" data-element_type=\"widget\" data-e-type=\"widget\" data-widget_type=\"heading.default\">\n\t\t\t\t<div class=\"elementor-widget-container\">\n\t\t\t\t\t<h2 class=\"elementor-heading-title elementor-size-default\">T\u00fcrkiye<div>Lapishan Business Center\n<\/div><\/h2>\t\t\t\t<\/div>\n\t\t\t\t<\/div>\n\t\t\t\t<\/div>\n\t\t<div class=\"elementor-element elementor-element-2153f05 e-con-full e-flex e-con e-child\" data-id=\"2153f05\" data-element_type=\"container\" data-e-type=\"container\">\n\t\t\t\t<div class=\"elementor-element elementor-element-afd352d elementor-widget__width-initial elementor-widget elementor-widget-text-editor\" data-id=\"afd352d\" data-element_type=\"widget\" data-e-type=\"widget\" data-widget_type=\"text-editor.default\">\n\t\t\t\t<div class=\"elementor-widget-container\">\n\t\t\t\t\t\t\t\t\t<p><strong>Karayel &amp; Partners<\/strong>, 2014 y\u0131l\u0131nda T\u00fcrkiye &#8211; \u0130stanbul&#8217;da &#8216;Lapishan \u0130\u015f Merkezi&#8217;nde 31.000 m\u00b2 alanda 205 birim i\u00e7in yat\u0131r\u0131m y\u00f6netimi hizmeti vermi\u015ftir.<\/p>\t\t\t\t\t\t\t\t<\/div>\n\t\t\t\t<\/div>\n\t\t\t\t<\/div>\n\t\t<div class=\"elementor-element elementor-element-ba13380 e-con-full e-flex e-con e-child\" data-id=\"ba13380\" data-element_type=\"container\" data-e-type=\"container\">\n\t\t\t\t<div class=\"elementor-element elementor-element-6643579 elementor-widget elementor-widget-image\" data-id=\"6643579\" data-element_type=\"widget\" data-e-type=\"widget\" data-widget_type=\"image.default\">\n\t\t\t\t<div class=\"elementor-widget-container\">\n\t\t\t\t\t\t\t\t\t\t\t\t\t\t\t<img fetchpriority=\"high\" decoding=\"async\" width=\"370\" height=\"320\" src=\"https:\/\/karayelpartners.com\/wp-content\/uploads\/2023\/07\/Lapishan-Business-Center-1.png\" class=\"attachment-full size-full wp-image-6215\" alt=\"\" srcset=\"https:\/\/karayelpartners.com\/wp-content\/uploads\/2023\/07\/Lapishan-Business-Center-1.png 370w, https:\/\/karayelpartners.com\/wp-content\/uploads\/2023\/07\/Lapishan-Business-Center-1-300x259.png 300w\" sizes=\"(max-width: 370px) 100vw, 370px\" \/>\t\t\t\t\t\t\t\t\t\t\t\t\t\t\t<\/div>\n\t\t\t\t<\/div>\n\t\t\t\t<\/div>\n\t\t<div class=\"elementor-element elementor-element-80fdaaf e-con-full e-flex e-con e-child\" data-id=\"80fdaaf\" data-element_type=\"container\" data-e-type=\"container\">\n\t\t\t\t<div class=\"elementor-element elementor-element-12148af elementor-widget elementor-widget-image\" data-id=\"12148af\" data-element_type=\"widget\" data-e-type=\"widget\" data-widget_type=\"image.default\">\n\t\t\t\t<div class=\"elementor-widget-container\">\n\t\t\t\t\t\t\t\t\t\t\t\t\t\t\t<img decoding=\"async\" width=\"370\" height=\"320\" src=\"https:\/\/karayelpartners.com\/wp-content\/uploads\/2023\/07\/Lapishan-Business-Center-2.png\" class=\"attachment-full size-full wp-image-6218\" alt=\"\" srcset=\"https:\/\/karayelpartners.com\/wp-content\/uploads\/2023\/07\/Lapishan-Business-Center-2.png 370w, https:\/\/karayelpartners.com\/wp-content\/uploads\/2023\/07\/Lapishan-Business-Center-2-300x259.png 300w\" sizes=\"(max-width: 370px) 100vw, 370px\" \/>\t\t\t\t\t\t\t\t\t\t\t\t\t\t\t<\/div>\n\t\t\t\t<\/div>\n\t\t\t\t<\/div>\n\t\t<div class=\"elementor-element elementor-element-b96b29f e-con-full e-flex e-con e-child\" data-id=\"b96b29f\" data-element_type=\"container\" data-e-type=\"container\">\n\t\t\t\t<div class=\"elementor-element elementor-element-b4ed399 elementor-widget elementor-widget-image\" data-id=\"b4ed399\" data-element_type=\"widget\" data-e-type=\"widget\" data-widget_type=\"image.default\">\n\t\t\t\t<div class=\"elementor-widget-container\">\n\t\t\t\t\t\t\t\t\t\t\t\t\t\t\t<img decoding=\"async\" width=\"370\" height=\"320\" src=\"https:\/\/karayelpartners.com\/wp-content\/uploads\/2023\/07\/Lapishan-Business-Center-4.png\" class=\"attachment-full size-full wp-image-6217\" alt=\"\" srcset=\"https:\/\/karayelpartners.com\/wp-content\/uploads\/2023\/07\/Lapishan-Business-Center-4.png 370w, https:\/\/karayelpartners.com\/wp-content\/uploads\/2023\/07\/Lapishan-Business-Center-4-300x259.png 300w\" sizes=\"(max-width: 370px) 100vw, 370px\" \/>\t\t\t\t\t\t\t\t\t\t\t\t\t\t\t<\/div>\n\t\t\t\t<\/div>\n\t\t\t\t<\/div>\n\t\t<div class=\"elementor-element elementor-element-b2df776 e-con-full e-flex e-con e-child\" data-id=\"b2df776\" data-element_type=\"container\" data-e-type=\"container\">\n\t\t\t\t<div class=\"elementor-element elementor-element-e91b231 elementor-widget elementor-widget-image\" data-id=\"e91b231\" data-element_type=\"widget\" data-e-type=\"widget\" data-widget_type=\"image.default\">\n\t\t\t\t<div class=\"elementor-widget-container\">\n\t\t\t\t\t\t\t\t\t\t\t\t\t\t\t<img loading=\"lazy\" decoding=\"async\" width=\"1170\" height=\"700\" src=\"https:\/\/karayelpartners.com\/wp-content\/uploads\/2023\/07\/Lapishan-Business-Center-5.png\" class=\"attachment-full size-full wp-image-6216\" alt=\"\" srcset=\"https:\/\/karayelpartners.com\/wp-content\/uploads\/2023\/07\/Lapishan-Business-Center-5.png 1170w, https:\/\/karayelpartners.com\/wp-content\/uploads\/2023\/07\/Lapishan-Business-Center-5-300x179.png 300w, https:\/\/karayelpartners.com\/wp-content\/uploads\/2023\/07\/Lapishan-Business-Center-5-1024x613.png 1024w, https:\/\/karayelpartners.com\/wp-content\/uploads\/2023\/07\/Lapishan-Business-Center-5-768x459.png 768w\" sizes=\"(max-width: 1170px) 100vw, 1170px\" \/>\t\t\t\t\t\t\t\t\t\t\t\t\t\t\t<\/div>\n\t\t\t\t<\/div>\n\t\t\t\t<\/div>\n\t\t\t\t\t<\/div>\n\t\t\t\t<\/div>\n\t\t<div class=\"elementor-element elementor-element-0934441 e-flex e-con-boxed e-con e-parent\" data-id=\"0934441\" data-element_type=\"container\" data-e-type=\"container\" data-settings=\"{&quot;background_background&quot;:&quot;classic&quot;}\">\n\t\t\t\t\t<div class=\"e-con-inner\">\n\t\t<div class=\"elementor-element elementor-element-2ed7bf8 e-con-full e-flex e-con e-child\" data-id=\"2ed7bf8\" data-element_type=\"container\" data-e-type=\"container\">\n\t\t\t\t<div class=\"elementor-element elementor-element-352716a elementor-widget elementor-widget-image\" data-id=\"352716a\" data-element_type=\"widget\" data-e-type=\"widget\" data-widget_type=\"image.default\">\n\t\t\t\t<div class=\"elementor-widget-container\">\n\t\t\t\t\t\t\t\t\t\t\t\t\t\t\t<img loading=\"lazy\" decoding=\"async\" width=\"1080\" height=\"1080\" src=\"https:\/\/karayelpartners.com\/wp-content\/uploads\/2023\/05\/insaat-ve-muhendislik.gif\" class=\"attachment-full size-full wp-image-3269\" alt=\"\" \/>\t\t\t\t\t\t\t\t\t\t\t\t\t\t\t<\/div>\n\t\t\t\t<\/div>\n\t\t\t\t<\/div>\n\t\t<div class=\"elementor-element elementor-element-d7e1a27 e-con-full e-flex e-con e-child\" data-id=\"d7e1a27\" data-element_type=\"container\" data-e-type=\"container\">\n\t\t\t\t<div class=\"elementor-element elementor-element-00c09f9 elementor-widget elementor-widget-heading\" data-id=\"00c09f9\" data-element_type=\"widget\" data-e-type=\"widget\" data-widget_type=\"heading.default\">\n\t\t\t\t<div class=\"elementor-widget-container\">\n\t\t\t\t\t<h2 class=\"elementor-heading-title elementor-size-default\">\u0130n\u015faat Projelerinizde \u0130novasyon ve Kalite<\/h2>\t\t\t\t<\/div>\n\t\t\t\t<\/div>\n\t\t\t\t<div class=\"elementor-element elementor-element-ae6f981 elementor-widget elementor-widget-text-editor\" data-id=\"ae6f981\" data-element_type=\"widget\" data-e-type=\"widget\" data-widget_type=\"text-editor.default\">\n\t\t\t\t<div class=\"elementor-widget-container\">\n\t\t\t\t\t\t\t\t\t<p>\u0130n\u015faat projelerinizde kalite ve yenilik\u00e7ilik ar\u0131yorsan\u0131z, uzman ekibimiz sizinle birlikte \u00e7al\u0131\u015fmaya haz\u0131r. Projelerinizi en y\u00fcksek standartlarda tamamlamak i\u00e7in bizimle ileti\u015fime ge\u00e7in.<\/p>\t\t\t\t\t\t\t\t<\/div>\n\t\t\t\t<\/div>\n\t\t\t\t<\/div>\n\t\t\t\t\t<\/div>\n\t\t\t\t<\/div>\n\t\t<div class=\"elementor-element elementor-element-7db9807 e-flex e-con-boxed e-con e-parent\" data-id=\"7db9807\" data-element_type=\"container\" data-e-type=\"container\" data-settings=\"{&quot;background_background&quot;:&quot;classic&quot;}\">\n\t\t\t\t\t<div class=\"e-con-inner\">\n\t\t<div class=\"elementor-element elementor-element-e9e5a51 e-con-full e-flex e-con e-child\" data-id=\"e9e5a51\" data-element_type=\"container\" data-e-type=\"container\">\n\t\t\t\t<div class=\"elementor-element elementor-element-3408f0e elementor-button-align-stretch elementor-widget elementor-widget-form\" data-id=\"3408f0e\" data-element_type=\"widget\" data-e-type=\"widget\" data-settings=\"{&quot;step_next_label&quot;:&quot;Next&quot;,&quot;step_previous_label&quot;:&quot;Previous&quot;,&quot;button_width&quot;:&quot;100&quot;,&quot;step_type&quot;:&quot;number_text&quot;,&quot;step_icon_shape&quot;:&quot;circle&quot;}\" data-widget_type=\"form.default\">\n\t\t\t\t<div class=\"elementor-widget-container\">\n\t\t\t\t\t\t\t<form class=\"elementor-form\" method=\"post\" name=\"G\u00f6r\u00fc\u015fme Planla Form\" aria-label=\"G\u00f6r\u00fc\u015fme Planla Form\">\n\t\t\t<input type=\"hidden\" name=\"post_id\" value=\"2565\"\/>\n\t\t\t<input type=\"hidden\" name=\"form_id\" value=\"3408f0e\"\/>\n\t\t\t<input type=\"hidden\" name=\"referer_title\" value=\"Lapishan Business Center\" \/>\n\n\t\t\t\t\t\t\t<input type=\"hidden\" name=\"queried_id\" value=\"2565\"\/>\n\t\t\t\n\t\t\t<div class=\"elementor-form-fields-wrapper elementor-labels-above\">\n\t\t\t\t\t\t\t\t<div class=\"elementor-field-type-text elementor-field-group elementor-column elementor-field-group-name elementor-col-50 elementor-field-required elementor-mark-required\">\n\t\t\t\t\t\t\t\t\t\t\t\t<label for=\"form-field-name\" class=\"elementor-field-label\">\n\t\t\t\t\t\t\t\t\u0130sim\t\t\t\t\t\t\t<\/label>\n\t\t\t\t\t\t\t\t\t\t\t\t\t\t<input size=\"1\" type=\"text\" name=\"form_fields[name]\" id=\"form-field-name\" class=\"elementor-field elementor-size-sm  elementor-field-textual\" required=\"required\">\n\t\t\t\t\t\t\t\t\t\t\t<\/div>\n\t\t\t\t\t\t\t\t<div class=\"elementor-field-type-email elementor-field-group elementor-column elementor-field-group-field_8bd9833 elementor-col-50 elementor-field-required elementor-mark-required\">\n\t\t\t\t\t\t\t\t\t\t\t\t<label for=\"form-field-field_8bd9833\" class=\"elementor-field-label\">\n\t\t\t\t\t\t\t\tEposta\t\t\t\t\t\t\t<\/label>\n\t\t\t\t\t\t\t\t\t\t\t\t\t\t<input size=\"1\" type=\"email\" name=\"form_fields[field_8bd9833]\" id=\"form-field-field_8bd9833\" class=\"elementor-field elementor-size-sm  elementor-field-textual\" required=\"required\">\n\t\t\t\t\t\t\t\t\t\t\t<\/div>\n\t\t\t\t\t\t\t\t<div class=\"elementor-field-type-textarea elementor-field-group elementor-column elementor-field-group-field_5d63c91 elementor-col-50 elementor-field-required elementor-mark-required\">\n\t\t\t\t\t\t\t\t\t\t\t\t<label for=\"form-field-field_5d63c91\" class=\"elementor-field-label\">\n\t\t\t\t\t\t\t\tGelecek Perspektifiniz Nedir?\t\t\t\t\t\t\t<\/label>\n\t\t\t\t\t\t<textarea class=\"elementor-field-textual elementor-field  elementor-size-sm\" name=\"form_fields[field_5d63c91]\" id=\"form-field-field_5d63c91\" rows=\"3\" required=\"required\"><\/textarea>\t\t\t\t<\/div>\n\t\t\t\t\t\t\t\t<div class=\"elementor-field-type-textarea elementor-field-group elementor-column elementor-field-group-field_e854b93 elementor-col-50 elementor-field-required elementor-mark-required\">\n\t\t\t\t\t\t\t\t\t\t\t\t<label for=\"form-field-field_e854b93\" class=\"elementor-field-label\">\n\t\t\t\t\t\t\t\t\u015eirketinizdeki \u00c7al\u0131\u015fan Say\u0131s\u0131n\u0131 Belirtir Misiniz?\t\t\t\t\t\t\t<\/label>\n\t\t\t\t\t\t<textarea class=\"elementor-field-textual elementor-field  elementor-size-sm\" name=\"form_fields[field_e854b93]\" id=\"form-field-field_e854b93\" rows=\"3\" required=\"required\"><\/textarea>\t\t\t\t<\/div>\n\t\t\t\t\t\t\t\t<div class=\"elementor-field-type-textarea elementor-field-group elementor-column elementor-field-group-field_006c226 elementor-col-50 elementor-field-required elementor-mark-required\">\n\t\t\t\t\t\t\t\t\t\t\t\t<label for=\"form-field-field_006c226\" class=\"elementor-field-label\">\n\t\t\t\t\t\t\t\t\u015eirketlerin Faaliyet Alanlar\u0131 Nelerdir?\t\t\t\t\t\t\t<\/label>\n\t\t\t\t\t\t<textarea class=\"elementor-field-textual elementor-field  elementor-size-sm\" name=\"form_fields[field_006c226]\" id=\"form-field-field_006c226\" rows=\"3\" required=\"required\"><\/textarea>\t\t\t\t<\/div>\n\t\t\t\t\t\t\t\t<div class=\"elementor-field-group elementor-column elementor-field-type-submit elementor-col-100 e-form__buttons\">\n\t\t\t\t\t<button class=\"elementor-button elementor-size-sm\" type=\"submit\">\n\t\t\t\t\t\t<span class=\"elementor-button-content-wrapper\">\n\t\t\t\t\t\t\t\t\t\t\t\t\t\t\t\t\t\t\t\t\t\t<span class=\"elementor-button-text\">G\u00f6r\u00fc\u015fme Planla<\/span>\n\t\t\t\t\t\t\t\t\t\t\t\t\t<\/span>\n\t\t\t\t\t<\/button>\n\t\t\t\t<\/div>\n\t\t\t<\/div>\n\t\t<\/form>\n\t\t\t\t\t\t<\/div>\n\t\t\t\t<\/div>\n\t\t\t\t<\/div>\n\t\t\t\t\t<\/div>\n\t\t\t\t<\/div>\n\t\t\t\t<\/div>\n\t\t","protected":false},"excerpt":{"rendered":"<p>T\u00fcrkiyeLapishan Business Center Karayel &amp; Partners, 2014 y\u0131l\u0131nda T\u00fcrkiye &#8211; \u0130stanbul&#8217;da &#8216;Lapishan \u0130\u015f Merkezi&#8217;nde 31.000 m\u00b2 alanda 205 birim i\u00e7in yat\u0131r\u0131m y\u00f6netimi hizmeti vermi\u015ftir. \u0130n\u015faat Projelerinizde \u0130novasyon ve Kalite \u0130n\u015faat projelerinizde kalite ve yenilik\u00e7ilik ar\u0131yorsan\u0131z, uzman ekibimiz sizinle birlikte \u00e7al\u0131\u015fmaya haz\u0131r. Projelerinizi en y\u00fcksek standartlarda tamamlamak i\u00e7in bizimle ileti\u015fime ge\u00e7in.<\/p>\n","protected":false},"author":3,"featured_media":0,"parent":3752,"menu_order":4,"comment_status":"closed","ping_status":"closed","template":"elementor_header_footer","meta":{"iawp_total_views":38,"footnotes":""},"class_list":["post-2565","page","type-page","status-publish","hentry"],"_links":{"self":[{"href":"https:\/\/karayelpartners.com\/tr_tr\/wp-json\/wp\/v2\/pages\/2565","targetHints":{"allow":["GET"]}}],"collection":[{"href":"https:\/\/karayelpartners.com\/tr_tr\/wp-json\/wp\/v2\/pages"}],"about":[{"href":"https:\/\/karayelpartners.com\/tr_tr\/wp-json\/wp\/v2\/types\/page"}],"author":[{"embeddable":true,"href":"https:\/\/karayelpartners.com\/tr_tr\/wp-json\/wp\/v2\/users\/3"}],"replies":[{"embeddable":true,"href":"https:\/\/karayelpartners.com\/tr_tr\/wp-json\/wp\/v2\/comments?post=2565"}],"version-history":[{"count":0,"href":"https:\/\/karayelpartners.com\/tr_tr\/wp-json\/wp\/v2\/pages\/2565\/revisions"}],"up":[{"embeddable":true,"href":"https:\/\/karayelpartners.com\/tr_tr\/wp-json\/wp\/v2\/pages\/3752"}],"wp:attachment":[{"href":"https:\/\/karayelpartners.com\/tr_tr\/wp-json\/wp\/v2\/media?parent=2565"}],"curies":[{"name":"wp","href":"https:\/\/api.w.org\/{rel}","templated":true}]}}