{"id":2323,"date":"2023-05-16T06:45:59","date_gmt":"2023-05-16T06:45:59","guid":{"rendered":"https:\/\/karayelpartners.com\/?page_id=2323"},"modified":"2023-11-07T15:32:29","modified_gmt":"2023-11-07T15:32:29","slug":"varlik-yonetimi","status":"publish","type":"page","link":"https:\/\/karayelpartners.com\/tr_tr\/hizmetler\/varlik-yonetimi\/","title":{"rendered":"Varl\u0131k Y\u00f6netimi"},"content":{"rendered":"\t\t<div data-elementor-type=\"wp-page\" data-elementor-id=\"2323\" class=\"elementor elementor-2323\" data-elementor-post-type=\"page\">\n\t\t\t\t<div class=\"elementor-element elementor-element-6766635 e-flex e-con-boxed e-con e-parent\" data-id=\"6766635\" data-element_type=\"container\" data-e-type=\"container\">\n\t\t\t\t\t<div class=\"e-con-inner\">\n\t\t\t\t<div class=\"elementor-element elementor-element-4d26c85 elementor-widget elementor-widget-heading\" data-id=\"4d26c85\" data-element_type=\"widget\" data-e-type=\"widget\" data-widget_type=\"heading.default\">\n\t\t\t\t<div class=\"elementor-widget-container\">\n\t\t\t\t\t<h2 class=\"elementor-heading-title elementor-size-default\">Varl\u0131k Y\u00f6netimi<\/h2>\t\t\t\t<\/div>\n\t\t\t\t<\/div>\n\t\t\t\t\t<\/div>\n\t\t\t\t<\/div>\n\t\t<div class=\"elementor-element elementor-element-a2edf33 e-flex e-con-boxed e-con e-parent\" data-id=\"a2edf33\" data-element_type=\"container\" data-e-type=\"container\">\n\t\t\t\t\t<div class=\"e-con-inner\">\n\t\t\t\t<div class=\"elementor-element elementor-element-472fcf3 elementor-widget elementor-widget-text-editor\" data-id=\"472fcf3\" data-element_type=\"widget\" data-e-type=\"widget\" data-widget_type=\"text-editor.default\">\n\t\t\t\t<div class=\"elementor-widget-container\">\n\t\t\t\t\t\t\t\t\t<p style=\"font-weight: 400;\">H\u0131zla b\u00fcy\u00fcyen varl\u0131k ve servet y\u00f6netimi sekt\u00f6r\u00fcnde risk y\u00f6netimi, uyum, , reg\u00fclasyon ,raporlama ve vergileme giderek daha s\u0131k\u0131 kurallara ba\u011flan\u0131yor ve daha karma\u015f\u0131k hale geliyor. Yat\u0131r\u0131mc\u0131lar\u0131n alternatif varl\u0131k s\u0131n\u0131flar\u0131na ve yat\u0131r\u0131m ara\u00e7lar\u0131na, portf\u00f6ylerinin profesyonel olarak y\u00f6netilmesine, riskin da\u011f\u0131t\u0131lmas\u0131 esas\u0131na dayanan kolektif yat\u0131r\u0131m ara\u00e7lar\u0131na ihtiya\u00e7 ve ilgisi art\u0131yor. Sekt\u00f6r tecr\u00fcbesine sahip uzman Varl\u0131k Y\u00f6netimi Sat\u0131\u015f M\u00fcd\u00fcrlerimiz, \u201cM\u00fc\u015fteri Davran\u0131\u015f Analizi\u201d yakla\u015f\u0131m\u0131yla, Varl\u0131k Y\u00f6netimi m\u00fc\u015fterilerinin ihtiya\u00e7 ve beklentilerini, yat\u0131r\u0131m davran\u0131\u015flar\u0131 ve risk tercihlerini, ilgi alanlar\u0131n\u0131 detayl\u0131 olarak analiz ediyor. Sadece bireyi de\u011fil, ailesini, \u015firketini, hatta \u015firket \u00e7al\u0131\u015fanlar\u0131n\u0131 da kapsayacak \u015fekilde \u00f6zel analizler yapan uzman kadromuz, Varl\u0131k Y\u00f6netim Hizmeti m\u00fc\u015fterilerine \u00f6zel olarak geli\u015ftirebilece\u011fi \u00e7\u00f6z\u00fcmleri belirleyerek konunun uzmanlar\u0131yla m\u00fc\u015fterisini bulu\u015fturuyor. M\u00fc\u015fterilerimizle birlikte y\u00fcr\u00fctt\u00fc\u011f\u00fcm\u00fcz t\u00fcm konular\u0131n takibi Varl\u0131k Y\u00f6netimi Sat\u0131\u015f M\u00fcd\u00fcrleri taraf\u0131ndan ger\u00e7ekle\u015ftiriliyor.Biz <strong>\u201cKarayel &amp; Partners\u201d<\/strong> olarak \u00e7e\u015fitli yat\u0131r\u0131m yap\u0131lar\u0131n\u0131n ve fonlar\u0131n\u0131n kurulmas\u0131na, s\u00fcre\u00e7lerin ve raporlama altyap\u0131s\u0131n\u0131n olu\u015fturulmas\u0131na kadar t\u00fcm boyutlarda m\u00fc\u015fterilerimizin gelece\u011fine destek veriyoruz.<\/p>\t\t\t\t\t\t\t\t<\/div>\n\t\t\t\t<\/div>\n\t\t\t\t<div class=\"elementor-element elementor-element-d3062c5 elementor-widget elementor-widget-text-editor\" data-id=\"d3062c5\" data-element_type=\"widget\" data-e-type=\"widget\" data-widget_type=\"text-editor.default\">\n\t\t\t\t<div class=\"elementor-widget-container\">\n\t\t\t\t\t\t\t\t\t<ul><li>G\u00fc\u00e7l\u00fc m\u00fc\u015fteri ili\u015fkisi ve beklentilerin analizi<\/li><li>M\u00fc\u015fteri Analizi<\/li><li>M\u00fc\u015fteri Yat\u0131r\u0131m davran\u0131\u015flar\u0131n\u0131 Belirleme<\/li><li>M\u00fc\u015fteri Risk Tercihlerini belirleme<\/li><li>M\u00fc\u015fterilerin takibi ve g\u00fcncel \u00fcr\u00fcnlerle yenilikler sunmak<\/li><li>\u00c7e\u015fitli yat\u0131r\u0131m \u00fcr\u00fcnleriyle varl\u0131klar\u0131n\u0131n y\u00f6netimlerine destek olunmas\u0131<\/li><li>Ya\u015fam D\u00f6ng\u00fcs\u00fc Maliyetlerinin Belirlenmesi<\/li><li>Uzun Vadeli Finansal Planlaman\u0131n yap\u0131lmas\u0131<\/li><li>Varl\u0131k envanter tablosun haz\u0131rlanmas\u0131<\/li><li>Amortisman oranlar\u0131n\u0131n do\u011frulu\u011funu garantin edilmesi<\/li><\/ul>\t\t\t\t\t\t\t\t<\/div>\n\t\t\t\t<\/div>\n\t\t<div class=\"elementor-element elementor-element-bc9d491 e-flex e-con-boxed e-con e-child\" data-id=\"bc9d491\" data-element_type=\"container\" data-e-type=\"container\">\n\t\t\t\t\t<div class=\"e-con-inner\">\n\t\t\t\t<div class=\"elementor-element elementor-element-150eb88 elementor-widget elementor-widget-image\" data-id=\"150eb88\" data-element_type=\"widget\" data-e-type=\"widget\" data-widget_type=\"image.default\">\n\t\t\t\t<div class=\"elementor-widget-container\">\n\t\t\t\t\t\t\t\t\t\t\t\t\t\t\t<img fetchpriority=\"high\" decoding=\"async\" width=\"1170\" height=\"500\" src=\"https:\/\/karayelpartners.com\/wp-content\/uploads\/2023\/07\/Varlik-Yonetimi-.png\" class=\"attachment-full size-full wp-image-5662\" alt=\"\" srcset=\"https:\/\/karayelpartners.com\/wp-content\/uploads\/2023\/07\/Varlik-Yonetimi-.png 1170w, https:\/\/karayelpartners.com\/wp-content\/uploads\/2023\/07\/Varlik-Yonetimi--300x128.png 300w, https:\/\/karayelpartners.com\/wp-content\/uploads\/2023\/07\/Varlik-Yonetimi--1024x438.png 1024w, https:\/\/karayelpartners.com\/wp-content\/uploads\/2023\/07\/Varlik-Yonetimi--768x328.png 768w\" sizes=\"(max-width: 1170px) 100vw, 1170px\" \/>\t\t\t\t\t\t\t\t\t\t\t\t\t\t\t<\/div>\n\t\t\t\t<\/div>\n\t\t\t\t\t<\/div>\n\t\t\t\t<\/div>\n\t\t\t\t\t<\/div>\n\t\t\t\t<\/div>\n\t\t<div class=\"elementor-element elementor-element-6d2cb52 e-flex e-con-boxed e-con e-parent\" data-id=\"6d2cb52\" data-element_type=\"container\" data-e-type=\"container\" data-settings=\"{&quot;background_background&quot;:&quot;classic&quot;}\">\n\t\t\t\t\t<div class=\"e-con-inner\">\n\t\t<div class=\"elementor-element elementor-element-e2636fc e-con-full e-flex e-con e-child\" data-id=\"e2636fc\" data-element_type=\"container\" data-e-type=\"container\">\n\t\t\t\t<div class=\"elementor-element elementor-element-e94c3e7 elementor-widget elementor-widget-image\" data-id=\"e94c3e7\" data-element_type=\"widget\" data-e-type=\"widget\" data-widget_type=\"image.default\">\n\t\t\t\t<div class=\"elementor-widget-container\">\n\t\t\t\t\t\t\t\t\t\t\t\t\t\t\t<img decoding=\"async\" width=\"1200\" height=\"1200\" src=\"https:\/\/karayelpartners.com\/wp-content\/uploads\/2023\/05\/Finans.gif\" class=\"attachment-full size-full wp-image-3266\" alt=\"\" \/>\t\t\t\t\t\t\t\t\t\t\t\t\t\t\t<\/div>\n\t\t\t\t<\/div>\n\t\t\t\t<\/div>\n\t\t<div class=\"elementor-element elementor-element-9a463bd e-con-full e-flex e-con e-child\" data-id=\"9a463bd\" data-element_type=\"container\" data-e-type=\"container\">\n\t\t\t\t<div class=\"elementor-element elementor-element-f43e9e8 elementor-widget elementor-widget-heading\" data-id=\"f43e9e8\" data-element_type=\"widget\" data-e-type=\"widget\" data-widget_type=\"heading.default\">\n\t\t\t\t<div class=\"elementor-widget-container\">\n\t\t\t\t\t<h2 class=\"elementor-heading-title elementor-size-default\">Yat\u0131r\u0131mlar\u0131n\u0131z\u0131 De\u011ferlendirin<\/h2>\t\t\t\t<\/div>\n\t\t\t\t<\/div>\n\t\t\t\t<div class=\"elementor-element elementor-element-6ac7823 elementor-widget elementor-widget-text-editor\" data-id=\"6ac7823\" data-element_type=\"widget\" data-e-type=\"widget\" data-widget_type=\"text-editor.default\">\n\t\t\t\t<div class=\"elementor-widget-container\">\n\t\t\t\t\t\t\t\t\t<p>Yat\u0131r\u0131mlar\u0131n\u0131z\u0131 en iyi \u015fekilde de\u011ferlendirmeniz i\u00e7in uzmanl\u0131\u011f\u0131m\u0131zdan yararlan\u0131n. Do\u011fru yat\u0131r\u0131m stratejileriyle karl\u0131l\u0131\u011f\u0131n\u0131z\u0131 art\u0131r\u0131n.<\/p>\t\t\t\t\t\t\t\t<\/div>\n\t\t\t\t<\/div>\n\t\t\t\t<\/div>\n\t\t\t\t\t<\/div>\n\t\t\t\t<\/div>\n\t\t<div class=\"elementor-element elementor-element-f6cd3aa e-flex e-con-boxed e-con e-parent\" data-id=\"f6cd3aa\" data-element_type=\"container\" data-e-type=\"container\" data-settings=\"{&quot;background_background&quot;:&quot;classic&quot;}\">\n\t\t\t\t\t<div class=\"e-con-inner\">\n\t\t<div class=\"elementor-element elementor-element-114104a e-con-full e-flex e-con e-child\" data-id=\"114104a\" data-element_type=\"container\" data-e-type=\"container\">\n\t\t\t\t<div class=\"elementor-element elementor-element-6813b3e elementor-button-align-stretch elementor-widget elementor-widget-form\" data-id=\"6813b3e\" data-element_type=\"widget\" data-e-type=\"widget\" data-settings=\"{&quot;step_next_label&quot;:&quot;Next&quot;,&quot;step_previous_label&quot;:&quot;Previous&quot;,&quot;button_width&quot;:&quot;100&quot;,&quot;step_type&quot;:&quot;number_text&quot;,&quot;step_icon_shape&quot;:&quot;circle&quot;}\" data-widget_type=\"form.default\">\n\t\t\t\t<div class=\"elementor-widget-container\">\n\t\t\t\t\t\t\t<form class=\"elementor-form\" method=\"post\" name=\"G\u00f6r\u00fc\u015fme Planla Form\" aria-label=\"G\u00f6r\u00fc\u015fme Planla Form\">\n\t\t\t<input type=\"hidden\" name=\"post_id\" value=\"2323\"\/>\n\t\t\t<input type=\"hidden\" name=\"form_id\" value=\"6813b3e\"\/>\n\t\t\t<input type=\"hidden\" name=\"referer_title\" value=\"Varl\u0131k Y\u00f6netimi\" \/>\n\n\t\t\t\t\t\t\t<input type=\"hidden\" name=\"queried_id\" value=\"2323\"\/>\n\t\t\t\n\t\t\t<div class=\"elementor-form-fields-wrapper elementor-labels-above\">\n\t\t\t\t\t\t\t\t<div class=\"elementor-field-type-text elementor-field-group elementor-column elementor-field-group-name elementor-col-50 elementor-field-required elementor-mark-required\">\n\t\t\t\t\t\t\t\t\t\t\t\t<label for=\"form-field-name\" class=\"elementor-field-label\">\n\t\t\t\t\t\t\t\t\u0130sim\t\t\t\t\t\t\t<\/label>\n\t\t\t\t\t\t\t\t\t\t\t\t\t\t<input size=\"1\" type=\"text\" name=\"form_fields[name]\" id=\"form-field-name\" class=\"elementor-field elementor-size-sm  elementor-field-textual\" required=\"required\">\n\t\t\t\t\t\t\t\t\t\t\t<\/div>\n\t\t\t\t\t\t\t\t<div class=\"elementor-field-type-email elementor-field-group elementor-column elementor-field-group-field_8bd9833 elementor-col-50 elementor-field-required elementor-mark-required\">\n\t\t\t\t\t\t\t\t\t\t\t\t<label for=\"form-field-field_8bd9833\" class=\"elementor-field-label\">\n\t\t\t\t\t\t\t\tEposta\t\t\t\t\t\t\t<\/label>\n\t\t\t\t\t\t\t\t\t\t\t\t\t\t<input size=\"1\" type=\"email\" name=\"form_fields[field_8bd9833]\" id=\"form-field-field_8bd9833\" class=\"elementor-field elementor-size-sm  elementor-field-textual\" required=\"required\">\n\t\t\t\t\t\t\t\t\t\t\t<\/div>\n\t\t\t\t\t\t\t\t<div class=\"elementor-field-type-textarea elementor-field-group elementor-column elementor-field-group-field_5d63c91 elementor-col-50 elementor-field-required elementor-mark-required\">\n\t\t\t\t\t\t\t\t\t\t\t\t<label for=\"form-field-field_5d63c91\" class=\"elementor-field-label\">\n\t\t\t\t\t\t\t\tGelecek Perspektifiniz Nedir?\t\t\t\t\t\t\t<\/label>\n\t\t\t\t\t\t<textarea class=\"elementor-field-textual elementor-field  elementor-size-sm\" name=\"form_fields[field_5d63c91]\" id=\"form-field-field_5d63c91\" rows=\"3\" required=\"required\"><\/textarea>\t\t\t\t<\/div>\n\t\t\t\t\t\t\t\t<div class=\"elementor-field-type-textarea elementor-field-group elementor-column elementor-field-group-field_e854b93 elementor-col-50 elementor-field-required elementor-mark-required\">\n\t\t\t\t\t\t\t\t\t\t\t\t<label for=\"form-field-field_e854b93\" class=\"elementor-field-label\">\n\t\t\t\t\t\t\t\t\u015eirketinizdeki \u00c7al\u0131\u015fan Say\u0131s\u0131n\u0131 Belirtir Misiniz?\t\t\t\t\t\t\t<\/label>\n\t\t\t\t\t\t<textarea class=\"elementor-field-textual elementor-field  elementor-size-sm\" name=\"form_fields[field_e854b93]\" id=\"form-field-field_e854b93\" rows=\"3\" required=\"required\"><\/textarea>\t\t\t\t<\/div>\n\t\t\t\t\t\t\t\t<div class=\"elementor-field-type-textarea elementor-field-group elementor-column elementor-field-group-field_006c226 elementor-col-50 elementor-field-required elementor-mark-required\">\n\t\t\t\t\t\t\t\t\t\t\t\t<label for=\"form-field-field_006c226\" class=\"elementor-field-label\">\n\t\t\t\t\t\t\t\t\u015eirketlerin Faaliyet Alanlar\u0131 Nelerdir?\t\t\t\t\t\t\t<\/label>\n\t\t\t\t\t\t<textarea class=\"elementor-field-textual elementor-field  elementor-size-sm\" name=\"form_fields[field_006c226]\" id=\"form-field-field_006c226\" rows=\"3\" required=\"required\"><\/textarea>\t\t\t\t<\/div>\n\t\t\t\t\t\t\t\t<div class=\"elementor-field-group elementor-column elementor-field-type-submit elementor-col-100 e-form__buttons\">\n\t\t\t\t\t<button class=\"elementor-button elementor-size-sm\" type=\"submit\">\n\t\t\t\t\t\t<span class=\"elementor-button-content-wrapper\">\n\t\t\t\t\t\t\t\t\t\t\t\t\t\t\t\t\t\t\t\t\t\t<span class=\"elementor-button-text\">G\u00f6r\u00fc\u015fme Planla<\/span>\n\t\t\t\t\t\t\t\t\t\t\t\t\t<\/span>\n\t\t\t\t\t<\/button>\n\t\t\t\t<\/div>\n\t\t\t<\/div>\n\t\t<\/form>\n\t\t\t\t\t\t<\/div>\n\t\t\t\t<\/div>\n\t\t\t\t<\/div>\n\t\t\t\t\t<\/div>\n\t\t\t\t<\/div>\n\t\t\t\t<\/div>\n\t\t","protected":false},"excerpt":{"rendered":"<p>Varl\u0131k Y\u00f6netimi H\u0131zla b\u00fcy\u00fcyen varl\u0131k ve servet y\u00f6netimi sekt\u00f6r\u00fcnde risk y\u00f6netimi, uyum, , reg\u00fclasyon ,raporlama ve vergileme giderek daha s\u0131k\u0131 kurallara ba\u011flan\u0131yor ve daha karma\u015f\u0131k hale geliyor. Yat\u0131r\u0131mc\u0131lar\u0131n alternatif varl\u0131k s\u0131n\u0131flar\u0131na ve yat\u0131r\u0131m ara\u00e7lar\u0131na, portf\u00f6ylerinin profesyonel olarak y\u00f6netilmesine, riskin da\u011f\u0131t\u0131lmas\u0131 esas\u0131na dayanan kolektif yat\u0131r\u0131m ara\u00e7lar\u0131na ihtiya\u00e7 ve ilgisi art\u0131yor. Sekt\u00f6r tecr\u00fcbesine sahip uzman Varl\u0131k Y\u00f6netimi [&hellip;]<\/p>\n","protected":false},"author":3,"featured_media":0,"parent":2149,"menu_order":8,"comment_status":"closed","ping_status":"closed","template":"elementor_header_footer","meta":{"iawp_total_views":23,"footnotes":""},"class_list":["post-2323","page","type-page","status-publish","hentry"],"_links":{"self":[{"href":"https:\/\/karayelpartners.com\/tr_tr\/wp-json\/wp\/v2\/pages\/2323","targetHints":{"allow":["GET"]}}],"collection":[{"href":"https:\/\/karayelpartners.com\/tr_tr\/wp-json\/wp\/v2\/pages"}],"about":[{"href":"https:\/\/karayelpartners.com\/tr_tr\/wp-json\/wp\/v2\/types\/page"}],"author":[{"embeddable":true,"href":"https:\/\/karayelpartners.com\/tr_tr\/wp-json\/wp\/v2\/users\/3"}],"replies":[{"embeddable":true,"href":"https:\/\/karayelpartners.com\/tr_tr\/wp-json\/wp\/v2\/comments?post=2323"}],"version-history":[{"count":0,"href":"https:\/\/karayelpartners.com\/tr_tr\/wp-json\/wp\/v2\/pages\/2323\/revisions"}],"up":[{"embeddable":true,"href":"https:\/\/karayelpartners.com\/tr_tr\/wp-json\/wp\/v2\/pages\/2149"}],"wp:attachment":[{"href":"https:\/\/karayelpartners.com\/tr_tr\/wp-json\/wp\/v2\/media?parent=2323"}],"curies":[{"name":"wp","href":"https:\/\/api.w.org\/{rel}","templated":true}]}}