{"id":2316,"date":"2023-05-16T06:41:48","date_gmt":"2023-05-16T06:41:48","guid":{"rendered":"https:\/\/karayelpartners.com\/?page_id=2316"},"modified":"2023-11-07T15:32:29","modified_gmt":"2023-11-07T15:32:29","slug":"uluslararasi-vergi-danismanligi","status":"publish","type":"page","link":"https:\/\/karayelpartners.com\/tr_tr\/hizmetler\/uluslararasi-vergi-danismanligi\/","title":{"rendered":"Uluslararas\u0131 Vergi Dan\u0131\u015fmanl\u0131\u011f\u0131\u00a0"},"content":{"rendered":"\t\t<div data-elementor-type=\"wp-page\" data-elementor-id=\"2316\" class=\"elementor elementor-2316\" data-elementor-post-type=\"page\">\n\t\t\t\t<div class=\"elementor-element elementor-element-aa7d128 e-flex e-con-boxed e-con e-parent\" data-id=\"aa7d128\" data-element_type=\"container\" data-e-type=\"container\">\n\t\t\t\t\t<div class=\"e-con-inner\">\n\t\t\t\t<div class=\"elementor-element elementor-element-b1a9b8e elementor-widget elementor-widget-heading\" data-id=\"b1a9b8e\" data-element_type=\"widget\" data-e-type=\"widget\" data-widget_type=\"heading.default\">\n\t\t\t\t<div class=\"elementor-widget-container\">\n\t\t\t\t\t<h2 class=\"elementor-heading-title elementor-size-default\">Uluslararas\u0131 Vergi Dan\u0131\u015fmanl\u0131\u011f\u0131<\/h2>\t\t\t\t<\/div>\n\t\t\t\t<\/div>\n\t\t\t\t\t<\/div>\n\t\t\t\t<\/div>\n\t\t<div class=\"elementor-element elementor-element-fde5bc7 e-flex e-con-boxed e-con e-parent\" data-id=\"fde5bc7\" data-element_type=\"container\" data-e-type=\"container\">\n\t\t\t\t\t<div class=\"e-con-inner\">\n\t\t\t\t<div class=\"elementor-element elementor-element-23ed163 elementor-widget elementor-widget-text-editor\" data-id=\"23ed163\" data-element_type=\"widget\" data-e-type=\"widget\" data-widget_type=\"text-editor.default\">\n\t\t\t\t<div class=\"elementor-widget-container\">\n\t\t\t\t\t\t\t\t\t<p style=\"font-weight: 400;\">K\u00fcresel alanda koordineli bir \u015fekilde \u00e7al\u0131\u015fan vergi uzmanlar\u0131m\u0131z, bu de\u011fi\u015fim \u00e7a\u011f\u0131nda \u015firketinizin ba\u015far\u0131l\u0131 olmas\u0131na destek olmak i\u00e7in t\u00fcm vergi disiplinlerinde birbiriyle ba\u011flant\u0131l\u0131 hizmetler sunuyor. Vergi konusundaki ihtiya\u00e7lar\u0131n\u0131z i\u00e7in uluslararas\u0131 pazar bilgisi ve tecr\u00fcbemizi, uzman kadromuz ile birle\u015ftiriyoruz. <strong>\u201cKarayel &amp; Partners\u201d<\/strong> olarak i\u015fletme vergisi, uluslararas\u0131 vergi, i\u015flem vergisi, gelir vergileri, uyumluluk ve vergi hukuku konular\u0131nda kapsaml\u0131 yetkinliklere sahibiz.<\/p><p style=\"font-weight: 400;\">\u015eirketinizin vergi planlamas\u0131n\u0131 do\u011fru \u015fekilde yaparak, h\u0131zl\u0131 b\u00fcy\u00fcmenize ve ba\u015far\u0131l\u0131 olman\u0131za destek olmak i\u00e7in sizleri deneyimlerimizden, bilgilerimizden ve g\u00f6r\u00fc\u015flerimizden yararlanmaya davet ediyoruz.<\/p>\t\t\t\t\t\t\t\t<\/div>\n\t\t\t\t<\/div>\n\t\t\t\t<div class=\"elementor-element elementor-element-9c88d22 elementor-widget elementor-widget-text-editor\" data-id=\"9c88d22\" data-element_type=\"widget\" data-e-type=\"widget\" data-widget_type=\"text-editor.default\">\n\t\t\t\t<div class=\"elementor-widget-container\">\n\t\t\t\t\t\t\t\t\t<ul><li>Uluslararas\u0131 \u00e7ifte vergilendirme anla\u015fmalar\u0131<\/li><li>Uluslararas\u0131 vergilendirme<\/li><li>Uluslararas\u0131 faaliyetlerin vergisel analizi ve iyile\u015ftirilmesi<\/li><li>Uluslararas\u0131 vergi mevzuat\u0131<\/li><li>\u0130\u015fyeri , acente, irtibat b\u00fcrosu ve benzeri yap\u0131lar\u0131n de\u011ferlendirilmesi,<\/li><li>Uluslararas\u0131 holding yap\u0131lar\u0131n\u0131n vergisel analizi,<\/li><li>\u0130\u015f modeli de\u011fi\u015fikliklerinin vergisel analizi,<\/li><li>Hisse sat\u0131\u015f\u0131, birle\u015fme, b\u00f6l\u00fcnme, tasfiye gibi s\u00fcre\u00e7lerin vergisel a\u00e7\u0131dan de\u011ferlendirilmesi,<\/li><li>Finansman modellerinin vergisel a\u00e7\u0131dan analizi,<\/li><li>\u00c7ifte vergilendirmenin \u00f6nlenmesi kapsam\u0131nda istisna veya mahsup y\u00f6ntemlerinin uygulanmas\u0131na y\u00f6nelik dan\u0131\u015fmanl\u0131k,<\/li><li>Di\u011fer \u00fclkelerde \u015firket, \u015fube ve benzeri yap\u0131lar\u0131n kurulu\u015flar\u0131na arac\u0131l\u0131k edilmesi.<\/li><\/ul>\t\t\t\t\t\t\t\t<\/div>\n\t\t\t\t<\/div>\n\t\t<div class=\"elementor-element elementor-element-177be3c e-flex e-con-boxed e-con e-child\" data-id=\"177be3c\" data-element_type=\"container\" data-e-type=\"container\">\n\t\t\t\t\t<div class=\"e-con-inner\">\n\t\t\t\t<div class=\"elementor-element elementor-element-5fff302 elementor-widget elementor-widget-image\" data-id=\"5fff302\" data-element_type=\"widget\" data-e-type=\"widget\" data-widget_type=\"image.default\">\n\t\t\t\t<div class=\"elementor-widget-container\">\n\t\t\t\t\t\t\t\t\t\t\t\t\t\t\t<img fetchpriority=\"high\" decoding=\"async\" width=\"1170\" height=\"500\" src=\"https:\/\/karayelpartners.com\/wp-content\/uploads\/2023\/07\/Uluslararasi-Vergi-Danismanligi-1.png\" class=\"attachment-full size-full wp-image-5658\" alt=\"\" srcset=\"https:\/\/karayelpartners.com\/wp-content\/uploads\/2023\/07\/Uluslararasi-Vergi-Danismanligi-1.png 1170w, https:\/\/karayelpartners.com\/wp-content\/uploads\/2023\/07\/Uluslararasi-Vergi-Danismanligi-1-300x128.png 300w, https:\/\/karayelpartners.com\/wp-content\/uploads\/2023\/07\/Uluslararasi-Vergi-Danismanligi-1-1024x438.png 1024w, https:\/\/karayelpartners.com\/wp-content\/uploads\/2023\/07\/Uluslararasi-Vergi-Danismanligi-1-768x328.png 768w\" sizes=\"(max-width: 1170px) 100vw, 1170px\" \/>\t\t\t\t\t\t\t\t\t\t\t\t\t\t\t<\/div>\n\t\t\t\t<\/div>\n\t\t\t\t\t<\/div>\n\t\t\t\t<\/div>\n\t\t\t\t\t<\/div>\n\t\t\t\t<\/div>\n\t\t<div class=\"elementor-element elementor-element-c243cc3 e-flex e-con-boxed e-con e-parent\" data-id=\"c243cc3\" data-element_type=\"container\" data-e-type=\"container\" data-settings=\"{&quot;background_background&quot;:&quot;classic&quot;}\">\n\t\t\t\t\t<div class=\"e-con-inner\">\n\t\t<div class=\"elementor-element elementor-element-f991dc7 e-con-full e-flex e-con e-child\" data-id=\"f991dc7\" data-element_type=\"container\" data-e-type=\"container\">\n\t\t\t\t<div class=\"elementor-element elementor-element-edc411b elementor-widget elementor-widget-image\" data-id=\"edc411b\" data-element_type=\"widget\" data-e-type=\"widget\" data-widget_type=\"image.default\">\n\t\t\t\t<div class=\"elementor-widget-container\">\n\t\t\t\t\t\t\t\t\t\t\t\t\t\t\t<img decoding=\"async\" width=\"1200\" height=\"1200\" src=\"https:\/\/karayelpartners.com\/wp-content\/uploads\/2023\/05\/Finans.gif\" class=\"attachment-full size-full wp-image-3266\" alt=\"\" \/>\t\t\t\t\t\t\t\t\t\t\t\t\t\t\t<\/div>\n\t\t\t\t<\/div>\n\t\t\t\t<\/div>\n\t\t<div class=\"elementor-element elementor-element-8f3c1dd e-con-full e-flex e-con e-child\" data-id=\"8f3c1dd\" data-element_type=\"container\" data-e-type=\"container\">\n\t\t\t\t<div class=\"elementor-element elementor-element-dd64340 elementor-widget elementor-widget-heading\" data-id=\"dd64340\" data-element_type=\"widget\" data-e-type=\"widget\" data-widget_type=\"heading.default\">\n\t\t\t\t<div class=\"elementor-widget-container\">\n\t\t\t\t\t<h2 class=\"elementor-heading-title elementor-size-default\">Yat\u0131r\u0131mlar\u0131n\u0131z\u0131 De\u011ferlendirin<\/h2>\t\t\t\t<\/div>\n\t\t\t\t<\/div>\n\t\t\t\t<div class=\"elementor-element elementor-element-fd5245e elementor-widget elementor-widget-text-editor\" data-id=\"fd5245e\" data-element_type=\"widget\" data-e-type=\"widget\" data-widget_type=\"text-editor.default\">\n\t\t\t\t<div class=\"elementor-widget-container\">\n\t\t\t\t\t\t\t\t\t<p>Yat\u0131r\u0131mlar\u0131n\u0131z\u0131 en iyi \u015fekilde de\u011ferlendirmeniz i\u00e7in uzmanl\u0131\u011f\u0131m\u0131zdan yararlan\u0131n. Do\u011fru yat\u0131r\u0131m stratejileriyle karl\u0131l\u0131\u011f\u0131n\u0131z\u0131 art\u0131r\u0131n.<\/p>\t\t\t\t\t\t\t\t<\/div>\n\t\t\t\t<\/div>\n\t\t\t\t<\/div>\n\t\t\t\t\t<\/div>\n\t\t\t\t<\/div>\n\t\t<div class=\"elementor-element elementor-element-06a6e01 e-flex e-con-boxed e-con e-parent\" data-id=\"06a6e01\" data-element_type=\"container\" data-e-type=\"container\" data-settings=\"{&quot;background_background&quot;:&quot;classic&quot;}\">\n\t\t\t\t\t<div class=\"e-con-inner\">\n\t\t<div class=\"elementor-element elementor-element-aad823b e-con-full e-flex e-con e-child\" data-id=\"aad823b\" data-element_type=\"container\" data-e-type=\"container\">\n\t\t\t\t<div class=\"elementor-element elementor-element-adf1897 elementor-button-align-stretch elementor-widget elementor-widget-form\" data-id=\"adf1897\" data-element_type=\"widget\" data-e-type=\"widget\" data-settings=\"{&quot;step_next_label&quot;:&quot;Next&quot;,&quot;step_previous_label&quot;:&quot;Previous&quot;,&quot;button_width&quot;:&quot;100&quot;,&quot;step_type&quot;:&quot;number_text&quot;,&quot;step_icon_shape&quot;:&quot;circle&quot;}\" data-widget_type=\"form.default\">\n\t\t\t\t<div class=\"elementor-widget-container\">\n\t\t\t\t\t\t\t<form class=\"elementor-form\" method=\"post\" name=\"G\u00f6r\u00fc\u015fme Planla Form\" aria-label=\"G\u00f6r\u00fc\u015fme Planla Form\">\n\t\t\t<input type=\"hidden\" name=\"post_id\" value=\"2316\"\/>\n\t\t\t<input type=\"hidden\" name=\"form_id\" value=\"adf1897\"\/>\n\t\t\t<input type=\"hidden\" name=\"referer_title\" value=\"Uluslararas\u0131 Vergi Dan\u0131\u015fmanl\u0131\u011f\u0131\u00a0\" \/>\n\n\t\t\t\t\t\t\t<input type=\"hidden\" name=\"queried_id\" value=\"2316\"\/>\n\t\t\t\n\t\t\t<div class=\"elementor-form-fields-wrapper elementor-labels-above\">\n\t\t\t\t\t\t\t\t<div class=\"elementor-field-type-text elementor-field-group elementor-column elementor-field-group-name elementor-col-50 elementor-field-required elementor-mark-required\">\n\t\t\t\t\t\t\t\t\t\t\t\t<label for=\"form-field-name\" class=\"elementor-field-label\">\n\t\t\t\t\t\t\t\t\u0130sim\t\t\t\t\t\t\t<\/label>\n\t\t\t\t\t\t\t\t\t\t\t\t\t\t<input size=\"1\" type=\"text\" name=\"form_fields[name]\" id=\"form-field-name\" class=\"elementor-field elementor-size-sm  elementor-field-textual\" required=\"required\">\n\t\t\t\t\t\t\t\t\t\t\t<\/div>\n\t\t\t\t\t\t\t\t<div class=\"elementor-field-type-email elementor-field-group elementor-column elementor-field-group-field_8bd9833 elementor-col-50 elementor-field-required elementor-mark-required\">\n\t\t\t\t\t\t\t\t\t\t\t\t<label for=\"form-field-field_8bd9833\" class=\"elementor-field-label\">\n\t\t\t\t\t\t\t\tEposta\t\t\t\t\t\t\t<\/label>\n\t\t\t\t\t\t\t\t\t\t\t\t\t\t<input size=\"1\" type=\"email\" name=\"form_fields[field_8bd9833]\" id=\"form-field-field_8bd9833\" class=\"elementor-field elementor-size-sm  elementor-field-textual\" required=\"required\">\n\t\t\t\t\t\t\t\t\t\t\t<\/div>\n\t\t\t\t\t\t\t\t<div class=\"elementor-field-type-textarea elementor-field-group elementor-column elementor-field-group-field_5d63c91 elementor-col-50 elementor-field-required elementor-mark-required\">\n\t\t\t\t\t\t\t\t\t\t\t\t<label for=\"form-field-field_5d63c91\" class=\"elementor-field-label\">\n\t\t\t\t\t\t\t\tGelecek Perspektifiniz Nedir?\t\t\t\t\t\t\t<\/label>\n\t\t\t\t\t\t<textarea class=\"elementor-field-textual elementor-field  elementor-size-sm\" name=\"form_fields[field_5d63c91]\" id=\"form-field-field_5d63c91\" rows=\"3\" required=\"required\"><\/textarea>\t\t\t\t<\/div>\n\t\t\t\t\t\t\t\t<div class=\"elementor-field-type-textarea elementor-field-group elementor-column elementor-field-group-field_e854b93 elementor-col-50 elementor-field-required elementor-mark-required\">\n\t\t\t\t\t\t\t\t\t\t\t\t<label for=\"form-field-field_e854b93\" class=\"elementor-field-label\">\n\t\t\t\t\t\t\t\t\u015eirketinizdeki \u00c7al\u0131\u015fan Say\u0131s\u0131n\u0131 Belirtir Misiniz?\t\t\t\t\t\t\t<\/label>\n\t\t\t\t\t\t<textarea class=\"elementor-field-textual elementor-field  elementor-size-sm\" name=\"form_fields[field_e854b93]\" id=\"form-field-field_e854b93\" rows=\"3\" required=\"required\"><\/textarea>\t\t\t\t<\/div>\n\t\t\t\t\t\t\t\t<div class=\"elementor-field-type-textarea elementor-field-group elementor-column elementor-field-group-field_006c226 elementor-col-50 elementor-field-required elementor-mark-required\">\n\t\t\t\t\t\t\t\t\t\t\t\t<label for=\"form-field-field_006c226\" class=\"elementor-field-label\">\n\t\t\t\t\t\t\t\t\u015eirketlerin Faaliyet Alanlar\u0131 Nelerdir?\t\t\t\t\t\t\t<\/label>\n\t\t\t\t\t\t<textarea class=\"elementor-field-textual elementor-field  elementor-size-sm\" name=\"form_fields[field_006c226]\" id=\"form-field-field_006c226\" rows=\"3\" required=\"required\"><\/textarea>\t\t\t\t<\/div>\n\t\t\t\t\t\t\t\t<div class=\"elementor-field-group elementor-column elementor-field-type-submit elementor-col-100 e-form__buttons\">\n\t\t\t\t\t<button class=\"elementor-button elementor-size-sm\" type=\"submit\">\n\t\t\t\t\t\t<span class=\"elementor-button-content-wrapper\">\n\t\t\t\t\t\t\t\t\t\t\t\t\t\t\t\t\t\t\t\t\t\t<span class=\"elementor-button-text\">G\u00f6r\u00fc\u015fme Planla<\/span>\n\t\t\t\t\t\t\t\t\t\t\t\t\t<\/span>\n\t\t\t\t\t<\/button>\n\t\t\t\t<\/div>\n\t\t\t<\/div>\n\t\t<\/form>\n\t\t\t\t\t\t<\/div>\n\t\t\t\t<\/div>\n\t\t\t\t<\/div>\n\t\t\t\t\t<\/div>\n\t\t\t\t<\/div>\n\t\t\t\t<\/div>\n\t\t","protected":false},"excerpt":{"rendered":"<p>Uluslararas\u0131 Vergi Dan\u0131\u015fmanl\u0131\u011f\u0131 K\u00fcresel alanda koordineli bir \u015fekilde \u00e7al\u0131\u015fan vergi uzmanlar\u0131m\u0131z, bu de\u011fi\u015fim \u00e7a\u011f\u0131nda \u015firketinizin ba\u015far\u0131l\u0131 olmas\u0131na destek olmak i\u00e7in t\u00fcm vergi disiplinlerinde birbiriyle ba\u011flant\u0131l\u0131 hizmetler sunuyor. Vergi konusundaki ihtiya\u00e7lar\u0131n\u0131z i\u00e7in uluslararas\u0131 pazar bilgisi ve tecr\u00fcbemizi, uzman kadromuz ile birle\u015ftiriyoruz. \u201cKarayel &amp; Partners\u201d olarak i\u015fletme vergisi, uluslararas\u0131 vergi, i\u015flem vergisi, gelir vergileri, uyumluluk ve vergi [&hellip;]<\/p>\n","protected":false},"author":3,"featured_media":0,"parent":2149,"menu_order":7,"comment_status":"closed","ping_status":"closed","template":"elementor_header_footer","meta":{"iawp_total_views":9,"footnotes":""},"class_list":["post-2316","page","type-page","status-publish","hentry"],"_links":{"self":[{"href":"https:\/\/karayelpartners.com\/tr_tr\/wp-json\/wp\/v2\/pages\/2316","targetHints":{"allow":["GET"]}}],"collection":[{"href":"https:\/\/karayelpartners.com\/tr_tr\/wp-json\/wp\/v2\/pages"}],"about":[{"href":"https:\/\/karayelpartners.com\/tr_tr\/wp-json\/wp\/v2\/types\/page"}],"author":[{"embeddable":true,"href":"https:\/\/karayelpartners.com\/tr_tr\/wp-json\/wp\/v2\/users\/3"}],"replies":[{"embeddable":true,"href":"https:\/\/karayelpartners.com\/tr_tr\/wp-json\/wp\/v2\/comments?post=2316"}],"version-history":[{"count":0,"href":"https:\/\/karayelpartners.com\/tr_tr\/wp-json\/wp\/v2\/pages\/2316\/revisions"}],"up":[{"embeddable":true,"href":"https:\/\/karayelpartners.com\/tr_tr\/wp-json\/wp\/v2\/pages\/2149"}],"wp:attachment":[{"href":"https:\/\/karayelpartners.com\/tr_tr\/wp-json\/wp\/v2\/media?parent=2316"}],"curies":[{"name":"wp","href":"https:\/\/api.w.org\/{rel}","templated":true}]}}