{"id":2309,"date":"2023-05-16T06:39:24","date_gmt":"2023-05-16T06:39:24","guid":{"rendered":"https:\/\/karayelpartners.com\/?page_id=2309"},"modified":"2023-11-07T15:32:29","modified_gmt":"2023-11-07T15:32:29","slug":"rapor-ve-ulke-analizleri","status":"publish","type":"page","link":"https:\/\/karayelpartners.com\/tr_tr\/hizmetler\/rapor-ve-ulke-analizleri\/","title":{"rendered":"Rapor ve \u00dclke Analizleri"},"content":{"rendered":"\t\t<div data-elementor-type=\"wp-page\" data-elementor-id=\"2309\" class=\"elementor elementor-2309\" data-elementor-post-type=\"page\">\n\t\t\t\t<div class=\"elementor-element elementor-element-8507438 e-flex e-con-boxed e-con e-parent\" data-id=\"8507438\" data-element_type=\"container\" data-e-type=\"container\">\n\t\t\t\t\t<div class=\"e-con-inner\">\n\t\t\t\t<div class=\"elementor-element elementor-element-5c1732a elementor-widget elementor-widget-heading\" data-id=\"5c1732a\" data-element_type=\"widget\" data-e-type=\"widget\" data-widget_type=\"heading.default\">\n\t\t\t\t<div class=\"elementor-widget-container\">\n\t\t\t\t\t<h2 class=\"elementor-heading-title elementor-size-default\">Rapor Ve \u00dclke Analizleri<\/h2>\t\t\t\t<\/div>\n\t\t\t\t<\/div>\n\t\t\t\t\t<\/div>\n\t\t\t\t<\/div>\n\t\t<div class=\"elementor-element elementor-element-19355a8 e-flex e-con-boxed e-con e-parent\" data-id=\"19355a8\" data-element_type=\"container\" data-e-type=\"container\">\n\t\t\t\t\t<div class=\"e-con-inner\">\n\t\t\t\t<div class=\"elementor-element elementor-element-8cc25d9 elementor-widget elementor-widget-text-editor\" data-id=\"8cc25d9\" data-element_type=\"widget\" data-e-type=\"widget\" data-widget_type=\"text-editor.default\">\n\t\t\t\t<div class=\"elementor-widget-container\">\n\t\t\t\t\t\t\t\t\t<p style=\"font-weight: 400;\">Son y\u0131llarda d\u00fcnyadan ya\u015fanan h\u0131zl\u0131 politik, ekonomik ve sosyal de\u011fi\u015fmeler sonucunda, i\u015fletmelerin \u00fclke i\u00e7i faaliyetlerle yetinmeyip, \u00fclke d\u0131\u015f\u0131 f\u0131rsatlar\u0131 da de\u011ferlendirmek istemeleri, d\u0131\u015f \u00fclkelerde faaliyet g\u00f6steren yabanc\u0131 kurulu\u015flar ve \u00e7ok uluslu \u015firketler ortaya \u00e7\u0131kmas\u0131na neden olmu\u015ftur. Uluslararas\u0131 alanda rekabetin artmas\u0131 vadeli sat\u0131\u015flar\u0131 zorunlu k\u0131lm\u0131\u015ft\u0131r. B\u00fct\u00fcn bu geli\u015fmeler \u00f6nemli bir risk t\u00fcr\u00fc olan \u00fclke riskini beraberinde getirmi\u015ftir. <strong>\u201cKarayel &amp; Partners\u201d<\/strong> sizler i\u00e7in \u00e7al\u0131\u015fmalar\u0131nda \u00fclke riski, \u00fclke riskinin t\u00fcrleri, sonu\u00e7lar\u0131 ve \u00f6l\u00e7\u00fclmesini ele almaktad\u0131r.<\/p>\t\t\t\t\t\t\t\t<\/div>\n\t\t\t\t<\/div>\n\t\t\t\t<div class=\"elementor-element elementor-element-b0e6507 elementor-widget elementor-widget-text-editor\" data-id=\"b0e6507\" data-element_type=\"widget\" data-e-type=\"widget\" data-widget_type=\"text-editor.default\">\n\t\t\t\t<div class=\"elementor-widget-container\">\n\t\t\t\t\t\t\t\t\t<ul><li>\u00dclke Analiz Hizmetleri,<\/li><li>Hedef \u00dclkenin sekt\u00f6r da\u011f\u0131l\u0131mlar\u0131n\u0131n incelenmesi<\/li><li>Hedef \u00dclkedeki \u0130\u00e7 Piyasan\u0131n Ara\u015ft\u0131r\u0131lmas\u0131,<\/li><li>Hedef \u00dclke Ekonomik Yap\u0131 Raporlamas\u0131,<\/li><li>\u00dclkenin demografik ve sosyo-ekonomik yap\u0131s\u0131n\u0131n raporlanmas\u0131,<\/li><li>Hedef \u00fclke ve pazar\u0131n arz-talep grafiklerinin incelenmesi ve olas\u0131 f\u0131rsat de\u011ferlendirmesine y\u00f6nelik raporlama hizmetleri,<\/li><li>M\u00fc\u015fteri Analizi<\/li><li>Rakip Analizi<\/li><li>Pazar\/Sekt\u00f6r Analizi<\/li><li>\u00c7evre Analizi<\/li><li>Sat\u0131\u015f kanallar\u0131n\u0131n tespiti<\/li><li>Da\u011f\u0131t\u0131m a\u011flar\u0131n\u0131n tespiti<\/li><li>Yurt i\u00e7i ve yurt d\u0131\u015f\u0131 fuarlar\u0131n tespiti<\/li><li>\u00dclkenin toplam ithalat\u0131 ve geli\u015fiminin raporlanmas\u0131<\/li><li>Hangi \u00fclkelerden ithalat yap\u0131lmaktad\u0131r ve pazar paylar\u0131<\/li><li>Pazar giri\u015f engelleri<\/li><li>Gerekli izin ve belgeler<\/li><li>T\u00fcrkiye\u2019ye ve rakip \u00fclkelere uygulanan ek vergi ve y\u00fck\u00fcml\u00fcl\u00fckler<\/li><li>T\u00fcrkiye\u2019nin hedef \u00fclkeye ihracat\u0131<\/li><li>Sat\u0131\u015f kanallar\u0131n\u0131n incelenmesi<\/li><\/ul>\t\t\t\t\t\t\t\t<\/div>\n\t\t\t\t<\/div>\n\t\t<div class=\"elementor-element elementor-element-d302c8c e-flex e-con-boxed e-con e-child\" data-id=\"d302c8c\" data-element_type=\"container\" data-e-type=\"container\">\n\t\t\t\t\t<div class=\"e-con-inner\">\n\t\t\t\t<div class=\"elementor-element elementor-element-ea7e193 elementor-widget elementor-widget-image\" data-id=\"ea7e193\" data-element_type=\"widget\" data-e-type=\"widget\" data-widget_type=\"image.default\">\n\t\t\t\t<div class=\"elementor-widget-container\">\n\t\t\t\t\t\t\t\t\t\t\t\t\t\t\t<img fetchpriority=\"high\" decoding=\"async\" width=\"1170\" height=\"500\" src=\"https:\/\/karayelpartners.com\/wp-content\/uploads\/2023\/07\/Rapor-Ve-Ulke-Analizleri-1.png\" class=\"attachment-full size-full wp-image-5651\" alt=\"\" srcset=\"https:\/\/karayelpartners.com\/wp-content\/uploads\/2023\/07\/Rapor-Ve-Ulke-Analizleri-1.png 1170w, https:\/\/karayelpartners.com\/wp-content\/uploads\/2023\/07\/Rapor-Ve-Ulke-Analizleri-1-300x128.png 300w, https:\/\/karayelpartners.com\/wp-content\/uploads\/2023\/07\/Rapor-Ve-Ulke-Analizleri-1-1024x438.png 1024w, https:\/\/karayelpartners.com\/wp-content\/uploads\/2023\/07\/Rapor-Ve-Ulke-Analizleri-1-768x328.png 768w\" sizes=\"(max-width: 1170px) 100vw, 1170px\" \/>\t\t\t\t\t\t\t\t\t\t\t\t\t\t\t<\/div>\n\t\t\t\t<\/div>\n\t\t\t\t\t<\/div>\n\t\t\t\t<\/div>\n\t\t\t\t\t<\/div>\n\t\t\t\t<\/div>\n\t\t<div class=\"elementor-element elementor-element-534e153 e-flex e-con-boxed e-con e-parent\" data-id=\"534e153\" data-element_type=\"container\" data-e-type=\"container\" data-settings=\"{&quot;background_background&quot;:&quot;classic&quot;}\">\n\t\t\t\t\t<div class=\"e-con-inner\">\n\t\t<div class=\"elementor-element elementor-element-5e8c3d5 e-con-full e-flex e-con e-child\" data-id=\"5e8c3d5\" data-element_type=\"container\" data-e-type=\"container\">\n\t\t\t\t<div class=\"elementor-element elementor-element-9981137 elementor-widget elementor-widget-image\" data-id=\"9981137\" data-element_type=\"widget\" data-e-type=\"widget\" data-widget_type=\"image.default\">\n\t\t\t\t<div class=\"elementor-widget-container\">\n\t\t\t\t\t\t\t\t\t\t\t\t\t\t\t<img decoding=\"async\" width=\"1200\" height=\"1200\" src=\"https:\/\/karayelpartners.com\/wp-content\/uploads\/2023\/05\/Finans.gif\" class=\"attachment-full size-full wp-image-3266\" alt=\"\" \/>\t\t\t\t\t\t\t\t\t\t\t\t\t\t\t<\/div>\n\t\t\t\t<\/div>\n\t\t\t\t<\/div>\n\t\t<div class=\"elementor-element elementor-element-334a303 e-con-full e-flex e-con e-child\" data-id=\"334a303\" data-element_type=\"container\" data-e-type=\"container\">\n\t\t\t\t<div class=\"elementor-element elementor-element-2b6c98f elementor-widget elementor-widget-heading\" data-id=\"2b6c98f\" data-element_type=\"widget\" data-e-type=\"widget\" data-widget_type=\"heading.default\">\n\t\t\t\t<div class=\"elementor-widget-container\">\n\t\t\t\t\t<h2 class=\"elementor-heading-title elementor-size-default\">Yat\u0131r\u0131mlar\u0131n\u0131z\u0131 De\u011ferlendirin<\/h2>\t\t\t\t<\/div>\n\t\t\t\t<\/div>\n\t\t\t\t<div class=\"elementor-element elementor-element-17645f0 elementor-widget elementor-widget-text-editor\" data-id=\"17645f0\" data-element_type=\"widget\" data-e-type=\"widget\" data-widget_type=\"text-editor.default\">\n\t\t\t\t<div class=\"elementor-widget-container\">\n\t\t\t\t\t\t\t\t\t<p>Yat\u0131r\u0131mlar\u0131n\u0131z\u0131 en iyi \u015fekilde de\u011ferlendirmeniz i\u00e7in uzmanl\u0131\u011f\u0131m\u0131zdan yararlan\u0131n. Do\u011fru yat\u0131r\u0131m stratejileriyle karl\u0131l\u0131\u011f\u0131n\u0131z\u0131 art\u0131r\u0131n.<\/p>\t\t\t\t\t\t\t\t<\/div>\n\t\t\t\t<\/div>\n\t\t\t\t<\/div>\n\t\t\t\t\t<\/div>\n\t\t\t\t<\/div>\n\t\t<div class=\"elementor-element elementor-element-d5c47f7 e-flex e-con-boxed e-con e-parent\" data-id=\"d5c47f7\" data-element_type=\"container\" data-e-type=\"container\" data-settings=\"{&quot;background_background&quot;:&quot;classic&quot;}\">\n\t\t\t\t\t<div class=\"e-con-inner\">\n\t\t<div class=\"elementor-element elementor-element-93ff1e9 e-con-full e-flex e-con e-child\" data-id=\"93ff1e9\" data-element_type=\"container\" data-e-type=\"container\">\n\t\t\t\t<div class=\"elementor-element elementor-element-6f9a7be elementor-button-align-stretch elementor-widget elementor-widget-form\" data-id=\"6f9a7be\" data-element_type=\"widget\" data-e-type=\"widget\" data-settings=\"{&quot;step_next_label&quot;:&quot;Next&quot;,&quot;step_previous_label&quot;:&quot;Previous&quot;,&quot;button_width&quot;:&quot;100&quot;,&quot;step_type&quot;:&quot;number_text&quot;,&quot;step_icon_shape&quot;:&quot;circle&quot;}\" data-widget_type=\"form.default\">\n\t\t\t\t<div class=\"elementor-widget-container\">\n\t\t\t\t\t\t\t<form class=\"elementor-form\" method=\"post\" name=\"G\u00f6r\u00fc\u015fme Planla Form\" aria-label=\"G\u00f6r\u00fc\u015fme Planla Form\">\n\t\t\t<input type=\"hidden\" name=\"post_id\" value=\"2309\"\/>\n\t\t\t<input type=\"hidden\" name=\"form_id\" value=\"6f9a7be\"\/>\n\t\t\t<input type=\"hidden\" name=\"referer_title\" value=\"Rapor ve \u00dclke Analizleri\" \/>\n\n\t\t\t\t\t\t\t<input type=\"hidden\" name=\"queried_id\" value=\"2309\"\/>\n\t\t\t\n\t\t\t<div class=\"elementor-form-fields-wrapper elementor-labels-above\">\n\t\t\t\t\t\t\t\t<div class=\"elementor-field-type-text elementor-field-group elementor-column elementor-field-group-name elementor-col-50 elementor-field-required elementor-mark-required\">\n\t\t\t\t\t\t\t\t\t\t\t\t<label for=\"form-field-name\" class=\"elementor-field-label\">\n\t\t\t\t\t\t\t\t\u0130sim\t\t\t\t\t\t\t<\/label>\n\t\t\t\t\t\t\t\t\t\t\t\t\t\t<input size=\"1\" type=\"text\" name=\"form_fields[name]\" id=\"form-field-name\" class=\"elementor-field elementor-size-sm  elementor-field-textual\" required=\"required\">\n\t\t\t\t\t\t\t\t\t\t\t<\/div>\n\t\t\t\t\t\t\t\t<div class=\"elementor-field-type-email elementor-field-group elementor-column elementor-field-group-field_8bd9833 elementor-col-50 elementor-field-required elementor-mark-required\">\n\t\t\t\t\t\t\t\t\t\t\t\t<label for=\"form-field-field_8bd9833\" class=\"elementor-field-label\">\n\t\t\t\t\t\t\t\tEposta\t\t\t\t\t\t\t<\/label>\n\t\t\t\t\t\t\t\t\t\t\t\t\t\t<input size=\"1\" type=\"email\" name=\"form_fields[field_8bd9833]\" id=\"form-field-field_8bd9833\" class=\"elementor-field elementor-size-sm  elementor-field-textual\" required=\"required\">\n\t\t\t\t\t\t\t\t\t\t\t<\/div>\n\t\t\t\t\t\t\t\t<div class=\"elementor-field-type-textarea elementor-field-group elementor-column elementor-field-group-field_5d63c91 elementor-col-50 elementor-field-required elementor-mark-required\">\n\t\t\t\t\t\t\t\t\t\t\t\t<label for=\"form-field-field_5d63c91\" class=\"elementor-field-label\">\n\t\t\t\t\t\t\t\tGelecek Perspektifiniz Nedir?\t\t\t\t\t\t\t<\/label>\n\t\t\t\t\t\t<textarea class=\"elementor-field-textual elementor-field  elementor-size-sm\" name=\"form_fields[field_5d63c91]\" id=\"form-field-field_5d63c91\" rows=\"3\" required=\"required\"><\/textarea>\t\t\t\t<\/div>\n\t\t\t\t\t\t\t\t<div class=\"elementor-field-type-textarea elementor-field-group elementor-column elementor-field-group-field_e854b93 elementor-col-50 elementor-field-required elementor-mark-required\">\n\t\t\t\t\t\t\t\t\t\t\t\t<label for=\"form-field-field_e854b93\" class=\"elementor-field-label\">\n\t\t\t\t\t\t\t\t\u015eirketinizdeki \u00c7al\u0131\u015fan Say\u0131s\u0131n\u0131 Belirtir Misiniz?\t\t\t\t\t\t\t<\/label>\n\t\t\t\t\t\t<textarea class=\"elementor-field-textual elementor-field  elementor-size-sm\" name=\"form_fields[field_e854b93]\" id=\"form-field-field_e854b93\" rows=\"3\" required=\"required\"><\/textarea>\t\t\t\t<\/div>\n\t\t\t\t\t\t\t\t<div class=\"elementor-field-type-textarea elementor-field-group elementor-column elementor-field-group-field_006c226 elementor-col-50 elementor-field-required elementor-mark-required\">\n\t\t\t\t\t\t\t\t\t\t\t\t<label for=\"form-field-field_006c226\" class=\"elementor-field-label\">\n\t\t\t\t\t\t\t\t\u015eirketlerin Faaliyet Alanlar\u0131 Nelerdir?\t\t\t\t\t\t\t<\/label>\n\t\t\t\t\t\t<textarea class=\"elementor-field-textual elementor-field  elementor-size-sm\" name=\"form_fields[field_006c226]\" id=\"form-field-field_006c226\" rows=\"3\" required=\"required\"><\/textarea>\t\t\t\t<\/div>\n\t\t\t\t\t\t\t\t<div class=\"elementor-field-group elementor-column elementor-field-type-submit elementor-col-100 e-form__buttons\">\n\t\t\t\t\t<button class=\"elementor-button elementor-size-sm\" type=\"submit\">\n\t\t\t\t\t\t<span class=\"elementor-button-content-wrapper\">\n\t\t\t\t\t\t\t\t\t\t\t\t\t\t\t\t\t\t\t\t\t\t<span class=\"elementor-button-text\">G\u00f6r\u00fc\u015fme Planla<\/span>\n\t\t\t\t\t\t\t\t\t\t\t\t\t<\/span>\n\t\t\t\t\t<\/button>\n\t\t\t\t<\/div>\n\t\t\t<\/div>\n\t\t<\/form>\n\t\t\t\t\t\t<\/div>\n\t\t\t\t<\/div>\n\t\t\t\t<\/div>\n\t\t\t\t\t<\/div>\n\t\t\t\t<\/div>\n\t\t\t\t<\/div>\n\t\t","protected":false},"excerpt":{"rendered":"<p>Rapor Ve \u00dclke Analizleri Son y\u0131llarda d\u00fcnyadan ya\u015fanan h\u0131zl\u0131 politik, ekonomik ve sosyal de\u011fi\u015fmeler sonucunda, i\u015fletmelerin \u00fclke i\u00e7i faaliyetlerle yetinmeyip, \u00fclke d\u0131\u015f\u0131 f\u0131rsatlar\u0131 da de\u011ferlendirmek istemeleri, d\u0131\u015f \u00fclkelerde faaliyet g\u00f6steren yabanc\u0131 kurulu\u015flar ve \u00e7ok uluslu \u015firketler ortaya \u00e7\u0131kmas\u0131na neden olmu\u015ftur. Uluslararas\u0131 alanda rekabetin artmas\u0131 vadeli sat\u0131\u015flar\u0131 zorunlu k\u0131lm\u0131\u015ft\u0131r. B\u00fct\u00fcn bu geli\u015fmeler \u00f6nemli bir risk t\u00fcr\u00fc [&hellip;]<\/p>\n","protected":false},"author":3,"featured_media":0,"parent":2149,"menu_order":6,"comment_status":"closed","ping_status":"closed","template":"elementor_header_footer","meta":{"iawp_total_views":7,"footnotes":""},"class_list":["post-2309","page","type-page","status-publish","hentry"],"_links":{"self":[{"href":"https:\/\/karayelpartners.com\/tr_tr\/wp-json\/wp\/v2\/pages\/2309","targetHints":{"allow":["GET"]}}],"collection":[{"href":"https:\/\/karayelpartners.com\/tr_tr\/wp-json\/wp\/v2\/pages"}],"about":[{"href":"https:\/\/karayelpartners.com\/tr_tr\/wp-json\/wp\/v2\/types\/page"}],"author":[{"embeddable":true,"href":"https:\/\/karayelpartners.com\/tr_tr\/wp-json\/wp\/v2\/users\/3"}],"replies":[{"embeddable":true,"href":"https:\/\/karayelpartners.com\/tr_tr\/wp-json\/wp\/v2\/comments?post=2309"}],"version-history":[{"count":0,"href":"https:\/\/karayelpartners.com\/tr_tr\/wp-json\/wp\/v2\/pages\/2309\/revisions"}],"up":[{"embeddable":true,"href":"https:\/\/karayelpartners.com\/tr_tr\/wp-json\/wp\/v2\/pages\/2149"}],"wp:attachment":[{"href":"https:\/\/karayelpartners.com\/tr_tr\/wp-json\/wp\/v2\/media?parent=2309"}],"curies":[{"name":"wp","href":"https:\/\/api.w.org\/{rel}","templated":true}]}}