{"id":2286,"date":"2023-05-16T01:13:41","date_gmt":"2023-05-16T01:13:41","guid":{"rendered":"https:\/\/karayelpartners.com\/?page_id=2286"},"modified":"2023-11-07T15:32:29","modified_gmt":"2023-11-07T15:32:29","slug":"muhendislik-ve-tasarim","status":"publish","type":"page","link":"https:\/\/karayelpartners.com\/tr_tr\/hizmetler\/muhendislik-ve-tasarim\/","title":{"rendered":"M\u00fchendislik ve Tasar\u0131m"},"content":{"rendered":"\t\t<div data-elementor-type=\"wp-page\" data-elementor-id=\"2286\" class=\"elementor elementor-2286\" data-elementor-post-type=\"page\">\n\t\t\t\t<div class=\"elementor-element elementor-element-ece8e16 e-flex e-con-boxed e-con e-parent\" data-id=\"ece8e16\" data-element_type=\"container\" data-e-type=\"container\">\n\t\t\t\t\t<div class=\"e-con-inner\">\n\t\t\t\t<div class=\"elementor-element elementor-element-df1db51 elementor-widget elementor-widget-heading\" data-id=\"df1db51\" data-element_type=\"widget\" data-e-type=\"widget\" data-widget_type=\"heading.default\">\n\t\t\t\t<div class=\"elementor-widget-container\">\n\t\t\t\t\t<h2 class=\"elementor-heading-title elementor-size-default\">M\u00fchendislik Ve Tasar\u0131m<\/h2>\t\t\t\t<\/div>\n\t\t\t\t<\/div>\n\t\t\t\t\t<\/div>\n\t\t\t\t<\/div>\n\t\t<div class=\"elementor-element elementor-element-0fc9cd8 e-flex e-con-boxed e-con e-parent\" data-id=\"0fc9cd8\" data-element_type=\"container\" data-e-type=\"container\">\n\t\t\t\t\t<div class=\"e-con-inner\">\n\t\t\t\t<div class=\"elementor-element elementor-element-304100e elementor-widget elementor-widget-text-editor\" data-id=\"304100e\" data-element_type=\"widget\" data-e-type=\"widget\" data-widget_type=\"text-editor.default\">\n\t\t\t\t<div class=\"elementor-widget-container\">\n\t\t\t\t\t\t\t\t\t<p style=\"font-weight: 400;\">Yap\u0131lacak yat\u0131r\u0131mlarda en \u00f6nemli konulardan biri de yat\u0131r\u0131m\u0131n m\u00fchendisli\u011fidir. Bu anlamda Yat\u0131r\u0131mlar\u0131n en iyi \u015fekilde projelendirilmesine y\u00f6nelik \u00e7al\u0131\u015fan mimar, m\u00fchendis ve di\u011fer proje geli\u015ftiricilerinden olu\u015fan tasar\u0131m ekibi, projenin ilk a\u015famas\u0131nda devreye girerek yat\u0131r\u0131m\u0131n mevcut arazide en uygun \u015fekilde yer almas\u0131n\u0131 sa\u011flar. Bulundu\u011fu kentin t\u00fcm mimari ve k\u00fclt\u00fcrel dokusunu inceleyerek mevcut yerel mimari doku ile m\u00fckemmel bir uyum i\u00e7inde yat\u0131r\u0131mlar geli\u015ftirebilen <strong>Karayel &amp; Partners<\/strong>\u00a0ekibi, yenilik\u00e7i ve ayr\u0131cal\u0131kl\u0131 mimari tasar\u0131mlar\u0131yla birlikte fonksiyonelli\u011fi garanti eder.<\/p>\t\t\t\t\t\t\t\t<\/div>\n\t\t\t\t<\/div>\n\t\t\t\t<div class=\"elementor-element elementor-element-db4fc06 elementor-widget elementor-widget-text-editor\" data-id=\"db4fc06\" data-element_type=\"widget\" data-e-type=\"widget\" data-widget_type=\"text-editor.default\">\n\t\t\t\t<div class=\"elementor-widget-container\">\n\t\t\t\t\t\t\t\t\t<ul><li>Proje Briefi Haz\u0131rlanmas\u0131<\/li><li>Mimari Konsept Tasar\u0131m<\/li><li>Mimari Ruhsat Projesi<\/li><li>Mimari Uygulama Projesi<\/li><li>\u0130\u00e7 Mimari Konsept Proje<\/li><li>\u0130\u00e7 Mimari Uygulama Projesi<\/li><li>Str\u00fckt\u00fcrel Statik Proje<\/li><li>Elektrik Projesi<\/li><li>Mekanik Projesi<\/li><li>Altyap\u0131 Projesi<\/li><li>Yang\u0131n Projesi<\/li><li>Peyzaj Projesi<\/li><li>\u0130\u015fletme Projesi<\/li><li>Araziye \u00d6zel \u0130mar Et\u00fctleri<\/li><li>Resmi Prosed\u00fcr Et\u00fctleri<\/li><li>Ruhsatlar ve Onaylar<\/li><li>Denetim<\/li><li>\u015eantiye Kontrol\u00fc<\/li><li>\u0130\u015f G\u00fcvenli\u011fi<\/li><li>Ekipman ve malzeme kontrol\u00fc<\/li><\/ul>\t\t\t\t\t\t\t\t<\/div>\n\t\t\t\t<\/div>\n\t\t<div class=\"elementor-element elementor-element-52db6c8 e-flex e-con-boxed e-con e-child\" data-id=\"52db6c8\" data-element_type=\"container\" data-e-type=\"container\">\n\t\t\t\t\t<div class=\"e-con-inner\">\n\t\t\t\t<div class=\"elementor-element elementor-element-50aa677 elementor-widget elementor-widget-image\" data-id=\"50aa677\" data-element_type=\"widget\" data-e-type=\"widget\" data-widget_type=\"image.default\">\n\t\t\t\t<div class=\"elementor-widget-container\">\n\t\t\t\t\t\t\t\t\t\t\t\t\t\t\t<img fetchpriority=\"high\" decoding=\"async\" width=\"1170\" height=\"500\" src=\"https:\/\/karayelpartners.com\/wp-content\/uploads\/2023\/07\/Muhendislik-Ve-Tasarim.png\" class=\"attachment-full size-full wp-image-5571\" alt=\"\" srcset=\"https:\/\/karayelpartners.com\/wp-content\/uploads\/2023\/07\/Muhendislik-Ve-Tasarim.png 1170w, https:\/\/karayelpartners.com\/wp-content\/uploads\/2023\/07\/Muhendislik-Ve-Tasarim-300x128.png 300w, https:\/\/karayelpartners.com\/wp-content\/uploads\/2023\/07\/Muhendislik-Ve-Tasarim-1024x438.png 1024w, https:\/\/karayelpartners.com\/wp-content\/uploads\/2023\/07\/Muhendislik-Ve-Tasarim-768x328.png 768w\" sizes=\"(max-width: 1170px) 100vw, 1170px\" \/>\t\t\t\t\t\t\t\t\t\t\t\t\t\t\t<\/div>\n\t\t\t\t<\/div>\n\t\t\t\t\t<\/div>\n\t\t\t\t<\/div>\n\t\t\t\t\t<\/div>\n\t\t\t\t<\/div>\n\t\t<div class=\"elementor-element elementor-element-b109c7d e-flex e-con-boxed e-con e-parent\" data-id=\"b109c7d\" data-element_type=\"container\" data-e-type=\"container\" data-settings=\"{&quot;background_background&quot;:&quot;classic&quot;}\">\n\t\t\t\t\t<div class=\"e-con-inner\">\n\t\t<div class=\"elementor-element elementor-element-db40549 e-con-full e-flex e-con e-child\" data-id=\"db40549\" data-element_type=\"container\" data-e-type=\"container\">\n\t\t\t\t<div class=\"elementor-element elementor-element-016980b elementor-widget elementor-widget-image\" data-id=\"016980b\" data-element_type=\"widget\" data-e-type=\"widget\" data-widget_type=\"image.default\">\n\t\t\t\t<div class=\"elementor-widget-container\">\n\t\t\t\t\t\t\t\t\t\t\t\t\t\t\t<img decoding=\"async\" width=\"1200\" height=\"1200\" src=\"https:\/\/karayelpartners.com\/wp-content\/uploads\/2023\/05\/Finans.gif\" class=\"attachment-full size-full wp-image-3266\" alt=\"\" \/>\t\t\t\t\t\t\t\t\t\t\t\t\t\t\t<\/div>\n\t\t\t\t<\/div>\n\t\t\t\t<\/div>\n\t\t<div class=\"elementor-element elementor-element-93e37d5 e-con-full e-flex e-con e-child\" data-id=\"93e37d5\" data-element_type=\"container\" data-e-type=\"container\">\n\t\t\t\t<div class=\"elementor-element elementor-element-0bd3824 elementor-widget elementor-widget-heading\" data-id=\"0bd3824\" data-element_type=\"widget\" data-e-type=\"widget\" data-widget_type=\"heading.default\">\n\t\t\t\t<div class=\"elementor-widget-container\">\n\t\t\t\t\t<h2 class=\"elementor-heading-title elementor-size-default\">Yat\u0131r\u0131mlar\u0131n\u0131z\u0131 De\u011ferlendirin<\/h2>\t\t\t\t<\/div>\n\t\t\t\t<\/div>\n\t\t\t\t<div class=\"elementor-element elementor-element-a339600 elementor-widget elementor-widget-text-editor\" data-id=\"a339600\" data-element_type=\"widget\" data-e-type=\"widget\" data-widget_type=\"text-editor.default\">\n\t\t\t\t<div class=\"elementor-widget-container\">\n\t\t\t\t\t\t\t\t\t<p>Yat\u0131r\u0131mlar\u0131n\u0131z\u0131 en iyi \u015fekilde de\u011ferlendirmeniz i\u00e7in uzmanl\u0131\u011f\u0131m\u0131zdan yararlan\u0131n. Do\u011fru yat\u0131r\u0131m stratejileriyle karl\u0131l\u0131\u011f\u0131n\u0131z\u0131 art\u0131r\u0131n.<\/p>\t\t\t\t\t\t\t\t<\/div>\n\t\t\t\t<\/div>\n\t\t\t\t<\/div>\n\t\t\t\t\t<\/div>\n\t\t\t\t<\/div>\n\t\t<div class=\"elementor-element elementor-element-96fdb31 e-flex e-con-boxed e-con e-parent\" data-id=\"96fdb31\" data-element_type=\"container\" data-e-type=\"container\" data-settings=\"{&quot;background_background&quot;:&quot;classic&quot;}\">\n\t\t\t\t\t<div class=\"e-con-inner\">\n\t\t<div class=\"elementor-element elementor-element-f4ee584 e-con-full e-flex e-con e-child\" data-id=\"f4ee584\" data-element_type=\"container\" data-e-type=\"container\">\n\t\t\t\t<div class=\"elementor-element elementor-element-a9802a9 elementor-button-align-stretch elementor-widget elementor-widget-form\" data-id=\"a9802a9\" data-element_type=\"widget\" data-e-type=\"widget\" data-settings=\"{&quot;step_next_label&quot;:&quot;Next&quot;,&quot;step_previous_label&quot;:&quot;Previous&quot;,&quot;button_width&quot;:&quot;100&quot;,&quot;step_type&quot;:&quot;number_text&quot;,&quot;step_icon_shape&quot;:&quot;circle&quot;}\" data-widget_type=\"form.default\">\n\t\t\t\t<div class=\"elementor-widget-container\">\n\t\t\t\t\t\t\t<form class=\"elementor-form\" method=\"post\" name=\"G\u00f6r\u00fc\u015fme Planla Form\" aria-label=\"G\u00f6r\u00fc\u015fme Planla Form\">\n\t\t\t<input type=\"hidden\" name=\"post_id\" value=\"2286\"\/>\n\t\t\t<input type=\"hidden\" name=\"form_id\" value=\"a9802a9\"\/>\n\t\t\t<input type=\"hidden\" name=\"referer_title\" value=\"M\u00fchendislik ve Tasar\u0131m\" \/>\n\n\t\t\t\t\t\t\t<input type=\"hidden\" name=\"queried_id\" value=\"2286\"\/>\n\t\t\t\n\t\t\t<div class=\"elementor-form-fields-wrapper elementor-labels-above\">\n\t\t\t\t\t\t\t\t<div class=\"elementor-field-type-text elementor-field-group elementor-column elementor-field-group-name elementor-col-50 elementor-field-required elementor-mark-required\">\n\t\t\t\t\t\t\t\t\t\t\t\t<label for=\"form-field-name\" class=\"elementor-field-label\">\n\t\t\t\t\t\t\t\t\u0130sim\t\t\t\t\t\t\t<\/label>\n\t\t\t\t\t\t\t\t\t\t\t\t\t\t<input size=\"1\" type=\"text\" name=\"form_fields[name]\" id=\"form-field-name\" class=\"elementor-field elementor-size-sm  elementor-field-textual\" required=\"required\">\n\t\t\t\t\t\t\t\t\t\t\t<\/div>\n\t\t\t\t\t\t\t\t<div class=\"elementor-field-type-email elementor-field-group elementor-column elementor-field-group-field_8bd9833 elementor-col-50 elementor-field-required elementor-mark-required\">\n\t\t\t\t\t\t\t\t\t\t\t\t<label for=\"form-field-field_8bd9833\" class=\"elementor-field-label\">\n\t\t\t\t\t\t\t\tEposta\t\t\t\t\t\t\t<\/label>\n\t\t\t\t\t\t\t\t\t\t\t\t\t\t<input size=\"1\" type=\"email\" name=\"form_fields[field_8bd9833]\" id=\"form-field-field_8bd9833\" class=\"elementor-field elementor-size-sm  elementor-field-textual\" required=\"required\">\n\t\t\t\t\t\t\t\t\t\t\t<\/div>\n\t\t\t\t\t\t\t\t<div class=\"elementor-field-type-textarea elementor-field-group elementor-column elementor-field-group-field_5d63c91 elementor-col-50 elementor-field-required elementor-mark-required\">\n\t\t\t\t\t\t\t\t\t\t\t\t<label for=\"form-field-field_5d63c91\" class=\"elementor-field-label\">\n\t\t\t\t\t\t\t\tGelecek Perspektifiniz Nedir?\t\t\t\t\t\t\t<\/label>\n\t\t\t\t\t\t<textarea class=\"elementor-field-textual elementor-field  elementor-size-sm\" name=\"form_fields[field_5d63c91]\" id=\"form-field-field_5d63c91\" rows=\"3\" required=\"required\"><\/textarea>\t\t\t\t<\/div>\n\t\t\t\t\t\t\t\t<div class=\"elementor-field-type-textarea elementor-field-group elementor-column elementor-field-group-field_e854b93 elementor-col-50 elementor-field-required elementor-mark-required\">\n\t\t\t\t\t\t\t\t\t\t\t\t<label for=\"form-field-field_e854b93\" class=\"elementor-field-label\">\n\t\t\t\t\t\t\t\t\u015eirketinizdeki \u00c7al\u0131\u015fan Say\u0131s\u0131n\u0131 Belirtir Misiniz?\t\t\t\t\t\t\t<\/label>\n\t\t\t\t\t\t<textarea class=\"elementor-field-textual elementor-field  elementor-size-sm\" name=\"form_fields[field_e854b93]\" id=\"form-field-field_e854b93\" rows=\"3\" required=\"required\"><\/textarea>\t\t\t\t<\/div>\n\t\t\t\t\t\t\t\t<div class=\"elementor-field-type-textarea elementor-field-group elementor-column elementor-field-group-field_006c226 elementor-col-50 elementor-field-required elementor-mark-required\">\n\t\t\t\t\t\t\t\t\t\t\t\t<label for=\"form-field-field_006c226\" class=\"elementor-field-label\">\n\t\t\t\t\t\t\t\t\u015eirketlerin Faaliyet Alanlar\u0131 Nelerdir?\t\t\t\t\t\t\t<\/label>\n\t\t\t\t\t\t<textarea class=\"elementor-field-textual elementor-field  elementor-size-sm\" name=\"form_fields[field_006c226]\" id=\"form-field-field_006c226\" rows=\"3\" required=\"required\"><\/textarea>\t\t\t\t<\/div>\n\t\t\t\t\t\t\t\t<div class=\"elementor-field-group elementor-column elementor-field-type-submit elementor-col-100 e-form__buttons\">\n\t\t\t\t\t<button class=\"elementor-button elementor-size-sm\" type=\"submit\">\n\t\t\t\t\t\t<span class=\"elementor-button-content-wrapper\">\n\t\t\t\t\t\t\t\t\t\t\t\t\t\t\t\t\t\t\t\t\t\t<span class=\"elementor-button-text\">G\u00f6r\u00fc\u015fme Planla<\/span>\n\t\t\t\t\t\t\t\t\t\t\t\t\t<\/span>\n\t\t\t\t\t<\/button>\n\t\t\t\t<\/div>\n\t\t\t<\/div>\n\t\t<\/form>\n\t\t\t\t\t\t<\/div>\n\t\t\t\t<\/div>\n\t\t\t\t<\/div>\n\t\t\t\t\t<\/div>\n\t\t\t\t<\/div>\n\t\t\t\t<\/div>\n\t\t","protected":false},"excerpt":{"rendered":"<p>M\u00fchendislik Ve Tasar\u0131m Yap\u0131lacak yat\u0131r\u0131mlarda en \u00f6nemli konulardan biri de yat\u0131r\u0131m\u0131n m\u00fchendisli\u011fidir. Bu anlamda Yat\u0131r\u0131mlar\u0131n en iyi \u015fekilde projelendirilmesine y\u00f6nelik \u00e7al\u0131\u015fan mimar, m\u00fchendis ve di\u011fer proje geli\u015ftiricilerinden olu\u015fan tasar\u0131m ekibi, projenin ilk a\u015famas\u0131nda devreye girerek yat\u0131r\u0131m\u0131n mevcut arazide en uygun \u015fekilde yer almas\u0131n\u0131 sa\u011flar. Bulundu\u011fu kentin t\u00fcm mimari ve k\u00fclt\u00fcrel dokusunu inceleyerek mevcut yerel mimari [&hellip;]<\/p>\n","protected":false},"author":3,"featured_media":0,"parent":2149,"menu_order":4,"comment_status":"closed","ping_status":"closed","template":"elementor_header_footer","meta":{"iawp_total_views":23,"footnotes":""},"class_list":["post-2286","page","type-page","status-publish","hentry"],"_links":{"self":[{"href":"https:\/\/karayelpartners.com\/tr_tr\/wp-json\/wp\/v2\/pages\/2286","targetHints":{"allow":["GET"]}}],"collection":[{"href":"https:\/\/karayelpartners.com\/tr_tr\/wp-json\/wp\/v2\/pages"}],"about":[{"href":"https:\/\/karayelpartners.com\/tr_tr\/wp-json\/wp\/v2\/types\/page"}],"author":[{"embeddable":true,"href":"https:\/\/karayelpartners.com\/tr_tr\/wp-json\/wp\/v2\/users\/3"}],"replies":[{"embeddable":true,"href":"https:\/\/karayelpartners.com\/tr_tr\/wp-json\/wp\/v2\/comments?post=2286"}],"version-history":[{"count":0,"href":"https:\/\/karayelpartners.com\/tr_tr\/wp-json\/wp\/v2\/pages\/2286\/revisions"}],"up":[{"embeddable":true,"href":"https:\/\/karayelpartners.com\/tr_tr\/wp-json\/wp\/v2\/pages\/2149"}],"wp:attachment":[{"href":"https:\/\/karayelpartners.com\/tr_tr\/wp-json\/wp\/v2\/media?parent=2286"}],"curies":[{"name":"wp","href":"https:\/\/api.w.org\/{rel}","templated":true}]}}