{"id":2175,"date":"2023-05-16T00:28:55","date_gmt":"2023-05-16T00:28:55","guid":{"rendered":"https:\/\/karayelpartners.com\/?page_id=2175"},"modified":"2023-11-07T15:34:47","modified_gmt":"2023-11-07T15:34:47","slug":"gayrimenkul-gelistirme-ve-gayrimenkul-yatirim","status":"publish","type":"page","link":"https:\/\/karayelpartners.com\/tr_tr\/sektorler\/gayrimenkul-gelistirme-ve-gayrimenkul-yatirim\/","title":{"rendered":"Gayrimenkul Geli\u015ftirme ve Gayrimenkul Yat\u0131r\u0131m\u00a0"},"content":{"rendered":"\t\t<div data-elementor-type=\"wp-page\" data-elementor-id=\"2175\" class=\"elementor elementor-2175\" data-elementor-post-type=\"page\">\n\t\t\t\t<div class=\"elementor-element elementor-element-565faa14 e-flex e-con-boxed e-con e-parent\" data-id=\"565faa14\" data-element_type=\"container\" data-e-type=\"container\">\n\t\t\t\t\t<div class=\"e-con-inner\">\n\t\t<div class=\"elementor-element elementor-element-1b951e46 e-con-full e-flex e-con e-child\" data-id=\"1b951e46\" data-element_type=\"container\" data-e-type=\"container\">\n\t\t\t\t<div class=\"elementor-element elementor-element-6191a17a elementor-widget elementor-widget-image\" data-id=\"6191a17a\" data-element_type=\"widget\" data-e-type=\"widget\" data-widget_type=\"image.default\">\n\t\t\t\t<div class=\"elementor-widget-container\">\n\t\t\t\t\t\t\t\t\t\t\t\t\t\t\t<img fetchpriority=\"high\" decoding=\"async\" width=\"1170\" height=\"370\" src=\"https:\/\/karayelpartners.com\/wp-content\/uploads\/2023\/05\/Gayrimenkul-Gelistirme-ve-Gayrimenkul-Yatirim-.png\" class=\"attachment-full size-full wp-image-2180\" alt=\"\" srcset=\"https:\/\/karayelpartners.com\/wp-content\/uploads\/2023\/05\/Gayrimenkul-Gelistirme-ve-Gayrimenkul-Yatirim-.png 1170w, https:\/\/karayelpartners.com\/wp-content\/uploads\/2023\/05\/Gayrimenkul-Gelistirme-ve-Gayrimenkul-Yatirim--300x95.png 300w, https:\/\/karayelpartners.com\/wp-content\/uploads\/2023\/05\/Gayrimenkul-Gelistirme-ve-Gayrimenkul-Yatirim--1024x324.png 1024w, https:\/\/karayelpartners.com\/wp-content\/uploads\/2023\/05\/Gayrimenkul-Gelistirme-ve-Gayrimenkul-Yatirim--768x243.png 768w\" sizes=\"(max-width: 1170px) 100vw, 1170px\" \/>\t\t\t\t\t\t\t\t\t\t\t\t\t\t\t<\/div>\n\t\t\t\t<\/div>\n\t\t\t\t<\/div>\n\t\t<div class=\"elementor-element elementor-element-3b2be4a7 e-con-full e-flex e-con e-child\" data-id=\"3b2be4a7\" data-element_type=\"container\" data-e-type=\"container\">\n\t\t\t\t<div class=\"elementor-element elementor-element-6fc1d625 elementor-widget elementor-widget-heading\" data-id=\"6fc1d625\" data-element_type=\"widget\" data-e-type=\"widget\" data-widget_type=\"heading.default\">\n\t\t\t\t<div class=\"elementor-widget-container\">\n\t\t\t\t\t<h2 class=\"elementor-heading-title elementor-size-default\">Gayrimenkul Geli\u015ftirme ve Gayrimenkul Yat\u0131r\u0131m <\/h2>\t\t\t\t<\/div>\n\t\t\t\t<\/div>\n\t\t\t\t<\/div>\n\t\t<div class=\"elementor-element elementor-element-5768e281 e-con-full e-flex e-con e-child\" data-id=\"5768e281\" data-element_type=\"container\" data-e-type=\"container\">\n\t\t\t\t<div class=\"elementor-element elementor-element-8e028c8 elementor-widget__width-initial elementor-widget elementor-widget-text-editor\" data-id=\"8e028c8\" data-element_type=\"widget\" data-e-type=\"widget\" data-widget_type=\"text-editor.default\">\n\t\t\t\t<div class=\"elementor-widget-container\">\n\t\t\t\t\t\t\t\t\t<p style=\"font-weight: 400;\">Gayrimenkul geli\u015ftirme projelerinde fizibilite \u00e7al\u0131\u015fmas\u0131 \u00f6nem arz etmektedir. Gayrimenkul geli\u015ftirme projeleri d\u00fcnyada son y\u0131llarda profesyonel bir bi\u00e7imde ele al\u0131nmaya ba\u015flanm\u0131\u015ft\u0131r. Gayrimenkul pazar\u0131ndaki s\u00fcrekli de\u011fi\u015fim, giri\u015fimcileri, kullan\u0131c\u0131lar\u0131n beklentilerini kar\u015f\u0131lamak \u00fczere, daha sistematik d\u00fc\u015f\u00fcnmeye zorlamaktad\u0131r. Art\u0131k yap\u0131lan projelerin \u00f6l\u00e7ekleri b\u00fcy\u00fcmekte ve kompleks hale gelmektedir. Yap\u0131lan projelerin \u00f6l\u00e7ekleri b\u00fcy\u00fcd\u00fck\u00e7e, buna ba\u011fl\u0131 olarak riskleri orant\u0131l\u0131 olarak artmaktad\u0131r. Bu nedenle giri\u015fimciler, riskleri azaltmak i\u00e7in, proje \u00f6ncesinde yap\u0131lan \u00e7al\u0131\u015fmalara daha \u00f6nem vermek zorunda kalm\u0131\u015flard\u0131r. <strong>\u201cKarayel &amp; Partners\u201d<\/strong> uzman m\u00fchendislik kadrolar\u0131 ile gayrimenkul projelerinin geli\u015ftirilmesinde ve yat\u0131r\u0131mlar\u0131nda \u015firketinize fayda yaratacak \u00e7al\u0131\u015fmalar haz\u0131rlamaktay\u0131z.<\/p>\t\t\t\t\t\t\t\t<\/div>\n\t\t\t\t<\/div>\n\t\t\t\t<\/div>\n\t\t\t\t\t<\/div>\n\t\t\t\t<\/div>\n\t\t<div class=\"elementor-element elementor-element-4097ed5 e-flex e-con-boxed e-con e-parent\" data-id=\"4097ed5\" data-element_type=\"container\" data-e-type=\"container\" data-settings=\"{&quot;background_background&quot;:&quot;classic&quot;}\">\n\t\t\t\t\t<div class=\"e-con-inner\">\n\t\t<div class=\"elementor-element elementor-element-3c6afa7 e-con-full e-flex e-con e-child\" data-id=\"3c6afa7\" data-element_type=\"container\" data-e-type=\"container\">\n\t\t\t\t<div class=\"elementor-element elementor-element-db2702a elementor-widget elementor-widget-image\" data-id=\"db2702a\" data-element_type=\"widget\" data-e-type=\"widget\" data-widget_type=\"image.default\">\n\t\t\t\t<div class=\"elementor-widget-container\">\n\t\t\t\t\t\t\t\t\t\t\t\t\t\t\t<img decoding=\"async\" width=\"1080\" height=\"1080\" src=\"https:\/\/karayelpartners.com\/wp-content\/uploads\/2023\/05\/Gayrimenkul-Gelistirme-Ve-Gayrimenkul-Yatirim.gif\" class=\"attachment-full size-full wp-image-3270\" alt=\"\" \/>\t\t\t\t\t\t\t\t\t\t\t\t\t\t\t<\/div>\n\t\t\t\t<\/div>\n\t\t\t\t<\/div>\n\t\t<div class=\"elementor-element elementor-element-ddbabd0 e-con-full e-flex e-con e-child\" data-id=\"ddbabd0\" data-element_type=\"container\" data-e-type=\"container\">\n\t\t\t\t<div class=\"elementor-element elementor-element-5aac0b4 elementor-widget elementor-widget-heading\" data-id=\"5aac0b4\" data-element_type=\"widget\" data-e-type=\"widget\" data-widget_type=\"heading.default\">\n\t\t\t\t<div class=\"elementor-widget-container\">\n\t\t\t\t\t<h2 class=\"elementor-heading-title elementor-size-default\">Gayrimenkul Projelerinizde B\u00fcy\u00fcmeyi Ke\u015ffedin<\/h2>\t\t\t\t<\/div>\n\t\t\t\t<\/div>\n\t\t\t\t<div class=\"elementor-element elementor-element-d1f156d elementor-widget elementor-widget-text-editor\" data-id=\"d1f156d\" data-element_type=\"widget\" data-e-type=\"widget\" data-widget_type=\"text-editor.default\">\n\t\t\t\t<div class=\"elementor-widget-container\">\n\t\t\t\t\t\t\t\t\t<p>Gayrimenkul projelerinizde s\u00fcrd\u00fcr\u00fclebilir b\u00fcy\u00fcme elde etmeniz i\u00e7in kapsaml\u0131 \u00e7\u00f6z\u00fcmlerimizle hizmetinizdeyiz. B\u00fcy\u00fcmenizi bizimle ke\u015ffedin.<\/p>\t\t\t\t\t\t\t\t<\/div>\n\t\t\t\t<\/div>\n\t\t\t\t<\/div>\n\t\t\t\t\t<\/div>\n\t\t\t\t<\/div>\n\t\t<div class=\"elementor-element elementor-element-835a0d9 e-flex e-con-boxed e-con e-parent\" data-id=\"835a0d9\" data-element_type=\"container\" data-e-type=\"container\" data-settings=\"{&quot;background_background&quot;:&quot;classic&quot;}\">\n\t\t\t\t\t<div class=\"e-con-inner\">\n\t\t<div class=\"elementor-element elementor-element-bf6ff37 e-con-full e-flex e-con e-child\" data-id=\"bf6ff37\" data-element_type=\"container\" data-e-type=\"container\">\n\t\t\t\t<div class=\"elementor-element elementor-element-ee38c8d elementor-button-align-stretch elementor-widget elementor-widget-form\" data-id=\"ee38c8d\" data-element_type=\"widget\" data-e-type=\"widget\" data-settings=\"{&quot;step_next_label&quot;:&quot;Next&quot;,&quot;step_previous_label&quot;:&quot;Previous&quot;,&quot;button_width&quot;:&quot;100&quot;,&quot;step_type&quot;:&quot;number_text&quot;,&quot;step_icon_shape&quot;:&quot;circle&quot;}\" data-widget_type=\"form.default\">\n\t\t\t\t<div class=\"elementor-widget-container\">\n\t\t\t\t\t\t\t<form class=\"elementor-form\" method=\"post\" name=\"G\u00f6r\u00fc\u015fme Planla Form\" aria-label=\"G\u00f6r\u00fc\u015fme Planla Form\">\n\t\t\t<input type=\"hidden\" name=\"post_id\" value=\"2175\"\/>\n\t\t\t<input type=\"hidden\" name=\"form_id\" value=\"ee38c8d\"\/>\n\t\t\t<input type=\"hidden\" name=\"referer_title\" value=\"Gayrimenkul Geli\u015ftirme ve Gayrimenkul Yat\u0131r\u0131m\u00a0\" \/>\n\n\t\t\t\t\t\t\t<input type=\"hidden\" name=\"queried_id\" value=\"2175\"\/>\n\t\t\t\n\t\t\t<div class=\"elementor-form-fields-wrapper elementor-labels-above\">\n\t\t\t\t\t\t\t\t<div class=\"elementor-field-type-text elementor-field-group elementor-column elementor-field-group-name elementor-col-50 elementor-field-required elementor-mark-required\">\n\t\t\t\t\t\t\t\t\t\t\t\t<label for=\"form-field-name\" class=\"elementor-field-label\">\n\t\t\t\t\t\t\t\t\u0130sim\t\t\t\t\t\t\t<\/label>\n\t\t\t\t\t\t\t\t\t\t\t\t\t\t<input size=\"1\" type=\"text\" name=\"form_fields[name]\" id=\"form-field-name\" class=\"elementor-field elementor-size-sm  elementor-field-textual\" required=\"required\">\n\t\t\t\t\t\t\t\t\t\t\t<\/div>\n\t\t\t\t\t\t\t\t<div class=\"elementor-field-type-email elementor-field-group elementor-column elementor-field-group-field_8bd9833 elementor-col-50 elementor-field-required elementor-mark-required\">\n\t\t\t\t\t\t\t\t\t\t\t\t<label for=\"form-field-field_8bd9833\" class=\"elementor-field-label\">\n\t\t\t\t\t\t\t\tEposta\t\t\t\t\t\t\t<\/label>\n\t\t\t\t\t\t\t\t\t\t\t\t\t\t<input size=\"1\" type=\"email\" name=\"form_fields[field_8bd9833]\" id=\"form-field-field_8bd9833\" class=\"elementor-field elementor-size-sm  elementor-field-textual\" required=\"required\">\n\t\t\t\t\t\t\t\t\t\t\t<\/div>\n\t\t\t\t\t\t\t\t<div class=\"elementor-field-type-textarea elementor-field-group elementor-column elementor-field-group-field_5d63c91 elementor-col-50 elementor-field-required elementor-mark-required\">\n\t\t\t\t\t\t\t\t\t\t\t\t<label for=\"form-field-field_5d63c91\" class=\"elementor-field-label\">\n\t\t\t\t\t\t\t\tGelecek Perspektifiniz Nedir?\t\t\t\t\t\t\t<\/label>\n\t\t\t\t\t\t<textarea class=\"elementor-field-textual elementor-field  elementor-size-sm\" name=\"form_fields[field_5d63c91]\" id=\"form-field-field_5d63c91\" rows=\"3\" required=\"required\"><\/textarea>\t\t\t\t<\/div>\n\t\t\t\t\t\t\t\t<div class=\"elementor-field-type-textarea elementor-field-group elementor-column elementor-field-group-field_e854b93 elementor-col-50 elementor-field-required elementor-mark-required\">\n\t\t\t\t\t\t\t\t\t\t\t\t<label for=\"form-field-field_e854b93\" class=\"elementor-field-label\">\n\t\t\t\t\t\t\t\t\u015eirketinizdeki \u00c7al\u0131\u015fan Say\u0131s\u0131n\u0131 Belirtir Misiniz?\t\t\t\t\t\t\t<\/label>\n\t\t\t\t\t\t<textarea class=\"elementor-field-textual elementor-field  elementor-size-sm\" name=\"form_fields[field_e854b93]\" id=\"form-field-field_e854b93\" rows=\"3\" required=\"required\"><\/textarea>\t\t\t\t<\/div>\n\t\t\t\t\t\t\t\t<div class=\"elementor-field-type-textarea elementor-field-group elementor-column elementor-field-group-field_006c226 elementor-col-50 elementor-field-required elementor-mark-required\">\n\t\t\t\t\t\t\t\t\t\t\t\t<label for=\"form-field-field_006c226\" class=\"elementor-field-label\">\n\t\t\t\t\t\t\t\t\u015eirketlerin Faaliyet Alanlar\u0131 Nelerdir?\t\t\t\t\t\t\t<\/label>\n\t\t\t\t\t\t<textarea class=\"elementor-field-textual elementor-field  elementor-size-sm\" name=\"form_fields[field_006c226]\" id=\"form-field-field_006c226\" rows=\"3\" required=\"required\"><\/textarea>\t\t\t\t<\/div>\n\t\t\t\t\t\t\t\t<div class=\"elementor-field-group elementor-column elementor-field-type-submit elementor-col-100 e-form__buttons\">\n\t\t\t\t\t<button class=\"elementor-button elementor-size-sm\" type=\"submit\">\n\t\t\t\t\t\t<span class=\"elementor-button-content-wrapper\">\n\t\t\t\t\t\t\t\t\t\t\t\t\t\t\t\t\t\t\t\t\t\t<span class=\"elementor-button-text\">G\u00f6r\u00fc\u015fme Planla<\/span>\n\t\t\t\t\t\t\t\t\t\t\t\t\t<\/span>\n\t\t\t\t\t<\/button>\n\t\t\t\t<\/div>\n\t\t\t<\/div>\n\t\t<\/form>\n\t\t\t\t\t\t<\/div>\n\t\t\t\t<\/div>\n\t\t\t\t<\/div>\n\t\t\t\t\t<\/div>\n\t\t\t\t<\/div>\n\t\t\t\t<\/div>\n\t\t","protected":false},"excerpt":{"rendered":"<p>Gayrimenkul Geli\u015ftirme ve Gayrimenkul Yat\u0131r\u0131m Gayrimenkul geli\u015ftirme projelerinde fizibilite \u00e7al\u0131\u015fmas\u0131 \u00f6nem arz etmektedir. Gayrimenkul geli\u015ftirme projeleri d\u00fcnyada son y\u0131llarda profesyonel bir bi\u00e7imde ele al\u0131nmaya ba\u015flanm\u0131\u015ft\u0131r. Gayrimenkul pazar\u0131ndaki s\u00fcrekli de\u011fi\u015fim, giri\u015fimcileri, kullan\u0131c\u0131lar\u0131n beklentilerini kar\u015f\u0131lamak \u00fczere, daha sistematik d\u00fc\u015f\u00fcnmeye zorlamaktad\u0131r. Art\u0131k yap\u0131lan projelerin \u00f6l\u00e7ekleri b\u00fcy\u00fcmekte ve kompleks hale gelmektedir. Yap\u0131lan projelerin \u00f6l\u00e7ekleri b\u00fcy\u00fcd\u00fck\u00e7e, buna ba\u011fl\u0131 olarak riskleri [&hellip;]<\/p>\n","protected":false},"author":3,"featured_media":0,"parent":2154,"menu_order":2,"comment_status":"closed","ping_status":"closed","template":"elementor_header_footer","meta":{"iawp_total_views":24,"footnotes":""},"class_list":["post-2175","page","type-page","status-publish","hentry"],"_links":{"self":[{"href":"https:\/\/karayelpartners.com\/tr_tr\/wp-json\/wp\/v2\/pages\/2175","targetHints":{"allow":["GET"]}}],"collection":[{"href":"https:\/\/karayelpartners.com\/tr_tr\/wp-json\/wp\/v2\/pages"}],"about":[{"href":"https:\/\/karayelpartners.com\/tr_tr\/wp-json\/wp\/v2\/types\/page"}],"author":[{"embeddable":true,"href":"https:\/\/karayelpartners.com\/tr_tr\/wp-json\/wp\/v2\/users\/3"}],"replies":[{"embeddable":true,"href":"https:\/\/karayelpartners.com\/tr_tr\/wp-json\/wp\/v2\/comments?post=2175"}],"version-history":[{"count":0,"href":"https:\/\/karayelpartners.com\/tr_tr\/wp-json\/wp\/v2\/pages\/2175\/revisions"}],"up":[{"embeddable":true,"href":"https:\/\/karayelpartners.com\/tr_tr\/wp-json\/wp\/v2\/pages\/2154"}],"wp:attachment":[{"href":"https:\/\/karayelpartners.com\/tr_tr\/wp-json\/wp\/v2\/media?parent=2175"}],"curies":[{"name":"wp","href":"https:\/\/api.w.org\/{rel}","templated":true}]}}