{"id":2149,"date":"2023-05-16T00:18:37","date_gmt":"2023-05-16T00:18:37","guid":{"rendered":"https:\/\/karayelpartners.com\/?page_id=2149"},"modified":"2025-08-09T20:07:03","modified_gmt":"2025-08-09T20:07:03","slug":"hizmetler","status":"publish","type":"page","link":"https:\/\/karayelpartners.com\/tr_tr\/hizmetler\/","title":{"rendered":"Hizmetler"},"content":{"rendered":"\t\t<div data-elementor-type=\"wp-page\" data-elementor-id=\"2149\" class=\"elementor elementor-2149\" data-elementor-post-type=\"page\">\n\t\t\t\t<div class=\"elementor-element elementor-element-325420b2 e-flex e-con-boxed e-con e-parent\" data-id=\"325420b2\" data-element_type=\"container\" data-e-type=\"container\">\n\t\t\t\t\t<div class=\"e-con-inner\">\n\t\t<div class=\"elementor-element elementor-element-4f870da5 e-con-full e-flex e-con e-child\" data-id=\"4f870da5\" data-element_type=\"container\" data-e-type=\"container\">\n\t\t\t\t<div class=\"elementor-element elementor-element-498a314c elementor-widget elementor-widget-heading\" data-id=\"498a314c\" data-element_type=\"widget\" data-e-type=\"widget\" data-widget_type=\"heading.default\">\n\t\t\t\t<div class=\"elementor-widget-container\">\n\t\t\t\t\t<h2 class=\"elementor-heading-title elementor-size-default\">Hizmetlerimiz<\/h2>\t\t\t\t<\/div>\n\t\t\t\t<\/div>\n\t\t\t\t<\/div>\n\t\t\t\t\t<\/div>\n\t\t\t\t<\/div>\n\t\t<div class=\"elementor-element elementor-element-3da554bf e-flex e-con-boxed e-con e-parent\" data-id=\"3da554bf\" data-element_type=\"container\" data-e-type=\"container\">\n\t\t\t\t\t<div class=\"e-con-inner\">\n\t\t<div class=\"elementor-element elementor-element-1dc55193 e-con-full e-flex e-con e-child\" data-id=\"1dc55193\" data-element_type=\"container\" data-e-type=\"container\">\n\t\t\t\t<div class=\"elementor-element elementor-element-1dc2a560 elementor-position-top elementor-widget elementor-widget-image-box\" data-id=\"1dc2a560\" data-element_type=\"widget\" data-e-type=\"widget\" data-widget_type=\"image-box.default\">\n\t\t\t\t<div class=\"elementor-widget-container\">\n\t\t\t\t\t<div class=\"elementor-image-box-wrapper\"><figure class=\"elementor-image-box-img\"><img decoding=\"async\" width=\"151\" height=\"150\" src=\"https:\/\/karayelpartners.com\/wp-content\/uploads\/2023\/05\/Yatirim-Yonetimi-Danismanligi.svg\" class=\"attachment-full size-full wp-image-833\" alt=\"\" \/><\/figure><div class=\"elementor-image-box-content\"><h3 class=\"elementor-image-box-title\">Yat\u0131r\u0131m Y\u00f6netimi Dan\u0131\u015fmanl\u0131\u011f\u0131<\/h3><p class=\"elementor-image-box-description\">En uygun yat\u0131r\u0131m f\u0131rsatlar\u0131n\u0131 ke\u015ffetmek ve ba\u015far\u0131yla y\u00f6netmek i\u00e7in uzman kadromuzla birlikte \u00e7al\u0131\u015f\u0131n!<\/p><\/div><\/div>\t\t\t\t<\/div>\n\t\t\t\t<\/div>\n\t\t\t\t<div class=\"elementor-element elementor-element-59ce1188 elementor-align-center elementor-widget elementor-widget-button\" data-id=\"59ce1188\" data-element_type=\"widget\" data-e-type=\"widget\" data-widget_type=\"button.default\">\n\t\t\t\t<div class=\"elementor-widget-container\">\n\t\t\t\t\t\t\t\t\t<div class=\"elementor-button-wrapper\">\n\t\t\t\t\t<a class=\"elementor-button elementor-button-link elementor-size-sm\" href=\"https:\/\/karayelpartners.com\/hizmetler\/yatirim-yonetimi-hizmetleri\/\">\n\t\t\t\t\t\t<span class=\"elementor-button-content-wrapper\">\n\t\t\t\t\t\t\t\t\t<span class=\"elementor-button-text\">Ke\u015ffet<\/span>\n\t\t\t\t\t<\/span>\n\t\t\t\t\t<\/a>\n\t\t\t\t<\/div>\n\t\t\t\t\t\t\t\t<\/div>\n\t\t\t\t<\/div>\n\t\t\t\t<\/div>\n\t\t<div class=\"elementor-element elementor-element-4aebc21b e-con-full e-flex e-con e-child\" data-id=\"4aebc21b\" data-element_type=\"container\" data-e-type=\"container\">\n\t\t\t\t<div class=\"elementor-element elementor-element-29638c74 elementor-position-top elementor-widget elementor-widget-image-box\" data-id=\"29638c74\" data-element_type=\"widget\" data-e-type=\"widget\" data-widget_type=\"image-box.default\">\n\t\t\t\t<div class=\"elementor-widget-container\">\n\t\t\t\t\t<div class=\"elementor-image-box-wrapper\"><figure class=\"elementor-image-box-img\"><img decoding=\"async\" width=\"152\" height=\"150\" src=\"https:\/\/karayelpartners.com\/wp-content\/uploads\/2023\/05\/Proje-Gelistirme.svg\" class=\"attachment-full size-full wp-image-839\" alt=\"\" \/><\/figure><div class=\"elementor-image-box-content\"><h3 class=\"elementor-image-box-title\">Proje Geli\u015ftirme<\/h3><p class=\"elementor-image-box-description\">Proje Geli\u015ftirme hizmetimizle hayallerinizi ger\u00e7ekle\u015ftirebilir ve i\u015fletmenizi bir ad\u0131m \u00f6ne ta\u015f\u0131yabilirsiniz.<\/p><\/div><\/div>\t\t\t\t<\/div>\n\t\t\t\t<\/div>\n\t\t\t\t<div class=\"elementor-element elementor-element-48f929e3 elementor-align-center elementor-widget elementor-widget-button\" data-id=\"48f929e3\" data-element_type=\"widget\" data-e-type=\"widget\" data-widget_type=\"button.default\">\n\t\t\t\t<div class=\"elementor-widget-container\">\n\t\t\t\t\t\t\t\t\t<div class=\"elementor-button-wrapper\">\n\t\t\t\t\t<a class=\"elementor-button elementor-button-link elementor-size-sm\" href=\"https:\/\/karayelpartners.com\/hizmetler\/proje-gelistirme\/\">\n\t\t\t\t\t\t<span class=\"elementor-button-content-wrapper\">\n\t\t\t\t\t\t\t\t\t<span class=\"elementor-button-text\">Ke\u015ffet<\/span>\n\t\t\t\t\t<\/span>\n\t\t\t\t\t<\/a>\n\t\t\t\t<\/div>\n\t\t\t\t\t\t\t\t<\/div>\n\t\t\t\t<\/div>\n\t\t\t\t<\/div>\n\t\t<div class=\"elementor-element elementor-element-7a20b8a6 e-con-full e-flex e-con e-child\" data-id=\"7a20b8a6\" data-element_type=\"container\" data-e-type=\"container\">\n\t\t\t\t<div class=\"elementor-element elementor-element-180fd2a7 elementor-position-top elementor-widget elementor-widget-image-box\" data-id=\"180fd2a7\" data-element_type=\"widget\" data-e-type=\"widget\" data-widget_type=\"image-box.default\">\n\t\t\t\t<div class=\"elementor-widget-container\">\n\t\t\t\t\t<div class=\"elementor-image-box-wrapper\"><figure class=\"elementor-image-box-img\"><img decoding=\"async\" width=\"235\" height=\"181\" src=\"https:\/\/karayelpartners.com\/wp-content\/uploads\/2023\/05\/Muhendislik-ve-Tasarim.svg\" class=\"attachment-full size-full wp-image-838\" alt=\"\" \/><\/figure><div class=\"elementor-image-box-content\"><h3 class=\"elementor-image-box-title\">M\u00fchendislik ve Tasar\u0131m<\/h3><p class=\"elementor-image-box-description\">M\u00fchendislik ve tasar\u0131m hizmetlerimizle hayallerinizi ger\u00e7e\u011fe d\u00f6n\u00fc\u015ft\u00fcr\u00fcn ve projelerinizi bug\u00fcnden ba\u015flat\u0131n.<\/p><\/div><\/div>\t\t\t\t<\/div>\n\t\t\t\t<\/div>\n\t\t\t\t<div class=\"elementor-element elementor-element-178a9ab1 elementor-align-center elementor-widget elementor-widget-button\" data-id=\"178a9ab1\" data-element_type=\"widget\" data-e-type=\"widget\" data-widget_type=\"button.default\">\n\t\t\t\t<div class=\"elementor-widget-container\">\n\t\t\t\t\t\t\t\t\t<div class=\"elementor-button-wrapper\">\n\t\t\t\t\t<a class=\"elementor-button elementor-button-link elementor-size-sm\" href=\"https:\/\/karayelpartners.com\/hizmetler\/muhendislik-ve-tasarim\/\">\n\t\t\t\t\t\t<span class=\"elementor-button-content-wrapper\">\n\t\t\t\t\t\t\t\t\t<span class=\"elementor-button-text\">Ke\u015ffet<\/span>\n\t\t\t\t\t<\/span>\n\t\t\t\t\t<\/a>\n\t\t\t\t<\/div>\n\t\t\t\t\t\t\t\t<\/div>\n\t\t\t\t<\/div>\n\t\t\t\t<\/div>\n\t\t<div class=\"elementor-element elementor-element-5de635c7 e-con-full e-flex e-con e-child\" data-id=\"5de635c7\" data-element_type=\"container\" data-e-type=\"container\">\n\t\t\t\t<div class=\"elementor-element elementor-element-4684339e elementor-position-top elementor-widget elementor-widget-image-box\" data-id=\"4684339e\" data-element_type=\"widget\" data-e-type=\"widget\" data-widget_type=\"image-box.default\">\n\t\t\t\t<div class=\"elementor-widget-container\">\n\t\t\t\t\t<div class=\"elementor-image-box-wrapper\"><figure class=\"elementor-image-box-img\"><img loading=\"lazy\" decoding=\"async\" width=\"178\" height=\"150\" src=\"https:\/\/karayelpartners.com\/wp-content\/uploads\/2023\/05\/Pazar-Arastirmasi.svg\" class=\"attachment-full size-full wp-image-840\" alt=\"\" \/><\/figure><div class=\"elementor-image-box-content\"><h3 class=\"elementor-image-box-title\">Pazar Ara\u015ft\u0131rmas\u0131<\/h3><p class=\"elementor-image-box-description\">Pazar Ara\u015ft\u0131rmam\u0131zla, yeni f\u0131rsatlar\u0131 ke\u015ffederek i\u015finizi rakiplerin \u00f6n\u00fcne ta\u015f\u0131y\u0131n.<\/p><\/div><\/div>\t\t\t\t<\/div>\n\t\t\t\t<\/div>\n\t\t\t\t<div class=\"elementor-element elementor-element-10580ef1 elementor-align-center elementor-widget elementor-widget-button\" data-id=\"10580ef1\" data-element_type=\"widget\" data-e-type=\"widget\" data-widget_type=\"button.default\">\n\t\t\t\t<div class=\"elementor-widget-container\">\n\t\t\t\t\t\t\t\t\t<div class=\"elementor-button-wrapper\">\n\t\t\t\t\t<a class=\"elementor-button elementor-button-link elementor-size-sm\" href=\"https:\/\/karayelpartners.com\/hizmetler\/pazar-arastirmasi\/\">\n\t\t\t\t\t\t<span class=\"elementor-button-content-wrapper\">\n\t\t\t\t\t\t\t\t\t<span class=\"elementor-button-text\">Ke\u015ffet<\/span>\n\t\t\t\t\t<\/span>\n\t\t\t\t\t<\/a>\n\t\t\t\t<\/div>\n\t\t\t\t\t\t\t\t<\/div>\n\t\t\t\t<\/div>\n\t\t\t\t<\/div>\n\t\t<div class=\"elementor-element elementor-element-7a5069fe e-con-full e-flex e-con e-child\" data-id=\"7a5069fe\" data-element_type=\"container\" data-e-type=\"container\">\n\t\t\t\t<div class=\"elementor-element elementor-element-7a3ad02 elementor-position-top elementor-widget elementor-widget-image-box\" data-id=\"7a3ad02\" data-element_type=\"widget\" data-e-type=\"widget\" data-widget_type=\"image-box.default\">\n\t\t\t\t<div class=\"elementor-widget-container\">\n\t\t\t\t\t<div class=\"elementor-image-box-wrapper\"><figure class=\"elementor-image-box-img\"><img loading=\"lazy\" decoding=\"async\" width=\"241\" height=\"99\" src=\"https:\/\/karayelpartners.com\/wp-content\/uploads\/2023\/05\/Danismanlik-Hizmetleri.svg\" class=\"attachment-full size-full wp-image-837\" alt=\"\" \/><\/figure><div class=\"elementor-image-box-content\"><h3 class=\"elementor-image-box-title\">Dan\u0131\u015fmanl\u0131k Hizmetleri<\/h3><p class=\"elementor-image-box-description\">\u015eirketinizi b\u00fcy\u00fctmek i\u00e7in do\u011fru ad\u0131mlar\u0131 atman\u0131z\u0131 sa\u011flayacak dan\u0131\u015fmanl\u0131k hizmetlerimizle gelece\u011fe g\u00fcvenle ilerleyin.<\/p><\/div><\/div>\t\t\t\t<\/div>\n\t\t\t\t<\/div>\n\t\t\t\t<div class=\"elementor-element elementor-element-13039804 elementor-align-center elementor-widget elementor-widget-button\" data-id=\"13039804\" data-element_type=\"widget\" data-e-type=\"widget\" data-widget_type=\"button.default\">\n\t\t\t\t<div class=\"elementor-widget-container\">\n\t\t\t\t\t\t\t\t\t<div class=\"elementor-button-wrapper\">\n\t\t\t\t\t<a class=\"elementor-button elementor-button-link elementor-size-sm\" href=\"https:\/\/karayelpartners.com\/hizmetler\/danismanlik\/\">\n\t\t\t\t\t\t<span class=\"elementor-button-content-wrapper\">\n\t\t\t\t\t\t\t\t\t<span class=\"elementor-button-text\">Ke\u015ffet<\/span>\n\t\t\t\t\t<\/span>\n\t\t\t\t\t<\/a>\n\t\t\t\t<\/div>\n\t\t\t\t\t\t\t\t<\/div>\n\t\t\t\t<\/div>\n\t\t\t\t<\/div>\n\t\t<div class=\"elementor-element elementor-element-718972d3 e-con-full e-flex e-con e-child\" data-id=\"718972d3\" data-element_type=\"container\" data-e-type=\"container\">\n\t\t\t\t<div class=\"elementor-element elementor-element-1806b170 elementor-position-top elementor-widget elementor-widget-image-box\" data-id=\"1806b170\" data-element_type=\"widget\" data-e-type=\"widget\" data-widget_type=\"image-box.default\">\n\t\t\t\t<div class=\"elementor-widget-container\">\n\t\t\t\t\t<div class=\"elementor-image-box-wrapper\"><figure class=\"elementor-image-box-img\"><img loading=\"lazy\" decoding=\"async\" width=\"217\" height=\"132\" src=\"https:\/\/karayelpartners.com\/wp-content\/uploads\/2023\/05\/Rapor-ve-Ulke-Analiz-Hizmetleri.svg\" class=\"attachment-full size-full wp-image-836\" alt=\"\" \/><\/figure><div class=\"elementor-image-box-content\"><h3 class=\"elementor-image-box-title\">Rapor ve \u00dclke Analiz Hizmetleri<\/h3><p class=\"elementor-image-box-description\">K\u00fcresel i\u015f ortam\u0131n\u0131 anlamak i\u00e7in Rapor ve \u00dclke Analiz Hizmetleri\u2019ni ke\u015ffedin..<\/p><\/div><\/div>\t\t\t\t<\/div>\n\t\t\t\t<\/div>\n\t\t\t\t<div class=\"elementor-element elementor-element-717c756f elementor-align-center elementor-widget elementor-widget-button\" data-id=\"717c756f\" data-element_type=\"widget\" data-e-type=\"widget\" data-widget_type=\"button.default\">\n\t\t\t\t<div class=\"elementor-widget-container\">\n\t\t\t\t\t\t\t\t\t<div class=\"elementor-button-wrapper\">\n\t\t\t\t\t<a class=\"elementor-button elementor-button-link elementor-size-sm\" href=\"https:\/\/karayelpartners.com\/hizmetler\/rapor-ve-ulke-analizleri\/\">\n\t\t\t\t\t\t<span class=\"elementor-button-content-wrapper\">\n\t\t\t\t\t\t\t\t\t<span class=\"elementor-button-text\">Ke\u015ffet<\/span>\n\t\t\t\t\t<\/span>\n\t\t\t\t\t<\/a>\n\t\t\t\t<\/div>\n\t\t\t\t\t\t\t\t<\/div>\n\t\t\t\t<\/div>\n\t\t\t\t<\/div>\n\t\t<div class=\"elementor-element elementor-element-69513b95 e-con-full e-flex e-con e-child\" data-id=\"69513b95\" data-element_type=\"container\" data-e-type=\"container\">\n\t\t\t\t<div class=\"elementor-element elementor-element-381c6a40 elementor-position-top elementor-widget elementor-widget-image-box\" data-id=\"381c6a40\" data-element_type=\"widget\" data-e-type=\"widget\" data-widget_type=\"image-box.default\">\n\t\t\t\t<div class=\"elementor-widget-container\">\n\t\t\t\t\t<div class=\"elementor-image-box-wrapper\"><figure class=\"elementor-image-box-img\"><img loading=\"lazy\" decoding=\"async\" width=\"208\" height=\"155\" src=\"https:\/\/karayelpartners.com\/wp-content\/uploads\/2023\/05\/Uluslararasi-Vergi-Danismanlik-Hizmetleri.svg\" class=\"attachment-full size-full wp-image-835\" alt=\"\" \/><\/figure><div class=\"elementor-image-box-content\"><h3 class=\"elementor-image-box-title\">Uluslararas\u0131 Vergi Dan\u0131\u015fmanl\u0131k Hizmetleri<\/h3><p class=\"elementor-image-box-description\">Uluslararas\u0131 vergi konular\u0131nda uzmanla\u015fm\u0131\u015f dan\u0131\u015fmanlar\u0131m\u0131zla i\u015fletmenizi gelece\u011fe ta\u015f\u0131y\u0131n.<\/p><\/div><\/div>\t\t\t\t<\/div>\n\t\t\t\t<\/div>\n\t\t\t\t<div class=\"elementor-element elementor-element-4949d38c elementor-align-center elementor-widget elementor-widget-button\" data-id=\"4949d38c\" data-element_type=\"widget\" data-e-type=\"widget\" data-widget_type=\"button.default\">\n\t\t\t\t<div class=\"elementor-widget-container\">\n\t\t\t\t\t\t\t\t\t<div class=\"elementor-button-wrapper\">\n\t\t\t\t\t<a class=\"elementor-button elementor-button-link elementor-size-sm\" href=\"https:\/\/karayelpartners.com\/hizmetler\/uluslararasi-vergi-danismanligi\/\">\n\t\t\t\t\t\t<span class=\"elementor-button-content-wrapper\">\n\t\t\t\t\t\t\t\t\t<span class=\"elementor-button-text\">Ke\u015ffet<\/span>\n\t\t\t\t\t<\/span>\n\t\t\t\t\t<\/a>\n\t\t\t\t<\/div>\n\t\t\t\t\t\t\t\t<\/div>\n\t\t\t\t<\/div>\n\t\t\t\t<\/div>\n\t\t<div class=\"elementor-element elementor-element-4d5b23fd e-con-full e-flex e-con e-child\" data-id=\"4d5b23fd\" data-element_type=\"container\" data-e-type=\"container\">\n\t\t\t\t<div class=\"elementor-element elementor-element-24696ca2 elementor-position-top elementor-widget elementor-widget-image-box\" data-id=\"24696ca2\" data-element_type=\"widget\" data-e-type=\"widget\" data-widget_type=\"image-box.default\">\n\t\t\t\t<div class=\"elementor-widget-container\">\n\t\t\t\t\t<div class=\"elementor-image-box-wrapper\"><figure class=\"elementor-image-box-img\"><img loading=\"lazy\" decoding=\"async\" width=\"222\" height=\"81\" src=\"https:\/\/karayelpartners.com\/wp-content\/uploads\/2023\/05\/Varlik-Yonetimi.svg\" class=\"attachment-full size-full wp-image-834\" alt=\"\" \/><\/figure><div class=\"elementor-image-box-content\"><h3 class=\"elementor-image-box-title\">Varl\u0131k Y\u00f6netimi<\/h3><p class=\"elementor-image-box-description\">Varl\u0131k y\u00f6netimi hizmetlerimiz, stratejik planlama, varl\u0131k takibi ve portf\u00f6y y\u00f6netimi gibi alanlarda kapsaml\u0131 bir hizmet yelpazesi sunar.<\/p><\/div><\/div>\t\t\t\t<\/div>\n\t\t\t\t<\/div>\n\t\t\t\t<div class=\"elementor-element elementor-element-1173a3a5 elementor-align-center elementor-widget elementor-widget-button\" data-id=\"1173a3a5\" data-element_type=\"widget\" data-e-type=\"widget\" data-widget_type=\"button.default\">\n\t\t\t\t<div class=\"elementor-widget-container\">\n\t\t\t\t\t\t\t\t\t<div class=\"elementor-button-wrapper\">\n\t\t\t\t\t<a class=\"elementor-button elementor-button-link elementor-size-sm\" href=\"https:\/\/karayelpartners.com\/hizmetler\/varlik-yonetimi\/\">\n\t\t\t\t\t\t<span class=\"elementor-button-content-wrapper\">\n\t\t\t\t\t\t\t\t\t<span class=\"elementor-button-text\">Ke\u015ffet<\/span>\n\t\t\t\t\t<\/span>\n\t\t\t\t\t<\/a>\n\t\t\t\t<\/div>\n\t\t\t\t\t\t\t\t<\/div>\n\t\t\t\t<\/div>\n\t\t\t\t<\/div>\n\t\t\t\t\t<\/div>\n\t\t\t\t<\/div>\n\t\t\t\t<\/div>\n\t\t","protected":false},"excerpt":{"rendered":"<p>Hizmetlerimiz Yat\u0131r\u0131m Y\u00f6netimi Dan\u0131\u015fmanl\u0131\u011f\u0131 En uygun yat\u0131r\u0131m f\u0131rsatlar\u0131n\u0131 ke\u015ffetmek ve ba\u015far\u0131yla y\u00f6netmek i\u00e7in uzman kadromuzla birlikte \u00e7al\u0131\u015f\u0131n! Ke\u015ffet Proje Geli\u015ftirme Proje Geli\u015ftirme hizmetimizle hayallerinizi ger\u00e7ekle\u015ftirebilir ve i\u015fletmenizi bir ad\u0131m \u00f6ne ta\u015f\u0131yabilirsiniz. Ke\u015ffet M\u00fchendislik ve Tasar\u0131m M\u00fchendislik ve tasar\u0131m hizmetlerimizle hayallerinizi ger\u00e7e\u011fe d\u00f6n\u00fc\u015ft\u00fcr\u00fcn ve projelerinizi bug\u00fcnden ba\u015flat\u0131n. Ke\u015ffet Pazar Ara\u015ft\u0131rmas\u0131 Pazar Ara\u015ft\u0131rmam\u0131zla, yeni f\u0131rsatlar\u0131 ke\u015ffederek i\u015finizi [&hellip;]<\/p>\n","protected":false},"author":3,"featured_media":0,"parent":0,"menu_order":0,"comment_status":"closed","ping_status":"closed","template":"elementor_header_footer","meta":{"iawp_total_views":46,"footnotes":""},"class_list":["post-2149","page","type-page","status-publish","hentry"],"_links":{"self":[{"href":"https:\/\/karayelpartners.com\/tr_tr\/wp-json\/wp\/v2\/pages\/2149","targetHints":{"allow":["GET"]}}],"collection":[{"href":"https:\/\/karayelpartners.com\/tr_tr\/wp-json\/wp\/v2\/pages"}],"about":[{"href":"https:\/\/karayelpartners.com\/tr_tr\/wp-json\/wp\/v2\/types\/page"}],"author":[{"embeddable":true,"href":"https:\/\/karayelpartners.com\/tr_tr\/wp-json\/wp\/v2\/users\/3"}],"replies":[{"embeddable":true,"href":"https:\/\/karayelpartners.com\/tr_tr\/wp-json\/wp\/v2\/comments?post=2149"}],"version-history":[{"count":3,"href":"https:\/\/karayelpartners.com\/tr_tr\/wp-json\/wp\/v2\/pages\/2149\/revisions"}],"predecessor-version":[{"id":10798,"href":"https:\/\/karayelpartners.com\/tr_tr\/wp-json\/wp\/v2\/pages\/2149\/revisions\/10798"}],"wp:attachment":[{"href":"https:\/\/karayelpartners.com\/tr_tr\/wp-json\/wp\/v2\/media?parent=2149"}],"curies":[{"name":"wp","href":"https:\/\/api.w.org\/{rel}","templated":true}]}}