{"id":5783,"date":"2023-07-02T16:34:05","date_gmt":"2023-07-02T16:34:05","guid":{"rendered":"https:\/\/karayelpartners.com\/?page_id=5783"},"modified":"2023-11-07T15:34:45","modified_gmt":"2023-11-07T15:34:45","slug":"%d0%b1%d0%be%d0%b4%d1%80%d1%83%d0%bc-%d0%be%d1%82%d0%b5%d0%bb%d1%8c-%d1%81%d0%bf%d0%b0-%d0%b2%d0%b8%d0%bb%d0%bb%d1%8b-2","status":"publish","type":"page","link":"https:\/\/karayelpartners.com\/ru\/%d1%81%d1%82%d1%80%d0%b0%d0%bd%d1%8b-%d0%bf%d1%80%d0%be%d0%b5%d0%ba%d1%82%d0%be%d0%b2\/%d0%be%d1%82%d0%b5%d0%bb%d1%8c\/%d0%b1%d0%be%d0%b4%d1%80%d1%83%d0%bc-%d0%be%d1%82%d0%b5%d0%bb%d1%8c-%d1%81%d0%bf%d0%b0-%d0%b2%d0%b8%d0%bb%d0%bb%d1%8b-2\/","title":{"rendered":"\u0411\u043e\u0434\u0440\u0443\u043c \u041e\u0442\u0435\u043b\u044c \u0421\u043f\u0430 \u0412\u0438\u043b\u043b\u044b"},"content":{"rendered":"\t\t<div data-elementor-type=\"wp-page\" data-elementor-id=\"5783\" class=\"elementor elementor-5783\" data-elementor-post-type=\"page\">\n\t\t\t\t<div class=\"elementor-element elementor-element-146e6780 e-flex e-con-boxed e-con e-parent\" data-id=\"146e6780\" data-element_type=\"container\" data-e-type=\"container\">\n\t\t\t\t\t<div class=\"e-con-inner\">\n\t\t<div class=\"elementor-element elementor-element-506f0190 e-con-full e-flex e-con e-child\" data-id=\"506f0190\" data-element_type=\"container\" data-e-type=\"container\">\n\t\t\t\t<div class=\"elementor-element elementor-element-4287ce5f elementor-widget elementor-widget-google_maps\" data-id=\"4287ce5f\" data-element_type=\"widget\" data-e-type=\"widget\" data-widget_type=\"google_maps.default\">\n\t\t\t\t<div class=\"elementor-widget-container\">\n\t\t\t\t\t\t\t<div class=\"elementor-custom-embed\">\n\t\t\t<iframe loading=\"lazy\"\n\t\t\t\t\tsrc=\"https:\/\/maps.google.com\/maps?q=bodrum&#038;t=m&#038;z=18&#038;output=embed&#038;iwloc=near\"\n\t\t\t\t\ttitle=\"bodrum\"\n\t\t\t\t\taria-label=\"bodrum\"\n\t\t\t><\/iframe>\n\t\t<\/div>\n\t\t\t\t\t\t<\/div>\n\t\t\t\t<\/div>\n\t\t\t\t<\/div>\n\t\t<div class=\"elementor-element elementor-element-7113a0cd e-con-full e-flex e-con e-child\" data-id=\"7113a0cd\" data-element_type=\"container\" data-e-type=\"container\">\n\t\t\t\t<div class=\"elementor-element elementor-element-5c016d00 elementor-widget elementor-widget-heading\" data-id=\"5c016d00\" data-element_type=\"widget\" data-e-type=\"widget\" data-widget_type=\"heading.default\">\n\t\t\t\t<div class=\"elementor-widget-container\">\n\t\t\t\t\t<h2 class=\"elementor-heading-title elementor-size-default\">T\u00fcrkiye<div>Bodrum Otel Spa Villalar\u0131\n<\/div><\/h2>\t\t\t\t<\/div>\n\t\t\t\t<\/div>\n\t\t\t\t<\/div>\n\t\t<div class=\"elementor-element elementor-element-5399cb72 e-con-full e-flex e-con e-child\" data-id=\"5399cb72\" data-element_type=\"container\" data-e-type=\"container\">\n\t\t\t\t<div class=\"elementor-element elementor-element-7ec2dfa8 elementor-widget__width-initial elementor-widget elementor-widget-text-editor\" data-id=\"7ec2dfa8\" data-element_type=\"widget\" data-e-type=\"widget\" data-widget_type=\"text-editor.default\">\n\t\t\t\t<div class=\"elementor-widget-container\">\n\t\t\t\t\t\t\t\t\t<p><strong>Karayel &amp; Partners<\/strong>, 2023 y\u0131l\u0131nda T\u00fcrkiye &#8211; Bodrum&#8217;daki &#8216;Otel Spa Villalar\u0131&#8217; projesinde 50 odal\u0131 ve 4.000 m\u00b2 alana sahip otel i\u00e7in yat\u0131r\u0131m y\u00f6netimi hizmeti vermi\u015ftir.<\/p>\t\t\t\t\t\t\t\t<\/div>\n\t\t\t\t<\/div>\n\t\t\t\t<\/div>\n\t\t<div class=\"elementor-element elementor-element-1292ebe6 e-con-full e-flex e-con e-child\" data-id=\"1292ebe6\" data-element_type=\"container\" data-e-type=\"container\">\n\t\t\t\t<div class=\"elementor-element elementor-element-a495a72 elementor-widget elementor-widget-image\" data-id=\"a495a72\" data-element_type=\"widget\" data-e-type=\"widget\" data-widget_type=\"image.default\">\n\t\t\t\t<div class=\"elementor-widget-container\">\n\t\t\t\t\t\t\t\t\t\t\t\t\t\t\t<img fetchpriority=\"high\" decoding=\"async\" width=\"370\" height=\"320\" src=\"https:\/\/karayelpartners.com\/wp-content\/uploads\/2023\/07\/Bodrum-Otel-Spa-Villalari-1.png\" class=\"attachment-full size-full wp-image-6165\" alt=\"\" srcset=\"https:\/\/karayelpartners.com\/wp-content\/uploads\/2023\/07\/Bodrum-Otel-Spa-Villalari-1.png 370w, https:\/\/karayelpartners.com\/wp-content\/uploads\/2023\/07\/Bodrum-Otel-Spa-Villalari-1-300x259.png 300w\" sizes=\"(max-width: 370px) 100vw, 370px\" \/>\t\t\t\t\t\t\t\t\t\t\t\t\t\t\t<\/div>\n\t\t\t\t<\/div>\n\t\t\t\t<\/div>\n\t\t<div class=\"elementor-element elementor-element-e3e3202 e-con-full e-flex e-con e-child\" data-id=\"e3e3202\" data-element_type=\"container\" data-e-type=\"container\">\n\t\t\t\t<div class=\"elementor-element elementor-element-0f95281 elementor-widget elementor-widget-image\" data-id=\"0f95281\" data-element_type=\"widget\" data-e-type=\"widget\" data-widget_type=\"image.default\">\n\t\t\t\t<div class=\"elementor-widget-container\">\n\t\t\t\t\t\t\t\t\t\t\t\t\t\t\t<img decoding=\"async\" width=\"370\" height=\"320\" src=\"https:\/\/karayelpartners.com\/wp-content\/uploads\/2023\/07\/Bodrum-Otel-Spa-Villalari-2.png\" class=\"attachment-full size-full wp-image-6167\" alt=\"\" srcset=\"https:\/\/karayelpartners.com\/wp-content\/uploads\/2023\/07\/Bodrum-Otel-Spa-Villalari-2.png 370w, https:\/\/karayelpartners.com\/wp-content\/uploads\/2023\/07\/Bodrum-Otel-Spa-Villalari-2-300x259.png 300w\" sizes=\"(max-width: 370px) 100vw, 370px\" \/>\t\t\t\t\t\t\t\t\t\t\t\t\t\t\t<\/div>\n\t\t\t\t<\/div>\n\t\t\t\t<\/div>\n\t\t<div class=\"elementor-element elementor-element-c20a1dc e-con-full e-flex e-con e-child\" data-id=\"c20a1dc\" data-element_type=\"container\" data-e-type=\"container\">\n\t\t\t\t<div class=\"elementor-element elementor-element-5045441 elementor-widget elementor-widget-image\" data-id=\"5045441\" data-element_type=\"widget\" data-e-type=\"widget\" data-widget_type=\"image.default\">\n\t\t\t\t<div class=\"elementor-widget-container\">\n\t\t\t\t\t\t\t\t\t\t\t\t\t\t\t<img decoding=\"async\" width=\"370\" height=\"320\" src=\"https:\/\/karayelpartners.com\/wp-content\/uploads\/2023\/07\/Bodrum-Otel-Spa-Villalari-3.png\" class=\"attachment-full size-full wp-image-6166\" alt=\"\" srcset=\"https:\/\/karayelpartners.com\/wp-content\/uploads\/2023\/07\/Bodrum-Otel-Spa-Villalari-3.png 370w, https:\/\/karayelpartners.com\/wp-content\/uploads\/2023\/07\/Bodrum-Otel-Spa-Villalari-3-300x259.png 300w\" sizes=\"(max-width: 370px) 100vw, 370px\" \/>\t\t\t\t\t\t\t\t\t\t\t\t\t\t\t<\/div>\n\t\t\t\t<\/div>\n\t\t\t\t<\/div>\n\t\t\t\t\t<\/div>\n\t\t\t\t<\/div>\n\t\t<div class=\"elementor-element elementor-element-6aa130b e-flex e-con-boxed e-con e-parent\" data-id=\"6aa130b\" data-element_type=\"container\" data-e-type=\"container\" data-settings=\"{&quot;background_background&quot;:&quot;classic&quot;}\">\n\t\t\t\t\t<div class=\"e-con-inner\">\n\t\t<div class=\"elementor-element elementor-element-bcc8ada e-con-full e-flex e-con e-child\" data-id=\"bcc8ada\" data-element_type=\"container\" data-e-type=\"container\">\n\t\t\t\t<div class=\"elementor-element elementor-element-f1087f6 elementor-widget elementor-widget-image\" data-id=\"f1087f6\" data-element_type=\"widget\" data-e-type=\"widget\" data-widget_type=\"image.default\">\n\t\t\t\t<div class=\"elementor-widget-container\">\n\t\t\t\t\t\t\t\t\t\t\t\t\t\t\t<img loading=\"lazy\" decoding=\"async\" width=\"1080\" height=\"1080\" src=\"https:\/\/karayelpartners.com\/wp-content\/uploads\/2023\/05\/insaat-ve-muhendislik.gif\" class=\"attachment-full size-full wp-image-3269\" alt=\"\" \/>\t\t\t\t\t\t\t\t\t\t\t\t\t\t\t<\/div>\n\t\t\t\t<\/div>\n\t\t\t\t<\/div>\n\t\t<div class=\"elementor-element elementor-element-9f63973 e-con-full e-flex e-con e-child\" data-id=\"9f63973\" data-element_type=\"container\" data-e-type=\"container\">\n\t\t\t\t<div class=\"elementor-element elementor-element-e1a4953 elementor-widget elementor-widget-heading\" data-id=\"e1a4953\" data-element_type=\"widget\" data-e-type=\"widget\" data-widget_type=\"heading.default\">\n\t\t\t\t<div class=\"elementor-widget-container\">\n\t\t\t\t\t<h2 class=\"elementor-heading-title elementor-size-default\">\u0130n\u015faat Projelerinizde \u0130novasyon ve Kalite<\/h2>\t\t\t\t<\/div>\n\t\t\t\t<\/div>\n\t\t\t\t<div class=\"elementor-element elementor-element-5ea8754 elementor-widget elementor-widget-text-editor\" data-id=\"5ea8754\" data-element_type=\"widget\" data-e-type=\"widget\" data-widget_type=\"text-editor.default\">\n\t\t\t\t<div class=\"elementor-widget-container\">\n\t\t\t\t\t\t\t\t\t<p>\u0130n\u015faat projelerinizde kalite ve yenilik\u00e7ilik ar\u0131yorsan\u0131z, uzman ekibimiz sizinle birlikte \u00e7al\u0131\u015fmaya haz\u0131r. Projelerinizi en y\u00fcksek standartlarda tamamlamak i\u00e7in bizimle ileti\u015fime ge\u00e7in.<\/p>\t\t\t\t\t\t\t\t<\/div>\n\t\t\t\t<\/div>\n\t\t\t\t<\/div>\n\t\t\t\t\t<\/div>\n\t\t\t\t<\/div>\n\t\t<div class=\"elementor-element elementor-element-15c9077 e-flex e-con-boxed e-con e-parent\" data-id=\"15c9077\" data-element_type=\"container\" data-e-type=\"container\" data-settings=\"{&quot;background_background&quot;:&quot;classic&quot;}\">\n\t\t\t\t\t<div class=\"e-con-inner\">\n\t\t<div class=\"elementor-element elementor-element-7512012 e-con-full e-flex e-con e-child\" data-id=\"7512012\" data-element_type=\"container\" data-e-type=\"container\">\n\t\t\t\t<div class=\"elementor-element elementor-element-11acbea elementor-button-align-stretch elementor-widget elementor-widget-form\" data-id=\"11acbea\" data-element_type=\"widget\" data-e-type=\"widget\" data-settings=\"{&quot;step_next_label&quot;:&quot;Next&quot;,&quot;step_previous_label&quot;:&quot;Previous&quot;,&quot;button_width&quot;:&quot;100&quot;,&quot;step_type&quot;:&quot;number_text&quot;,&quot;step_icon_shape&quot;:&quot;circle&quot;}\" data-widget_type=\"form.default\">\n\t\t\t\t<div class=\"elementor-widget-container\">\n\t\t\t\t\t\t\t<form class=\"elementor-form\" method=\"post\" name=\"G\u00f6r\u00fc\u015fme Planla Form\" aria-label=\"G\u00f6r\u00fc\u015fme Planla Form\">\n\t\t\t<input type=\"hidden\" name=\"post_id\" value=\"5783\"\/>\n\t\t\t<input type=\"hidden\" name=\"form_id\" value=\"11acbea\"\/>\n\t\t\t<input type=\"hidden\" name=\"referer_title\" value=\"Bodrum Otel Spa Villalar\u0131\" \/>\n\n\t\t\t\t\t\t\t<input type=\"hidden\" name=\"queried_id\" value=\"5783\"\/>\n\t\t\t\n\t\t\t<div class=\"elementor-form-fields-wrapper elementor-labels-above\">\n\t\t\t\t\t\t\t\t<div class=\"elementor-field-type-text elementor-field-group elementor-column elementor-field-group-name elementor-col-50 elementor-field-required elementor-mark-required\">\n\t\t\t\t\t\t\t\t\t\t\t\t<label for=\"form-field-name\" class=\"elementor-field-label\">\n\t\t\t\t\t\t\t\t\u0130sim\t\t\t\t\t\t\t<\/label>\n\t\t\t\t\t\t\t\t\t\t\t\t\t\t<input size=\"1\" type=\"text\" name=\"form_fields[name]\" id=\"form-field-name\" class=\"elementor-field elementor-size-sm  elementor-field-textual\" required=\"required\">\n\t\t\t\t\t\t\t\t\t\t\t<\/div>\n\t\t\t\t\t\t\t\t<div class=\"elementor-field-type-email elementor-field-group elementor-column elementor-field-group-field_8bd9833 elementor-col-50 elementor-field-required elementor-mark-required\">\n\t\t\t\t\t\t\t\t\t\t\t\t<label for=\"form-field-field_8bd9833\" class=\"elementor-field-label\">\n\t\t\t\t\t\t\t\tEposta\t\t\t\t\t\t\t<\/label>\n\t\t\t\t\t\t\t\t\t\t\t\t\t\t<input size=\"1\" type=\"email\" name=\"form_fields[field_8bd9833]\" id=\"form-field-field_8bd9833\" class=\"elementor-field elementor-size-sm  elementor-field-textual\" required=\"required\">\n\t\t\t\t\t\t\t\t\t\t\t<\/div>\n\t\t\t\t\t\t\t\t<div class=\"elementor-field-type-textarea elementor-field-group elementor-column elementor-field-group-field_5d63c91 elementor-col-50 elementor-field-required elementor-mark-required\">\n\t\t\t\t\t\t\t\t\t\t\t\t<label for=\"form-field-field_5d63c91\" class=\"elementor-field-label\">\n\t\t\t\t\t\t\t\tGelecek Perspektifiniz Nedir?\t\t\t\t\t\t\t<\/label>\n\t\t\t\t\t\t<textarea class=\"elementor-field-textual elementor-field  elementor-size-sm\" name=\"form_fields[field_5d63c91]\" id=\"form-field-field_5d63c91\" rows=\"3\" required=\"required\"><\/textarea>\t\t\t\t<\/div>\n\t\t\t\t\t\t\t\t<div class=\"elementor-field-type-textarea elementor-field-group elementor-column elementor-field-group-field_e854b93 elementor-col-50 elementor-field-required elementor-mark-required\">\n\t\t\t\t\t\t\t\t\t\t\t\t<label for=\"form-field-field_e854b93\" class=\"elementor-field-label\">\n\t\t\t\t\t\t\t\t\u015eirketinizdeki \u00c7al\u0131\u015fan Say\u0131s\u0131n\u0131 Belirtir Misiniz?\t\t\t\t\t\t\t<\/label>\n\t\t\t\t\t\t<textarea class=\"elementor-field-textual elementor-field  elementor-size-sm\" name=\"form_fields[field_e854b93]\" id=\"form-field-field_e854b93\" rows=\"3\" required=\"required\"><\/textarea>\t\t\t\t<\/div>\n\t\t\t\t\t\t\t\t<div class=\"elementor-field-type-textarea elementor-field-group elementor-column elementor-field-group-field_006c226 elementor-col-50 elementor-field-required elementor-mark-required\">\n\t\t\t\t\t\t\t\t\t\t\t\t<label for=\"form-field-field_006c226\" class=\"elementor-field-label\">\n\t\t\t\t\t\t\t\t\u015eirketlerin Faaliyet Alanlar\u0131 Nelerdir?\t\t\t\t\t\t\t<\/label>\n\t\t\t\t\t\t<textarea class=\"elementor-field-textual elementor-field  elementor-size-sm\" name=\"form_fields[field_006c226]\" id=\"form-field-field_006c226\" rows=\"3\" required=\"required\"><\/textarea>\t\t\t\t<\/div>\n\t\t\t\t\t\t\t\t<div class=\"elementor-field-group elementor-column elementor-field-type-submit elementor-col-100 e-form__buttons\">\n\t\t\t\t\t<button class=\"elementor-button elementor-size-sm\" type=\"submit\">\n\t\t\t\t\t\t<span class=\"elementor-button-content-wrapper\">\n\t\t\t\t\t\t\t\t\t\t\t\t\t\t\t\t\t\t\t\t\t\t<span class=\"elementor-button-text\">G\u00f6r\u00fc\u015fme Planla<\/span>\n\t\t\t\t\t\t\t\t\t\t\t\t\t<\/span>\n\t\t\t\t\t<\/button>\n\t\t\t\t<\/div>\n\t\t\t<\/div>\n\t\t<\/form>\n\t\t\t\t\t\t<\/div>\n\t\t\t\t<\/div>\n\t\t\t\t<\/div>\n\t\t\t\t\t<\/div>\n\t\t\t\t<\/div>\n\t\t\t\t<\/div>\n\t\t","protected":false},"excerpt":{"rendered":"<p>T\u00fcrkiyeBodrum Otel Spa Villalar\u0131 Karayel &amp; Partners, 2023 y\u0131l\u0131nda T\u00fcrkiye &#8211; Bodrum&#8217;daki &#8216;Otel Spa Villalar\u0131&#8217; projesinde 50 odal\u0131 ve 4.000 m\u00b2 alana sahip otel i\u00e7in yat\u0131r\u0131m y\u00f6netimi hizmeti vermi\u015ftir. \u0130n\u015faat Projelerinizde \u0130novasyon ve Kalite \u0130n\u015faat projelerinizde kalite ve yenilik\u00e7ilik ar\u0131yorsan\u0131z, uzman ekibimiz sizinle birlikte \u00e7al\u0131\u015fmaya haz\u0131r. Projelerinizi en y\u00fcksek standartlarda tamamlamak i\u00e7in bizimle ileti\u015fime ge\u00e7in.<\/p>","protected":false},"author":3,"featured_media":0,"parent":3743,"menu_order":1,"comment_status":"closed","ping_status":"closed","template":"elementor_header_footer","meta":{"iawp_total_views":9,"footnotes":""},"class_list":["post-5783","page","type-page","status-publish","hentry"],"_links":{"self":[{"href":"https:\/\/karayelpartners.com\/ru\/wp-json\/wp\/v2\/pages\/5783","targetHints":{"allow":["GET"]}}],"collection":[{"href":"https:\/\/karayelpartners.com\/ru\/wp-json\/wp\/v2\/pages"}],"about":[{"href":"https:\/\/karayelpartners.com\/ru\/wp-json\/wp\/v2\/types\/page"}],"author":[{"embeddable":true,"href":"https:\/\/karayelpartners.com\/ru\/wp-json\/wp\/v2\/users\/3"}],"replies":[{"embeddable":true,"href":"https:\/\/karayelpartners.com\/ru\/wp-json\/wp\/v2\/comments?post=5783"}],"version-history":[{"count":0,"href":"https:\/\/karayelpartners.com\/ru\/wp-json\/wp\/v2\/pages\/5783\/revisions"}],"up":[{"embeddable":true,"href":"https:\/\/karayelpartners.com\/ru\/wp-json\/wp\/v2\/pages\/3743"}],"wp:attachment":[{"href":"https:\/\/karayelpartners.com\/ru\/wp-json\/wp\/v2\/media?parent=5783"}],"curies":[{"name":"wp","href":"https:\/\/api.w.org\/{rel}","templated":true}]}}