{"id":5406,"date":"2023-06-30T09:05:12","date_gmt":"2023-06-30T09:05:12","guid":{"rendered":"https:\/\/karayelpartners.com\/?page_id=5406"},"modified":"2023-11-07T15:32:30","modified_gmt":"2023-11-07T15:32:30","slug":"%d0%bc%d0%b8%d1%81%d1%81%d0%b8%d1%8f","status":"publish","type":"page","link":"https:\/\/karayelpartners.com\/ru\/%d0%bc%d0%b8%d1%81%d1%81%d0%b8%d1%8f\/","title":{"rendered":"\u041c\u0438\u0441\u0441\u0438\u044f"},"content":{"rendered":"<div data-elementor-type=\"wp-page\" data-elementor-id=\"5406\" class=\"elementor elementor-5406\" data-elementor-post-type=\"page\">\n\t\t\t\t<div class=\"elementor-element elementor-element-12cbca2d e-flex e-con-boxed e-con e-parent\" data-id=\"12cbca2d\" data-element_type=\"container\" data-e-type=\"container\">\n\t\t\t\t\t<div class=\"e-con-inner\">\n\t\t<div class=\"elementor-element elementor-element-5813b28b e-con-full e-flex e-con e-child\" data-id=\"5813b28b\" data-element_type=\"container\" data-e-type=\"container\">\n\t\t\t\t<div class=\"elementor-element elementor-element-4eb49e11 elementor-widget__width-initial elementor-widget elementor-widget-heading\" data-id=\"4eb49e11\" data-element_type=\"widget\" data-e-type=\"widget\" data-widget_type=\"heading.default\">\n\t\t\t\t<div class=\"elementor-widget-container\">\n\t\t\t\t\t<h2 class=\"elementor-heading-title elementor-size-default\">Karayel &amp; Partners<\/h2>\t\t\t\t<\/div>\n\t\t\t\t<\/div>\n\t\t\t\t<\/div>\n\t\t\t\t\t<\/div>\n\t\t\t\t<\/div>\n\t\t<div class=\"elementor-element elementor-element-5c213298 e-con-full e-flex e-con e-parent\" data-id=\"5c213298\" data-element_type=\"container\" data-e-type=\"container\">\n\t\t\t\t<div class=\"elementor-element elementor-element-44d17af7 elementor-widget-divider--view-line elementor-widget elementor-widget-divider\" data-id=\"44d17af7\" data-element_type=\"widget\" data-e-type=\"widget\" data-widget_type=\"divider.default\">\n\t\t\t\t<div class=\"elementor-widget-container\">\n\t\t\t\t\t\t\t<div class=\"elementor-divider\">\n\t\t\t<span class=\"elementor-divider-separator\">\n\t\t\t\t\t\t<\/span>\n\t\t<\/div>\n\t\t\t\t\t\t<\/div>\n\t\t\t\t<\/div>\n\t\t\t\t<\/div>\n\t\t<div class=\"elementor-element elementor-element-7e55c08b e-flex e-con-boxed e-con e-parent\" data-id=\"7e55c08b\" data-element_type=\"container\" data-e-type=\"container\">\n\t\t\t\t\t<div class=\"e-con-inner\">\n\t\t<div class=\"elementor-element elementor-element-5df3981 e-con-full e-flex e-con e-child\" data-id=\"5df3981\" data-element_type=\"container\" data-e-type=\"container\">\n\t\t\t\t<div class=\"elementor-element elementor-element-1713c413 elementor-widget elementor-widget-heading\" data-id=\"1713c413\" data-element_type=\"widget\" data-e-type=\"widget\" data-widget_type=\"heading.default\">\n\t\t\t\t<div class=\"elementor-widget-container\">\n\t\t\t\t\t<h2 class=\"elementor-heading-title elementor-size-default\">\u041c\u0438\u0441\u0441\u0438\u044f<\/h2>\t\t\t\t<\/div>\n\t\t\t\t<\/div>\n\t\t\t\t<\/div>\n\t\t<div class=\"elementor-element elementor-element-d06f03c e-con-full e-flex e-con e-child\" data-id=\"d06f03c\" data-element_type=\"container\" data-e-type=\"container\">\n\t\t\t\t<div class=\"elementor-element elementor-element-3cda9b7f elementor-widget elementor-widget-text-editor\" data-id=\"3cda9b7f\" data-element_type=\"widget\" data-e-type=\"widget\" data-widget_type=\"text-editor.default\">\n\t\t\t\t<div class=\"elementor-widget-container\">\n\t\t\t\t\t\t\t\t\t<p style=\"font-weight: 400;\">\u041f\u043e\u043c\u043e\u0433\u0430\u0435\u043c \u043d\u0430\u0448\u0438\u043c \u043f\u0430\u0440\u0442\u043d\u0435\u0440\u0430\u043c \u0440\u0430\u0437\u0432\u0438\u0432\u0430\u0442\u044c \u0441\u0432\u043e\u0439 \u0431\u0438\u0437\u043d\u0435\u0441 \u0438 \u0438\u0441\u043f\u043e\u043b\u044c\u0437\u043e\u0432\u0430\u0442\u044c \u0432\u043e\u0437\u043c\u043e\u0436\u043d\u043e\u0441\u0442\u0438 \u0433\u043b\u043e\u0431\u0430\u043b\u044c\u043d\u044b\u0445 \u0440\u044b\u043d\u043a\u043e\u0432. \"<strong>Karayel &amp; Partners<\/strong>\" \u043f\u0440\u0435\u0434\u043e\u0441\u0442\u0430\u0432\u043b\u044f\u0442\u044c \u043a\u043e\u043d\u0441\u0443\u043b\u044c\u0442\u0430\u0446\u0438\u043e\u043d\u043d\u044b\u0435 \u0443\u0441\u043b\u0443\u0433\u0438 \u0438 \u0438\u043d\u0432\u0435\u0441\u0442\u0438\u0446\u0438\u043e\u043d\u043d\u044b\u0435 \u0430\u043b\u044c\u0442\u0435\u0440\u043d\u0430\u0442\u0438\u0432\u044b \u0434\u043b\u044f \u0438\u043d\u0432\u0435\u0441\u0442\u0438\u0446\u0438\u043e\u043d\u043d\u044b\u0445 \u043a\u043e\u043c\u043f\u0430\u043d\u0438\u0439 \u0431\u0435\u0437 \u0443\u0449\u0435\u0440\u0431\u0430 \u0434\u043b\u044f \u043f\u0440\u0438\u043d\u0446\u0438\u043f\u043e\u0432 \u043a\u0430\u0447\u0435\u0441\u0442\u0432\u0430, \u0434\u043e\u0432\u0435\u0440\u0438\u044f \u0438 \u0443\u0434\u043e\u0432\u043b\u0435\u0442\u0432\u043e\u0440\u0435\u043d\u043d\u043e\u0441\u0442\u0438 \u043a\u043b\u0438\u0435\u043d\u0442\u043e\u0432.<\/p>\t\t\t\t\t\t\t\t<\/div>\n\t\t\t\t<\/div>\n\t\t\t\t<\/div>\n\t\t<div class=\"elementor-element elementor-element-3953c8c8 e-con-full e-flex e-con e-child\" data-id=\"3953c8c8\" data-element_type=\"container\" data-e-type=\"container\">\n\t\t\t\t<div class=\"elementor-element elementor-element-3c700641 elementor-widget elementor-widget-image\" data-id=\"3c700641\" data-element_type=\"widget\" data-e-type=\"widget\" data-widget_type=\"image.default\">\n\t\t\t\t<div class=\"elementor-widget-container\">\n\t\t\t\t\t\t\t\t\t\t\t\t\t\t\t<img fetchpriority=\"high\" decoding=\"async\" width=\"570\" height=\"370\" src=\"https:\/\/karayelpartners.com\/wp-content\/uploads\/2023\/05\/misyon-3.png\" class=\"attachment-full size-full wp-image-2665\" alt=\"\" srcset=\"https:\/\/karayelpartners.com\/wp-content\/uploads\/2023\/05\/misyon-3.png 570w, https:\/\/karayelpartners.com\/wp-content\/uploads\/2023\/05\/misyon-3-300x195.png 300w\" sizes=\"(max-width: 570px) 100vw, 570px\" \/>\t\t\t\t\t\t\t\t\t\t\t\t\t\t\t<\/div>\n\t\t\t\t<\/div>\n\t\t\t\t<\/div>\n\t\t<div class=\"elementor-element elementor-element-490d7a5 e-con-full e-flex e-con e-child\" data-id=\"490d7a5\" data-element_type=\"container\" data-e-type=\"container\">\n\t\t\t\t<div class=\"elementor-element elementor-element-9df7661 elementor-widget elementor-widget-image\" data-id=\"9df7661\" data-element_type=\"widget\" data-e-type=\"widget\" data-widget_type=\"image.default\">\n\t\t\t\t<div class=\"elementor-widget-container\">\n\t\t\t\t\t\t\t\t\t\t\t\t\t\t\t<img decoding=\"async\" width=\"566\" height=\"370\" src=\"https:\/\/karayelpartners.com\/wp-content\/uploads\/2023\/05\/misyon-4.png\" class=\"attachment-full size-full wp-image-2668\" alt=\"\" srcset=\"https:\/\/karayelpartners.com\/wp-content\/uploads\/2023\/05\/misyon-4.png 566w, https:\/\/karayelpartners.com\/wp-content\/uploads\/2023\/05\/misyon-4-300x196.png 300w\" sizes=\"(max-width: 566px) 100vw, 566px\" \/>\t\t\t\t\t\t\t\t\t\t\t\t\t\t\t<\/div>\n\t\t\t\t<\/div>\n\t\t\t\t<\/div>\n\t\t\t\t\t<\/div>\n\t\t\t\t<\/div>\n\t\t\t\t<\/div>","protected":false},"excerpt":{"rendered":"<p>Karayel &#038; Partners Misyon K\u00fcresel pazarlarda, i\u015f ortaklar\u0131m\u0131za i\u015flerini b\u00fcy\u00fctmelerinde ve f\u0131rsatlar\u0131 de\u011ferlendirmesinde yard\u0131mc\u0131 olmak. \u201cKarayel &amp; Partners\u201d kalite, g\u00fcven ve m\u00fc\u015fteri memnuniyeti ilkelerinden \u00f6d\u00fcn vermeden yat\u0131r\u0131m firmalar\u0131 i\u00e7in dan\u0131\u015fmanl\u0131k ve yat\u0131r\u0131m alternatifleri sunmak.<\/p>","protected":false},"author":3,"featured_media":0,"parent":0,"menu_order":0,"comment_status":"closed","ping_status":"closed","template":"elementor_header_footer","meta":{"iawp_total_views":4,"footnotes":""},"class_list":["post-5406","page","type-page","status-publish","hentry"],"_links":{"self":[{"href":"https:\/\/karayelpartners.com\/ru\/wp-json\/wp\/v2\/pages\/5406","targetHints":{"allow":["GET"]}}],"collection":[{"href":"https:\/\/karayelpartners.com\/ru\/wp-json\/wp\/v2\/pages"}],"about":[{"href":"https:\/\/karayelpartners.com\/ru\/wp-json\/wp\/v2\/types\/page"}],"author":[{"embeddable":true,"href":"https:\/\/karayelpartners.com\/ru\/wp-json\/wp\/v2\/users\/3"}],"replies":[{"embeddable":true,"href":"https:\/\/karayelpartners.com\/ru\/wp-json\/wp\/v2\/comments?post=5406"}],"version-history":[{"count":0,"href":"https:\/\/karayelpartners.com\/ru\/wp-json\/wp\/v2\/pages\/5406\/revisions"}],"wp:attachment":[{"href":"https:\/\/karayelpartners.com\/ru\/wp-json\/wp\/v2\/media?parent=5406"}],"curies":[{"name":"wp","href":"https:\/\/api.w.org\/{rel}","templated":true}]}}