{"id":3183,"date":"2023-05-20T14:41:47","date_gmt":"2023-05-20T14:41:47","guid":{"rendered":"https:\/\/karayelpartners.com\/?page_id=3183"},"modified":"2023-11-07T15:32:29","modified_gmt":"2023-11-07T15:32:29","slug":"%d1%81%d0%be%d1%82%d1%80%d1%83%d0%b4%d0%bd%d0%b8%d0%ba-%d0%bf%d0%be-%d1%80%d0%b0%d0%b7%d0%b2%d0%b8%d1%82%d0%b8%d1%8e-%d0%b1%d0%b8%d0%b7%d0%bd%d0%b5%d1%81%d0%b0-%d0%b2-%d0%b3%d0%b5%d1%80%d0%bc%d0%b0","status":"publish","type":"page","link":"https:\/\/karayelpartners.com\/ru\/%d1%81%d0%be%d1%82%d1%80%d1%83%d0%b4%d0%bd%d0%b8%d0%ba-%d0%bf%d0%be-%d1%80%d0%b0%d0%b7%d0%b2%d0%b8%d1%82%d0%b8%d1%8e-%d0%b1%d0%b8%d0%b7%d0%bd%d0%b5%d1%81%d0%b0-%d0%b2-%d0%b3%d0%b5%d1%80%d0%bc%d0%b0\/","title":{"rendered":"\u0130\u015f Geli\u015ftirme Sorumlusu \/ Almanya"},"content":{"rendered":"<div data-elementor-type=\"wp-page\" data-elementor-id=\"3183\" class=\"elementor elementor-3183\" data-elementor-post-type=\"page\">\n\t\t\t\t<div class=\"elementor-element elementor-element-64d859a9 e-flex e-con-boxed e-con e-parent\" data-id=\"64d859a9\" data-element_type=\"container\" data-e-type=\"container\">\n\t\t\t\t\t<div class=\"e-con-inner\">\n\t\t<div class=\"elementor-element elementor-element-75948814 e-flex e-con-boxed e-con e-child\" data-id=\"75948814\" data-element_type=\"container\" data-e-type=\"container\">\n\t\t\t\t\t<div class=\"e-con-inner\">\n\t\t\t\t<div class=\"elementor-element elementor-element-15445c52 elementor-widget elementor-widget-image\" data-id=\"15445c52\" data-element_type=\"widget\" data-e-type=\"widget\" data-widget_type=\"image.default\">\n\t\t\t\t<div class=\"elementor-widget-container\">\n\t\t\t\t\t\t\t\t\t\t\t\t\t\t\t<img fetchpriority=\"high\" decoding=\"async\" width=\"1170\" height=\"370\" src=\"https:\/\/karayelpartners.com\/wp-content\/uploads\/2023\/05\/insan-kaynaklari-2.png\" class=\"attachment-full size-full wp-image-3176\" alt=\"\" srcset=\"https:\/\/karayelpartners.com\/wp-content\/uploads\/2023\/05\/insan-kaynaklari-2.png 1170w, https:\/\/karayelpartners.com\/wp-content\/uploads\/2023\/05\/insan-kaynaklari-2-300x95.png 300w, https:\/\/karayelpartners.com\/wp-content\/uploads\/2023\/05\/insan-kaynaklari-2-1024x324.png 1024w, https:\/\/karayelpartners.com\/wp-content\/uploads\/2023\/05\/insan-kaynaklari-2-768x243.png 768w\" sizes=\"(max-width: 1170px) 100vw, 1170px\" \/>\t\t\t\t\t\t\t\t\t\t\t\t\t\t\t<\/div>\n\t\t\t\t<\/div>\n\t\t\t\t<div class=\"elementor-element elementor-element-43e72f63 elementor-widget elementor-widget-heading\" data-id=\"43e72f63\" data-element_type=\"widget\" data-e-type=\"widget\" data-widget_type=\"heading.default\">\n\t\t\t\t<div class=\"elementor-widget-container\">\n\t\t\t\t\t<h2 class=\"elementor-heading-title elementor-size-default\">\u0421\u043e\u0442\u0440\u0443\u0434\u043d\u0438\u043a \u043f\u043e \u0440\u0430\u0437\u0432\u0438\u0442\u0438\u044e \u0431\u0438\u0437\u043d\u0435\u0441\u0430<br>\u0413\u0435\u0440\u043c\u0430\u043d\u0438\u044f<\/h2>\t\t\t\t<\/div>\n\t\t\t\t<\/div>\n\t\t\t\t<div class=\"elementor-element elementor-element-5212f739 elementor-widget elementor-widget-text-editor\" data-id=\"5212f739\" data-element_type=\"widget\" data-e-type=\"widget\" data-widget_type=\"text-editor.default\">\n\t\t\t\t<div class=\"elementor-widget-container\">\n\t\t\t\t\t\t\t\t\t<p><span style=\"font-weight: 400;\">\u041c\u044b \u0438\u0449\u0435\u043c \u043a\u043e\u043b\u043b\u0435\u0433\u0443, \u043a\u043e\u0442\u043e\u0440\u044b\u0439 \u044f\u0432\u043b\u044f\u0435\u0442\u0441\u044f \u044d\u043a\u0441\u043f\u0435\u0440\u0442\u043e\u043c \u0432 \u043e\u0431\u043b\u0430\u0441\u0442\u0438 \u0440\u0430\u0437\u0432\u0438\u0442\u0438\u044f \u0431\u0438\u0437\u043d\u0435\u0441\u0430, \u043f\u043e\u0438\u0441\u043a\u0430 \u043d\u043e\u0432\u044b\u0445 \u043a\u043b\u0438\u0435\u043d\u0442\u043e\u0432, \u0432\u044b\u044f\u0432\u043b\u0435\u043d\u0438\u044f \u043f\u043e\u0442\u0440\u0435\u0431\u043d\u043e\u0441\u0442\u0435\u0439 \u043a\u043b\u0438\u0435\u043d\u0442\u043e\u0432 \u0438 \u043f\u0440\u043e\u0432\u0435\u0434\u0435\u043d\u0438\u044f \u0438\u0441\u0441\u043b\u0435\u0434\u043e\u0432\u0430\u043d\u0438\u0439, \u043e\u0440\u0438\u0435\u043d\u0442\u0438\u0440\u043e\u0432\u0430\u043d\u043d\u044b\u0445 \u043d\u0430 \u043f\u043e\u0438\u0441\u043a \u0440\u0435\u0448\u0435\u043d\u0438\u0439, \u0441 \u0446\u0435\u043b\u044c\u044e \u043e\u043f\u0440\u0435\u0434\u0435\u043b\u0435\u043d\u0438\u044f \u043d\u043e\u0432\u044b\u0445 \u0440\u044b\u043d\u043a\u043e\u0432 \u0438 \u0432\u044b\u0431\u043e\u0440\u0430 \u044d\u0444\u0444\u0435\u043a\u0442\u0438\u0432\u043d\u043e\u0439 \u0441\u0442\u0440\u0430\u0442\u0435\u0433\u0438\u0438 \u043f\u043e\u0434\u0445\u043e\u0434\u0430 \u0432 \u0413\u0435\u0440\u043c\u0430\u043d\u0438\u0438, \u0433\u0434\u0435 \u043c\u043e\u0436\u043d\u043e \u043f\u043e\u043b\u0443\u0447\u0438\u0442\u044c \u043f\u043e\u0442\u0435\u043d\u0446\u0438\u0430\u043b\u044c\u043d\u044b\u0435 \u0438\u043d\u0432\u0435\u0441\u0442\u0438\u0446\u0438\u0438, \u043d\u0430\u0439\u0442\u0438 \u0437\u0435\u043c\u043b\u044e \u0438 \u043e\u043f\u0440\u0435\u0434\u0435\u043b\u0438\u0442\u044c \u043d\u043e\u0432\u044b\u0435 \u0440\u044b\u043d\u043a\u0438.<\/span><\/p><p><strong>\u041e\u0431\u044f\u0437\u0430\u043d\u043d\u043e\u0441\u0442\u0438<\/strong><\/p><p>- \u041e\u043f\u0440\u0435\u0434\u0435\u043b\u0435\u043d\u0438\u0435 \u043f\u043e\u0442\u0435\u043d\u0446\u0438\u0430\u043b\u044c\u043d\u044b\u0445 \u0438\u043d\u0432\u0435\u0441\u0442\u0438\u0446\u0438\u043e\u043d\u043d\u044b\u0445 \u0432\u043e\u0437\u043c\u043e\u0436\u043d\u043e\u0441\u0442\u0435\u0439 \u0438 \u0443\u043f\u0440\u0430\u0432\u043b\u0435\u043d\u0438\u0435 \u043f\u0440\u043e\u0446\u0435\u0441\u0441\u0430\u043c\u0438 \u0437\u0430\u043a\u0443\u043f\u043e\u043a<br \/>- \u041e\u0431\u0441\u043b\u0435\u0434\u043e\u0432\u0430\u043d\u0438\u0435 \u0438 \u0438\u0434\u0435\u043d\u0442\u0438\u0444\u0438\u043a\u0430\u0446\u0438\u044f \u043f\u043e\u0442\u0435\u043d\u0446\u0438\u0430\u043b\u044c\u043d\u044b\u0445 \u0437\u0435\u043c\u0435\u043b\u044c<br \/>- \u041e\u0442\u043a\u0440\u044b\u0442\u0438\u0435 \u043d\u043e\u0432\u044b\u0445 \u0440\u044b\u043d\u043a\u043e\u0432 \u0438 \u043e\u043f\u0440\u0435\u0434\u0435\u043b\u0435\u043d\u0438\u0435 \u0441\u043e\u043e\u0442\u0432\u0435\u0442\u0441\u0442\u0432\u0443\u044e\u0449\u0438\u0445 \u0441\u0442\u0440\u0430\u0442\u0435\u0433\u0438\u0439 \u0434\u043b\u044f \u0443\u043f\u0440\u0430\u0432\u043b\u0435\u043d\u0438\u044f \u044d\u0442\u0438\u043c\u0438 \u0440\u044b\u043d\u043a\u0430\u043c\u0438<br \/>- \u0421\u043e\u0437\u0434\u0430\u043d\u0438\u0435 \u043f\u043e\u0440\u0442\u0444\u0435\u043b\u044f \u043d\u043e\u0432\u044b\u0445 \u043a\u043b\u0438\u0435\u043d\u0442\u043e\u0432 \u0432 \u0441\u043e\u043e\u0442\u0432\u0435\u0442\u0441\u0442\u0432\u0438\u0438 \u0441 \u043f\u0440\u043e\u0444\u0438\u043b\u0435\u043c \u043a\u043e\u043c\u043f\u0430\u043d\u0438\u0438<br \/>- \u0410\u043d\u0430\u043b\u0438\u0437 \u043f\u043e\u0442\u0440\u0435\u0431\u043d\u043e\u0441\u0442\u0435\u0439 \u043a\u043b\u0438\u0435\u043d\u0442\u043e\u0432 \u0438 \u0440\u0430\u0437\u0440\u0430\u0431\u043e\u0442\u043a\u0430 \u0441\u0442\u0440\u0430\u0442\u0435\u0433\u0438\u0439, \u043e\u0440\u0438\u0435\u043d\u0442\u0438\u0440\u043e\u0432\u0430\u043d\u043d\u044b\u0445 \u043d\u0430 \u0440\u0435\u0448\u0435\u043d\u0438\u0435 \u044d\u0442\u0438\u0445 \u043f\u043e\u0442\u0440\u0435\u0431\u043d\u043e\u0441\u0442\u0435\u0439<br \/>- \u0423\u043f\u0440\u0430\u0432\u043b\u0435\u043d\u0438\u0435 \u0434\u0435\u044f\u0442\u0435\u043b\u044c\u043d\u043e\u0441\u0442\u044c\u044e \u043f\u043e \u0440\u0430\u0437\u0440\u0430\u0431\u043e\u0442\u043a\u0435 \u043f\u0440\u043e\u0434\u0443\u043a\u0442\u043e\u0432 \u0438 \u0443\u0441\u043b\u0443\u0433<\/p><p><strong>\u041d\u0435\u043e\u0431\u0445\u043e\u0434\u0438\u043c\u044b\u0435 \u043a\u0432\u0430\u043b\u0438\u0444\u0438\u043a\u0430\u0446\u0438\u0438<\/strong><\/p><p>- \u041e\u043f\u044b\u0442 \u0440\u0430\u0437\u0432\u0438\u0442\u0438\u044f \u0431\u0438\u0437\u043d\u0435\u0441\u0430 \u0438 \u0441\u0442\u0440\u0430\u0442\u0435\u0433\u0438\u0447\u0435\u0441\u043a\u043e\u0433\u043e \u043f\u043b\u0430\u043d\u0438\u0440\u043e\u0432\u0430\u043d\u0438\u044f<br \/>- \u0417\u043d\u0430\u043d\u0438\u044f \u0438 \u043e\u043f\u044b\u0442 \u0432 \u043e\u0431\u043b\u0430\u0441\u0442\u0438 \u0438\u043d\u0432\u0435\u0441\u0442\u0438\u0446\u0438\u043e\u043d\u043d\u044b\u0445 \u0437\u0430\u043a\u0443\u043f\u043e\u043a \u0438 \u0437\u0435\u043c\u043b\u0435\u0443\u0441\u0442\u0440\u043e\u0438\u0442\u0435\u043b\u044c\u043d\u044b\u0445 \u0440\u0430\u0431\u043e\u0442<br \/>- \u0421\u043f\u043e\u0441\u043e\u0431\u043d\u043e\u0441\u0442\u044c \u043e\u0442\u043a\u0440\u044b\u0432\u0430\u0442\u044c \u043d\u043e\u0432\u044b\u0435 \u0440\u044b\u043d\u043a\u0438 \u0438 \u0440\u0430\u0437\u0440\u0430\u0431\u0430\u0442\u044b\u0432\u0430\u0442\u044c \u0441\u043e\u043e\u0442\u0432\u0435\u0442\u0441\u0442\u0432\u0443\u044e\u0449\u0438\u0435 \u0441\u0442\u0440\u0430\u0442\u0435\u0433\u0438\u0438 \u0434\u043b\u044f \u044d\u0442\u0438\u0445 \u0440\u044b\u043d\u043a\u043e\u0432<br \/>- \u0421\u043f\u043e\u0441\u043e\u0431\u043d\u043e\u0441\u0442\u044c \u0430\u043d\u0430\u043b\u0438\u0437\u0438\u0440\u043e\u0432\u0430\u0442\u044c \u043f\u043e\u0442\u0440\u0435\u0431\u043d\u043e\u0441\u0442\u0438 \u043a\u043b\u0438\u0435\u043d\u0442\u043e\u0432 \u0438 \u0440\u0430\u0437\u0440\u0430\u0431\u0430\u0442\u044b\u0432\u0430\u0442\u044c \u0441\u0442\u0440\u0430\u0442\u0435\u0433\u0438\u0438, \u043e\u0440\u0438\u0435\u043d\u0442\u0438\u0440\u043e\u0432\u0430\u043d\u043d\u044b\u0435 \u043d\u0430 \u0440\u0435\u0448\u0435\u043d\u0438\u0435 \u043f\u0440\u043e\u0431\u043b\u0435\u043c<br \/>- \u0421\u0438\u043b\u044c\u043d\u044b\u0435 \u043a\u043e\u043c\u043c\u0443\u043d\u0438\u043a\u0430\u0442\u0438\u0432\u043d\u044b\u0435 \u043d\u0430\u0432\u044b\u043a\u0438, \u0441\u043a\u043b\u043e\u043d\u043d\u043e\u0441\u0442\u044c \u043a \u043a\u043e\u043c\u0430\u043d\u0434\u043d\u043e\u0439 \u0440\u0430\u0431\u043e\u0442\u0435 \u0438 \u043e\u0440\u0438\u0435\u043d\u0442\u0430\u0446\u0438\u044f \u043d\u0430 \u0440\u0435\u0437\u0443\u043b\u044c\u0442\u0430\u0442<\/p><p>\u0415\u0441\u043b\u0438 \u0432\u044b \u043e\u0431\u043b\u0430\u0434\u0430\u0435\u0442\u0435 \u044d\u0442\u0438\u043c\u0438 \u043d\u0430\u0432\u044b\u043a\u0430\u043c\u0438 \u0438 \u043b\u044e\u0431\u0438\u0442\u0435 \u0440\u0430\u0431\u043e\u0442\u0430\u0442\u044c \u0432 \u0434\u0438\u043d\u0430\u043c\u0438\u0447\u043d\u043e\u0439 \u043a\u043e\u043c\u0430\u043d\u0434\u0435, <strong>Karayel &amp; Partners<\/strong> \u041c\u044b \u0441 \u043d\u0435\u0442\u0435\u0440\u043f\u0435\u043d\u0438\u0435\u043c \u0436\u0434\u0435\u043c \u0432\u0441\u0442\u0440\u0435\u0447\u0438 \u0441 \u0432\u0430\u043c\u0438, \u0447\u0442\u043e\u0431\u044b \u043f\u0440\u0438\u0441\u043e\u0435\u0434\u0438\u043d\u0438\u0442\u044c\u0441\u044f \u043a \u043d\u0430\u0448\u0435\u0439 \u0441\u0435\u043c\u044c\u0435!<\/p>\t\t\t\t\t\t\t\t<\/div>\n\t\t\t\t<\/div>\n\t\t\t\t<div class=\"elementor-element elementor-element-19f0d4c elementor-mobile-align-justify elementor-widget elementor-widget-button\" data-id=\"19f0d4c\" data-element_type=\"widget\" data-e-type=\"widget\" data-widget_type=\"button.default\">\n\t\t\t\t<div class=\"elementor-widget-container\">\n\t\t\t\t\t\t\t\t\t<div class=\"elementor-button-wrapper\">\n\t\t\t\t\t<a class=\"elementor-button elementor-button-link elementor-size-sm\" href=\"https:\/\/karayelpartners.com\/ru\/%d1%84%d0%be%d1%80%d0%bc%d0%b0-%d0%b7%d0%b0%d1%8f%d0%b2%d0%ba%d0%b8\/\">\n\t\t\t\t\t\t<span class=\"elementor-button-content-wrapper\">\n\t\t\t\t\t\t\t\t\t<span class=\"elementor-button-text\">\u041f\u0440\u0438\u043c\u0435\u043d\u044f\u0439\u0442\u0435, \u043c\u0435\u043d\u044f\u0439\u0442\u0435 \u0437\u0430\u0432\u0442\u0440\u0430\u0448\u043d\u0438\u0439 \u0434\u0435\u043d\u044c<\/span>\n\t\t\t\t\t<\/span>\n\t\t\t\t\t<\/a>\n\t\t\t\t<\/div>\n\t\t\t\t\t\t\t\t<\/div>\n\t\t\t\t<\/div>\n\t\t\t\t\t<\/div>\n\t\t\t\t<\/div>\n\t\t\t\t\t<\/div>\n\t\t\t\t<\/div>\n\t\t\t\t<\/div>","protected":false},"excerpt":{"rendered":"<p>\u0130\u015f Geli\u015ftirme SorumlusuAlmanya Potansiyel yat\u0131r\u0131mlar\u0131n elde edilebilece\u011fi, arazilerin bulunabilece\u011fi ve yeni pazarlar\u0131n belirlenebilece\u011fi Almanya&#8217;da yeni pazarlar belirlemek ve etkin bir yakla\u015f\u0131m stratejisi se\u00e7mek i\u00e7in i\u015f geli\u015ftirme, yeni m\u00fc\u015fteriler bulma konusunda uzman, m\u00fc\u015fteri ihtiya\u00e7lar\u0131n\u0131 tespit ederek ve \u00e7\u00f6z\u00fcm odakl\u0131 \u00e7al\u0131\u015fmalar\u0131 y\u00fcr\u00fctebilecek \u00e7al\u0131\u015fma arkada\u015f\u0131 ar\u0131yoruz. Sorumluluklar &#8211; Muhtemel yat\u0131r\u0131m f\u0131rsatlar\u0131n\u0131n tespiti ve tedarik s\u00fcre\u00e7lerinin y\u00f6netilmesi&#8211; Potansiyel arazi [&hellip;]<\/p>\n","protected":false},"author":3,"featured_media":0,"parent":0,"menu_order":0,"comment_status":"closed","ping_status":"closed","template":"elementor_header_footer","meta":{"iawp_total_views":8,"footnotes":""},"class_list":["post-3183","page","type-page","status-publish","hentry"],"_links":{"self":[{"href":"https:\/\/karayelpartners.com\/ru\/wp-json\/wp\/v2\/pages\/3183","targetHints":{"allow":["GET"]}}],"collection":[{"href":"https:\/\/karayelpartners.com\/ru\/wp-json\/wp\/v2\/pages"}],"about":[{"href":"https:\/\/karayelpartners.com\/ru\/wp-json\/wp\/v2\/types\/page"}],"author":[{"embeddable":true,"href":"https:\/\/karayelpartners.com\/ru\/wp-json\/wp\/v2\/users\/3"}],"replies":[{"embeddable":true,"href":"https:\/\/karayelpartners.com\/ru\/wp-json\/wp\/v2\/comments?post=3183"}],"version-history":[{"count":0,"href":"https:\/\/karayelpartners.com\/ru\/wp-json\/wp\/v2\/pages\/3183\/revisions"}],"wp:attachment":[{"href":"https:\/\/karayelpartners.com\/ru\/wp-json\/wp\/v2\/media?parent=3183"}],"curies":[{"name":"wp","href":"https:\/\/api.w.org\/{rel}","templated":true}]}}