{"id":3138,"date":"2023-05-20T12:38:41","date_gmt":"2023-05-20T12:38:41","guid":{"rendered":"https:\/\/karayelpartners.com\/?page_id=3138"},"modified":"2023-11-07T15:32:30","modified_gmt":"2023-11-07T15:32:30","slug":"%d0%ba%d0%b0%d1%80%d1%8c%d0%b5%d1%80%d0%b0","status":"publish","type":"page","link":"https:\/\/karayelpartners.com\/ru\/%d0%ba%d0%b0%d1%80%d1%8c%d0%b5%d1%80%d0%b0\/","title":{"rendered":"\u041a\u0430\u0440\u044c\u0435\u0440\u0430"},"content":{"rendered":"<div data-elementor-type=\"wp-page\" data-elementor-id=\"3138\" class=\"elementor elementor-3138\" data-elementor-post-type=\"page\">\n\t\t\t\t<div class=\"elementor-element elementor-element-184e02c e-flex e-con-boxed e-con e-parent\" data-id=\"184e02c\" data-element_type=\"container\" data-e-type=\"container\">\n\t\t\t\t\t<div class=\"e-con-inner\">\n\t\t<div class=\"elementor-element elementor-element-417ea1e e-con-full e-flex e-con e-child\" data-id=\"417ea1e\" data-element_type=\"container\" data-e-type=\"container\">\n\t\t\t\t<div class=\"elementor-element elementor-element-69d6ab6d elementor-widget elementor-widget-heading\" data-id=\"69d6ab6d\" data-element_type=\"widget\" data-e-type=\"widget\" data-widget_type=\"heading.default\">\n\t\t\t\t<div class=\"elementor-widget-container\">\n\t\t\t\t\t<h2 class=\"elementor-heading-title elementor-size-default\">A Powerful <span style=\"color: #844AFF\">\u0411\u0443\u0434\u0443\u0449\u0435\u0435<\/span> \u0414\u043b\u044f \"\u0412\u043c\u0435\u0441\u0442\u0435 \u0441 \u043d\u0430\u043c\u0438 <span style=\"color: #844AFF\">\u0414\u0432\u0438\u0433\u0430\u0439\u0442\u0435\u0441\u044c<\/span><\/h2>\t\t\t\t<\/div>\n\t\t\t\t<\/div>\n\t\t\t\t<\/div>\n\t\t<div class=\"elementor-element elementor-element-7a504f80 e-con-full e-flex e-con e-child\" data-id=\"7a504f80\" data-element_type=\"container\" data-e-type=\"container\">\n\t\t\t\t<div class=\"elementor-element elementor-element-1cb796a6 elementor-widget__width-initial elementor-widget elementor-widget-text-editor\" data-id=\"1cb796a6\" data-element_type=\"widget\" data-e-type=\"widget\" data-widget_type=\"text-editor.default\">\n\t\t\t\t<div class=\"elementor-widget-container\">\n\t\t\t\t\t\t\t\t\t<p>\u201c<strong>Karayel &amp; Partners<\/strong>\u0442\u0430\u043b\u0430\u043d\u0442, \u0440\u0430\u0437\u0432\u0438\u0442\u0438\u0435 \u0438 \u0443\u0441\u043f\u0435\u0445 - \u044d\u0442\u043e \u0433\u043b\u0430\u0432\u043d\u043e\u0435. \u041f\u043e\u0441\u0435\u0442\u0438\u0442\u0435 \u043d\u0430\u0448\u0443 \u0441\u0442\u0440\u0430\u043d\u0438\u0446\u0443 \"\u041e\u0442\u0434\u0435\u043b \u043a\u0430\u0434\u0440\u043e\u0432\", \u0447\u0442\u043e\u0431\u044b \u043f\u0440\u0438\u0441\u043e\u0435\u0434\u0438\u043d\u0438\u0442\u044c\u0441\u044f \u043a \u043d\u0430\u0448\u0435\u0439 \u043a\u043e\u043c\u0430\u043d\u0434\u0435 \u0438 \u043f\u043e\u0434\u0435\u043b\u0438\u0442\u044c\u0441\u044f \u0441 \u043d\u0430\u043c\u0438 \u0441\u0432\u043e\u0438\u043c\u0438 \u0443\u043d\u0438\u043a\u0430\u043b\u044c\u043d\u044b\u043c\u0438 \u0442\u0430\u043b\u0430\u043d\u0442\u0430\u043c\u0438\".<\/p>\t\t\t\t\t\t\t\t<\/div>\n\t\t\t\t<\/div>\n\t\t\t\t<div class=\"elementor-element elementor-element-eb6f5e8 elementor-widget__width-initial elementor-widget elementor-widget-image\" data-id=\"eb6f5e8\" data-element_type=\"widget\" data-e-type=\"widget\" data-settings=\"{&quot;_animation&quot;:&quot;none&quot;}\" data-widget_type=\"image.default\">\n\t\t\t\t<div class=\"elementor-widget-container\">\n\t\t\t\t\t\t\t\t\t\t\t\t\t\t\t\t<a href=\"#isler\">\n\t\t\t\t\t\t\t<img decoding=\"async\" width=\"81\" height=\"72\" src=\"https:\/\/karayelpartners.com\/wp-content\/uploads\/2023\/04\/Group-1261.png\" class=\"attachment-full size-full wp-image-342\" alt=\"\" \/>\t\t\t\t\t\t\t\t<\/a>\n\t\t\t\t\t\t\t\t\t\t\t\t\t\t\t<\/div>\n\t\t\t\t<\/div>\n\t\t\t\t<\/div>\n\t\t<div class=\"elementor-element elementor-element-23c5cbf e-con-full e-flex e-con e-child\" data-id=\"23c5cbf\" data-element_type=\"container\" data-e-type=\"container\">\n\t\t\t\t<div class=\"elementor-element elementor-element-2b41988c elementor-widget elementor-widget-image\" data-id=\"2b41988c\" data-element_type=\"widget\" data-e-type=\"widget\" data-widget_type=\"image.default\">\n\t\t\t\t<div class=\"elementor-widget-container\">\n\t\t\t\t\t\t\t\t\t\t\t\t\t\t\t<img fetchpriority=\"high\" decoding=\"async\" width=\"1175\" height=\"349\" src=\"https:\/\/karayelpartners.com\/wp-content\/uploads\/2023\/05\/insan-kaynaklari.png\" class=\"attachment-full size-full wp-image-3124\" alt=\"\" srcset=\"https:\/\/karayelpartners.com\/wp-content\/uploads\/2023\/05\/insan-kaynaklari.png 1175w, https:\/\/karayelpartners.com\/wp-content\/uploads\/2023\/05\/insan-kaynaklari-300x89.png 300w, https:\/\/karayelpartners.com\/wp-content\/uploads\/2023\/05\/insan-kaynaklari-1024x304.png 1024w, https:\/\/karayelpartners.com\/wp-content\/uploads\/2023\/05\/insan-kaynaklari-768x228.png 768w\" sizes=\"(max-width: 1175px) 100vw, 1175px\" \/>\t\t\t\t\t\t\t\t\t\t\t\t\t\t\t<\/div>\n\t\t\t\t<\/div>\n\t\t\t\t<\/div>\n\t\t\t\t\t<\/div>\n\t\t\t\t<\/div>\n\t\t<div class=\"elementor-element elementor-element-7a835043 e-con-full e-flex e-con e-parent\" data-id=\"7a835043\" data-element_type=\"container\" data-e-type=\"container\">\n\t\t\t\t<div class=\"elementor-element elementor-element-2ca58ae3 elementor-widget-divider--view-line elementor-widget elementor-widget-divider\" data-id=\"2ca58ae3\" data-element_type=\"widget\" data-e-type=\"widget\" data-widget_type=\"divider.default\">\n\t\t\t\t<div class=\"elementor-widget-container\">\n\t\t\t\t\t\t\t<div class=\"elementor-divider\">\n\t\t\t<span class=\"elementor-divider-separator\">\n\t\t\t\t\t\t<\/span>\n\t\t<\/div>\n\t\t\t\t\t\t<\/div>\n\t\t\t\t<\/div>\n\t\t\t\t<\/div>\n\t\t<div class=\"elementor-element elementor-element-5c51d51f e-flex e-con-boxed e-con e-parent\" data-id=\"5c51d51f\" data-element_type=\"container\" data-e-type=\"container\">\n\t\t\t\t\t<div class=\"e-con-inner\">\n\t\t<div class=\"elementor-element elementor-element-7e2f1f61 e-con-full e-flex e-con e-child\" data-id=\"7e2f1f61\" data-element_type=\"container\" data-e-type=\"container\">\n\t\t\t\t<div class=\"elementor-element elementor-element-6e439c08 elementor-widget elementor-widget-menu-anchor\" data-id=\"6e439c08\" data-element_type=\"widget\" data-e-type=\"widget\" data-widget_type=\"menu-anchor.default\">\n\t\t\t\t<div class=\"elementor-widget-container\">\n\t\t\t\t\t\t\t<div class=\"elementor-menu-anchor\" id=\"isler\"><\/div>\n\t\t\t\t\t\t<\/div>\n\t\t\t\t<\/div>\n\t\t\t\t<div class=\"elementor-element elementor-element-47dfa261 elementor-widget elementor-widget-heading\" data-id=\"47dfa261\" data-element_type=\"widget\" data-e-type=\"widget\" data-widget_type=\"heading.default\">\n\t\t\t\t<div class=\"elementor-widget-container\">\n\t\t\t\t\t<h2 class=\"elementor-heading-title elementor-size-default\">\u041f\u0440\u0438\u0441\u043e\u0435\u0434\u0438\u043d\u044f\u0439\u0442\u0435\u0441\u044c \u043a \u043d\u0430\u0448\u0435\u0439 \u0440\u0430\u0441\u0442\u0443\u0449\u0435\u0439 \u043a\u043e\u043c\u0430\u043d\u0434\u0435<\/h2>\t\t\t\t<\/div>\n\t\t\t\t<\/div>\n\t\t\t\t<\/div>\n\t\t\t\t\t<\/div>\n\t\t\t\t<\/div>\n\t\t<div class=\"elementor-element elementor-element-41fc078 e-flex e-con-boxed e-con e-parent\" data-id=\"41fc078\" data-element_type=\"container\" data-e-type=\"container\">\n\t\t\t\t\t<div class=\"e-con-inner\">\n\t\t<div class=\"elementor-element elementor-element-b6208c3 e-con-full e-flex e-con e-child\" data-id=\"b6208c3\" data-element_type=\"container\" data-e-type=\"container\">\n\t\t\t\t<div class=\"elementor-element elementor-element-373a017 elementor-widget elementor-widget-heading\" data-id=\"373a017\" data-element_type=\"widget\" data-e-type=\"widget\" data-widget_type=\"heading.default\">\n\t\t\t\t<div class=\"elementor-widget-container\">\n\t\t\t\t\t<h2 class=\"elementor-heading-title elementor-size-default\">\u041f\u043e\u043b\u043d\u0430\u044f \u0437\u0430\u043d\u044f\u0442\u043e\u0441\u0442\u044c<\/h2>\t\t\t\t<\/div>\n\t\t\t\t<\/div>\n\t\t\t\t<div class=\"elementor-element elementor-element-0f75f95 elementor-widget elementor-widget-heading\" data-id=\"0f75f95\" data-element_type=\"widget\" data-e-type=\"widget\" data-widget_type=\"heading.default\">\n\t\t\t\t<div class=\"elementor-widget-container\">\n\t\t\t\t\t<h2 class=\"elementor-heading-title elementor-size-default\">\u0417\u0435\u043c\u0435\u043b\u044c\u043d\u044b\u0439 \u043f\u0430\u0440\u0442\u043d\u0435\u0440<br>\u0413\u0435\u0440\u043c\u0430\u043d\u0438\u044f<\/h2>\t\t\t\t<\/div>\n\t\t\t\t<\/div>\n\t\t\t\t<div class=\"elementor-element elementor-element-20348a7 elementor-widget elementor-widget-text-editor\" data-id=\"20348a7\" data-element_type=\"widget\" data-e-type=\"widget\" data-widget_type=\"text-editor.default\">\n\t\t\t\t<div class=\"elementor-widget-container\">\n\t\t\t\t\t\t\t\t\t<p>\u0418\u0449\u0435\u043c \u0430\u043d\u0430\u043b\u0438\u0442\u0438\u043a\u0430 \u0438 \u043a\u043e\u043d\u0441\u0443\u043b\u044c\u0442\u0430\u043d\u0442\u0430 \u043f\u043e \u0433\u0435\u043e\u0433\u0440\u0430\u0444\u0438\u0447\u0435\u0441\u043a\u0438\u043c \u0434\u0430\u043d\u043d\u044b\u043c \u0441 \u043d\u0430\u0432\u044b\u043a\u0430\u043c\u0438 \u0440\u0430\u0431\u043e\u0442\u044b \u0432 AutoCAD \u0438 GIS \u0432 \u0413\u0435\u0440\u043c\u0430\u043d\u0438\u0438.<\/p>\t\t\t\t\t\t\t\t<\/div>\n\t\t\t\t<\/div>\n\t\t\t\t<div class=\"elementor-element elementor-element-3a5192d elementor-align-left elementor-widget elementor-widget-button\" data-id=\"3a5192d\" data-element_type=\"widget\" data-e-type=\"widget\" data-widget_type=\"button.default\">\n\t\t\t\t<div class=\"elementor-widget-container\">\n\t\t\t\t\t\t\t\t\t<div class=\"elementor-button-wrapper\">\n\t\t\t\t\t<a class=\"elementor-button elementor-button-link elementor-size-sm\" href=\"https:\/\/karayelpartners.com\/ru\/%d0%b7%d0%b5%d0%bc%d0%b5%d0%bb%d1%8c%d0%bd%d1%8b%d0%b9-%d0%bf%d0%b0%d1%80%d1%82%d0%bd%d0%b5%d1%80-%d0%b3%d0%b5%d1%80%d0%bc%d0%b0%d0%bd%d0%b8%d1%8f\/\">\n\t\t\t\t\t\t<span class=\"elementor-button-content-wrapper\">\n\t\t\t\t\t\t\t\t\t<span class=\"elementor-button-text\">\u0422\u0432\u043e\u044f \u043e\u0447\u0435\u0440\u0435\u0434\u044c<\/span>\n\t\t\t\t\t<\/span>\n\t\t\t\t\t<\/a>\n\t\t\t\t<\/div>\n\t\t\t\t\t\t\t\t<\/div>\n\t\t\t\t<\/div>\n\t\t\t\t<\/div>\n\t\t<div class=\"elementor-element elementor-element-c729250 e-con-full e-flex e-con e-child\" data-id=\"c729250\" data-element_type=\"container\" data-e-type=\"container\">\n\t\t\t\t<div class=\"elementor-element elementor-element-787e263 elementor-widget elementor-widget-heading\" data-id=\"787e263\" data-element_type=\"widget\" data-e-type=\"widget\" data-widget_type=\"heading.default\">\n\t\t\t\t<div class=\"elementor-widget-container\">\n\t\t\t\t\t<h2 class=\"elementor-heading-title elementor-size-default\">\u041f\u043e\u043b\u043d\u0430\u044f \u0437\u0430\u043d\u044f\u0442\u043e\u0441\u0442\u044c<\/h2>\t\t\t\t<\/div>\n\t\t\t\t<\/div>\n\t\t\t\t<div class=\"elementor-element elementor-element-2a5de3d elementor-widget elementor-widget-heading\" data-id=\"2a5de3d\" data-element_type=\"widget\" data-e-type=\"widget\" data-widget_type=\"heading.default\">\n\t\t\t\t<div class=\"elementor-widget-container\">\n\t\t\t\t\t<h2 class=\"elementor-heading-title elementor-size-default\">\u0421\u043e\u0442\u0440\u0443\u0434\u043d\u0438\u043a \u043f\u043e \u0440\u0430\u0437\u0432\u0438\u0442\u0438\u044e \u0431\u0438\u0437\u043d\u0435\u0441\u0430<br>\u0413\u0435\u0440\u043c\u0430\u043d\u0438\u044f<\/h2>\t\t\t\t<\/div>\n\t\t\t\t<\/div>\n\t\t\t\t<div class=\"elementor-element elementor-element-5b47407 elementor-widget elementor-widget-text-editor\" data-id=\"5b47407\" data-element_type=\"widget\" data-e-type=\"widget\" data-widget_type=\"text-editor.default\">\n\t\t\t\t<div class=\"elementor-widget-container\">\n\t\t\t\t\t\t\t\t\t<p>\u041c\u044b \u0438\u0449\u0435\u043c \u043a\u043e\u043b\u043b\u0435\u0433\u0443, \u043a\u043e\u0442\u043e\u0440\u044b\u0439 \u0441\u043f\u0435\u0446\u0438\u0430\u043b\u0438\u0437\u0438\u0440\u0443\u0435\u0442\u0441\u044f \u043d\u0430 \u0440\u0430\u0437\u0432\u0438\u0442\u0438\u0438 \u0431\u0438\u0437\u043d\u0435\u0441\u0430 \u0438 \u043f\u0440\u0438\u0432\u043b\u0435\u0447\u0435\u043d\u0438\u0438 \u043a\u043b\u0438\u0435\u043d\u0442\u043e\u0432 \u0432 \u0413\u0435\u0440\u043c\u0430\u043d\u0438\u0438.<\/p>\t\t\t\t\t\t\t\t<\/div>\n\t\t\t\t<\/div>\n\t\t\t\t<div class=\"elementor-element elementor-element-89166de elementor-align-left elementor-widget elementor-widget-button\" data-id=\"89166de\" data-element_type=\"widget\" data-e-type=\"widget\" data-widget_type=\"button.default\">\n\t\t\t\t<div class=\"elementor-widget-container\">\n\t\t\t\t\t\t\t\t\t<div class=\"elementor-button-wrapper\">\n\t\t\t\t\t<a class=\"elementor-button elementor-button-link elementor-size-sm\" href=\"https:\/\/karayelpartners.com\/ru\/%d1%81%d0%be%d1%82%d1%80%d1%83%d0%b4%d0%bd%d0%b8%d0%ba-%d0%bf%d0%be-%d1%80%d0%b0%d0%b7%d0%b2%d0%b8%d1%82%d0%b8%d1%8e-%d0%b1%d0%b8%d0%b7%d0%bd%d0%b5%d1%81%d0%b0-%d0%b2-%d0%b3%d0%b5%d1%80%d0%bc%d0%b0\/\">\n\t\t\t\t\t\t<span class=\"elementor-button-content-wrapper\">\n\t\t\t\t\t\t\t\t\t<span class=\"elementor-button-text\">\u0422\u0432\u043e\u044f \u043e\u0447\u0435\u0440\u0435\u0434\u044c<\/span>\n\t\t\t\t\t<\/span>\n\t\t\t\t\t<\/a>\n\t\t\t\t<\/div>\n\t\t\t\t\t\t\t\t<\/div>\n\t\t\t\t<\/div>\n\t\t\t\t<\/div>\n\t\t<div class=\"elementor-element elementor-element-daeb766 e-con-full e-flex e-con e-child\" data-id=\"daeb766\" data-element_type=\"container\" data-e-type=\"container\">\n\t\t\t\t<div class=\"elementor-element elementor-element-240bfee elementor-widget elementor-widget-heading\" data-id=\"240bfee\" data-element_type=\"widget\" data-e-type=\"widget\" data-widget_type=\"heading.default\">\n\t\t\t\t<div class=\"elementor-widget-container\">\n\t\t\t\t\t<h2 class=\"elementor-heading-title elementor-size-default\">\u041f\u043e\u043b\u043d\u0430\u044f \u0437\u0430\u043d\u044f\u0442\u043e\u0441\u0442\u044c<\/h2>\t\t\t\t<\/div>\n\t\t\t\t<\/div>\n\t\t\t\t<div class=\"elementor-element elementor-element-ad894d8 elementor-widget elementor-widget-heading\" data-id=\"ad894d8\" data-element_type=\"widget\" data-e-type=\"widget\" data-widget_type=\"heading.default\">\n\t\t\t\t<div class=\"elementor-widget-container\">\n\t\t\t\t\t<h2 class=\"elementor-heading-title elementor-size-default\">\u0421\u043e\u0442\u0440\u0443\u0434\u043d\u0438\u043a \u043f\u043e \u0440\u0430\u0437\u0432\u0438\u0442\u0438\u044e \u0431\u0438\u0437\u043d\u0435\u0441\u0430<br>\u041d\u0438\u0434\u0435\u0440\u043b\u0430\u043d\u0434\u044b<\/h2>\t\t\t\t<\/div>\n\t\t\t\t<\/div>\n\t\t\t\t<div class=\"elementor-element elementor-element-1b4418f elementor-widget elementor-widget-text-editor\" data-id=\"1b4418f\" data-element_type=\"widget\" data-e-type=\"widget\" data-widget_type=\"text-editor.default\">\n\t\t\t\t<div class=\"elementor-widget-container\">\n\t\t\t\t\t\t\t\t\t<p>\u041c\u044b \u0438\u0449\u0435\u043c \u043a\u043e\u043b\u043b\u0435\u0433\u0443 \u0432 \u041d\u0438\u0434\u0435\u0440\u043b\u0430\u043d\u0434\u0430\u0445, \u043a\u043e\u0442\u043e\u0440\u044b\u0439 \u0441\u043f\u0435\u0446\u0438\u0430\u043b\u0438\u0437\u0438\u0440\u0443\u0435\u0442\u0441\u044f \u043d\u0430 \u0440\u0430\u0437\u0432\u0438\u0442\u0438\u0438 \u0431\u0438\u0437\u043d\u0435\u0441\u0430 \u0438 \u043f\u0440\u0438\u0432\u043b\u0435\u0447\u0435\u043d\u0438\u0438 \u043a\u043b\u0438\u0435\u043d\u0442\u043e\u0432.<\/p>\t\t\t\t\t\t\t\t<\/div>\n\t\t\t\t<\/div>\n\t\t\t\t<div class=\"elementor-element elementor-element-d9459cd elementor-align-left elementor-widget elementor-widget-button\" data-id=\"d9459cd\" data-element_type=\"widget\" data-e-type=\"widget\" data-widget_type=\"button.default\">\n\t\t\t\t<div class=\"elementor-widget-container\">\n\t\t\t\t\t\t\t\t\t<div class=\"elementor-button-wrapper\">\n\t\t\t\t\t<a class=\"elementor-button elementor-button-link elementor-size-sm\" href=\"https:\/\/karayelpartners.com\/ru\/%d1%81%d0%be%d1%82%d1%80%d1%83%d0%b4%d0%bd%d0%b8%d0%ba-%d0%bf%d0%be-%d1%80%d0%b0%d0%b7%d0%b2%d0%b8%d1%82%d0%b8%d1%8e-%d0%b1%d0%b8%d0%b7%d0%bd%d0%b5%d1%81%d0%b0-%d0%b3%d0%be%d0%bb%d0%bb%d0%b0%d0%bd\/\">\n\t\t\t\t\t\t<span class=\"elementor-button-content-wrapper\">\n\t\t\t\t\t\t\t\t\t<span class=\"elementor-button-text\">\u0422\u0432\u043e\u044f \u043e\u0447\u0435\u0440\u0435\u0434\u044c<\/span>\n\t\t\t\t\t<\/span>\n\t\t\t\t\t<\/a>\n\t\t\t\t<\/div>\n\t\t\t\t\t\t\t\t<\/div>\n\t\t\t\t<\/div>\n\t\t\t\t<\/div>\n\t\t<div class=\"elementor-element elementor-element-333a24a e-con-full e-flex e-con e-child\" data-id=\"333a24a\" data-element_type=\"container\" data-e-type=\"container\">\n\t\t\t\t<div class=\"elementor-element elementor-element-d660ea8 elementor-widget elementor-widget-heading\" data-id=\"d660ea8\" data-element_type=\"widget\" data-e-type=\"widget\" data-widget_type=\"heading.default\">\n\t\t\t\t<div class=\"elementor-widget-container\">\n\t\t\t\t\t<h2 class=\"elementor-heading-title elementor-size-default\">\u041f\u043e\u043b\u043d\u0430\u044f \u0437\u0430\u043d\u044f\u0442\u043e\u0441\u0442\u044c<\/h2>\t\t\t\t<\/div>\n\t\t\t\t<\/div>\n\t\t\t\t<div class=\"elementor-element elementor-element-f58be7a elementor-widget elementor-widget-heading\" data-id=\"f58be7a\" data-element_type=\"widget\" data-e-type=\"widget\" data-widget_type=\"heading.default\">\n\t\t\t\t<div class=\"elementor-widget-container\">\n\t\t\t\t\t<h2 class=\"elementor-heading-title elementor-size-default\">\u0421\u043e\u0442\u0440\u0443\u0434\u043d\u0438\u043a \u043f\u043e \u0440\u0430\u0437\u0432\u0438\u0442\u0438\u044e \u0431\u0438\u0437\u043d\u0435\u0441\u0430<br>\u0418\u0441\u043f\u0430\u043d\u0438\u044f<\/h2>\t\t\t\t<\/div>\n\t\t\t\t<\/div>\n\t\t\t\t<div class=\"elementor-element elementor-element-15ab0c2 elementor-widget elementor-widget-text-editor\" data-id=\"15ab0c2\" data-element_type=\"widget\" data-e-type=\"widget\" data-widget_type=\"text-editor.default\">\n\t\t\t\t<div class=\"elementor-widget-container\">\n\t\t\t\t\t\t\t\t\t<p>\u041c\u044b \u0438\u0449\u0435\u043c \u0447\u0435\u043b\u043e\u0432\u0435\u043a\u0430, \u043a\u043e\u0442\u043e\u0440\u044b\u0439 \u0441\u043f\u0435\u0446\u0438\u0430\u043b\u0438\u0437\u0438\u0440\u0443\u0435\u0442\u0441\u044f \u043d\u0430 \u043f\u043e\u0438\u0441\u043a\u0435 \u0438\u043d\u0432\u0435\u0441\u0442\u0438\u0446\u0438\u0439 \u0438 \u0437\u0435\u043c\u0435\u043b\u044c\u043d\u044b\u0445 \u0443\u0447\u0430\u0441\u0442\u043a\u043e\u0432 \u0432 \u0418\u0441\u043f\u0430\u043d\u0438\u0438, \u0432\u044b\u044f\u0432\u043b\u0435\u043d\u0438\u0438 \u043d\u043e\u0432\u044b\u0445 \u0440\u044b\u043d\u043a\u043e\u0432 \u0438 \u0441\u043e\u0437\u0434\u0430\u043d\u0438\u0438 \u0440\u0435\u0448\u0435\u043d\u0438\u0439, \u043e\u0440\u0438\u0435\u043d\u0442\u0438\u0440\u043e\u0432\u0430\u043d\u043d\u044b\u0445 \u043d\u0430 \u043a\u043b\u0438\u0435\u043d\u0442\u0430.<\/p>\t\t\t\t\t\t\t\t<\/div>\n\t\t\t\t<\/div>\n\t\t\t\t<div class=\"elementor-element elementor-element-a33193c elementor-align-left elementor-widget elementor-widget-button\" data-id=\"a33193c\" data-element_type=\"widget\" data-e-type=\"widget\" data-widget_type=\"button.default\">\n\t\t\t\t<div class=\"elementor-widget-container\">\n\t\t\t\t\t\t\t\t\t<div class=\"elementor-button-wrapper\">\n\t\t\t\t\t<a class=\"elementor-button elementor-button-link elementor-size-sm\" href=\"https:\/\/karayelpartners.com\/ru\/%d1%81%d0%be%d1%82%d1%80%d1%83%d0%b4%d0%bd%d0%b8%d0%ba-%d0%bf%d0%be-%d1%80%d0%b0%d0%b7%d0%b2%d0%b8%d1%82%d0%b8%d1%8e-%d0%b1%d0%b8%d0%b7%d0%bd%d0%b5%d1%81%d0%b0-%d0%b2-%d0%b8%d1%81%d0%bf%d0%b0%d0%bd\/\">\n\t\t\t\t\t\t<span class=\"elementor-button-content-wrapper\">\n\t\t\t\t\t\t\t\t\t<span class=\"elementor-button-text\">\u0422\u0432\u043e\u044f \u043e\u0447\u0435\u0440\u0435\u0434\u044c<\/span>\n\t\t\t\t\t<\/span>\n\t\t\t\t\t<\/a>\n\t\t\t\t<\/div>\n\t\t\t\t\t\t\t\t<\/div>\n\t\t\t\t<\/div>\n\t\t\t\t<\/div>\n\t\t<div class=\"elementor-element elementor-element-381d67e e-con-full e-flex e-con e-child\" data-id=\"381d67e\" data-element_type=\"container\" data-e-type=\"container\">\n\t\t\t\t<div class=\"elementor-element elementor-element-5f986ff elementor-widget elementor-widget-heading\" data-id=\"5f986ff\" data-element_type=\"widget\" data-e-type=\"widget\" data-widget_type=\"heading.default\">\n\t\t\t\t<div class=\"elementor-widget-container\">\n\t\t\t\t\t<h2 class=\"elementor-heading-title elementor-size-default\">\u041f\u043e\u043b\u043d\u0430\u044f \u0437\u0430\u043d\u044f\u0442\u043e\u0441\u0442\u044c<\/h2>\t\t\t\t<\/div>\n\t\t\t\t<\/div>\n\t\t\t\t<div class=\"elementor-element elementor-element-593047b elementor-widget elementor-widget-heading\" data-id=\"593047b\" data-element_type=\"widget\" data-e-type=\"widget\" data-widget_type=\"heading.default\">\n\t\t\t\t<div class=\"elementor-widget-container\">\n\t\t\t\t\t<h2 class=\"elementor-heading-title elementor-size-default\">\u0421\u043e\u0442\u0440\u0443\u0434\u043d\u0438\u043a \u043f\u043e \u0440\u0430\u0437\u0432\u0438\u0442\u0438\u044e \u0431\u0438\u0437\u043d\u0435\u0441\u0430<br>\u041f\u043e\u0440\u0442\u0443\u0433\u0430\u043b\u0438\u044f<\/h2>\t\t\t\t<\/div>\n\t\t\t\t<\/div>\n\t\t\t\t<div class=\"elementor-element elementor-element-f595713 elementor-widget elementor-widget-text-editor\" data-id=\"f595713\" data-element_type=\"widget\" data-e-type=\"widget\" data-widget_type=\"text-editor.default\">\n\t\t\t\t<div class=\"elementor-widget-container\">\n\t\t\t\t\t\t\t\t\t<p>\u041c\u044b \u0438\u0449\u0435\u043c \u0447\u0435\u043b\u043e\u0432\u0435\u043a\u0430, \u0440\u0430\u0431\u043e\u0442\u0430\u044e\u0449\u0435\u0433\u043e \u0432 \u041f\u043e\u0440\u0442\u0443\u0433\u0430\u043b\u0438\u0438 \u0438 \u0441\u043f\u0435\u0446\u0438\u0430\u043b\u0438\u0437\u0438\u0440\u0443\u044e\u0449\u0435\u0433\u043e\u0441\u044f \u043d\u0430 \u0440\u0430\u0437\u0432\u0438\u0442\u0438\u0438 \u0431\u0438\u0437\u043d\u0435\u0441\u0430, \u043f\u0440\u0438\u0432\u043b\u0435\u0447\u0435\u043d\u0438\u0438 \u043a\u043b\u0438\u0435\u043d\u0442\u043e\u0432, \u0430\u043d\u0430\u043b\u0438\u0437\u0435 \u043f\u043e\u0442\u0440\u0435\u0431\u043d\u043e\u0441\u0442\u0435\u0439 \u0438 \u043e\u043f\u0440\u0435\u0434\u0435\u043b\u0435\u043d\u0438\u0438 \u0440\u044b\u043d\u043a\u0430.<\/p>\t\t\t\t\t\t\t\t<\/div>\n\t\t\t\t<\/div>\n\t\t\t\t<div class=\"elementor-element elementor-element-21c516d elementor-align-left elementor-widget elementor-widget-button\" data-id=\"21c516d\" data-element_type=\"widget\" data-e-type=\"widget\" data-widget_type=\"button.default\">\n\t\t\t\t<div class=\"elementor-widget-container\">\n\t\t\t\t\t\t\t\t\t<div class=\"elementor-button-wrapper\">\n\t\t\t\t\t<a class=\"elementor-button elementor-button-link elementor-size-sm\" href=\"https:\/\/karayelpartners.com\/ru\/%d1%81%d0%be%d1%82%d1%80%d1%83%d0%b4%d0%bd%d0%b8%d0%ba-%d0%bf%d0%be-%d1%80%d0%b0%d0%b7%d0%b2%d0%b8%d1%82%d0%b8%d1%8e-%d0%b1%d0%b8%d0%b7%d0%bd%d0%b5%d1%81%d0%b0-%d0%bf%d0%be%d1%80%d1%82%d1%83%d0%b3\/\">\n\t\t\t\t\t\t<span class=\"elementor-button-content-wrapper\">\n\t\t\t\t\t\t\t\t\t<span class=\"elementor-button-text\">\u0422\u0432\u043e\u044f \u043e\u0447\u0435\u0440\u0435\u0434\u044c<\/span>\n\t\t\t\t\t<\/span>\n\t\t\t\t\t<\/a>\n\t\t\t\t<\/div>\n\t\t\t\t\t\t\t\t<\/div>\n\t\t\t\t<\/div>\n\t\t\t\t<\/div>\n\t\t\t\t\t<\/div>\n\t\t\t\t<\/div>\n\t\t\t\t<\/div>","protected":false},"excerpt":{"rendered":"<p>G\u00fc\u00e7l\u00fc Bir Gelecek \u0130\u00e7in Bizimle Birlikte Hareket Edin &#8220;Karayel &amp; Partners&#8216;da yetenek, geli\u015fim ve ba\u015far\u0131 esast\u0131r. Ekibimize kat\u0131lmak ve \u00f6zg\u00fcn yeteneklerinizi bizimle payla\u015fmak i\u00e7in \u0130nsan Kaynaklar\u0131 sayfam\u0131z\u0131 ziyaret edin.&#8221; B\u00fcy\u00fcyen Tak\u0131m\u0131m\u0131za Kat\u0131l\u0131n Tam Zamanl\u0131 \u0130\u015f Arazi PartneriAlmanya Almanya&#8217;da AutoCAD ve GIS yeteneklerine sahip bir co\u011frafi veri analisti ve dan\u0131\u015fman aran\u0131yor. S\u0131ra Sende Tam Zamanl\u0131 \u0130\u015f [&hellip;]<\/p>\n","protected":false},"author":3,"featured_media":0,"parent":0,"menu_order":0,"comment_status":"closed","ping_status":"closed","template":"elementor_header_footer","meta":{"iawp_total_views":31,"footnotes":""},"class_list":["post-3138","page","type-page","status-publish","hentry"],"_links":{"self":[{"href":"https:\/\/karayelpartners.com\/ru\/wp-json\/wp\/v2\/pages\/3138","targetHints":{"allow":["GET"]}}],"collection":[{"href":"https:\/\/karayelpartners.com\/ru\/wp-json\/wp\/v2\/pages"}],"about":[{"href":"https:\/\/karayelpartners.com\/ru\/wp-json\/wp\/v2\/types\/page"}],"author":[{"embeddable":true,"href":"https:\/\/karayelpartners.com\/ru\/wp-json\/wp\/v2\/users\/3"}],"replies":[{"embeddable":true,"href":"https:\/\/karayelpartners.com\/ru\/wp-json\/wp\/v2\/comments?post=3138"}],"version-history":[{"count":0,"href":"https:\/\/karayelpartners.com\/ru\/wp-json\/wp\/v2\/pages\/3138\/revisions"}],"wp:attachment":[{"href":"https:\/\/karayelpartners.com\/ru\/wp-json\/wp\/v2\/media?parent=3138"}],"curies":[{"name":"wp","href":"https:\/\/api.w.org\/{rel}","templated":true}]}}