{"id":2518,"date":"2023-05-16T09:48:08","date_gmt":"2023-05-16T09:48:08","guid":{"rendered":"https:\/\/karayelpartners.com\/?page_id=2518"},"modified":"2023-11-07T15:32:31","modified_gmt":"2023-11-07T15:32:31","slug":"%d0%b0%d1%8d%d1%80%d0%be%d0%bf%d0%be%d1%80%d1%82-%d0%ba%d0%b8%d1%88%d0%b8%d0%bd%d1%91%d0%b2%d0%b0","status":"publish","type":"page","link":"https:\/\/karayelpartners.com\/ru\/%d1%81%d1%82%d1%80%d0%b0%d0%bd%d1%8b-%d0%bf%d1%80%d0%be%d0%b5%d0%ba%d1%82%d0%be%d0%b2\/%d0%b4%d1%80%d1%83%d0%b3%d0%b8%d0%b5-%d0%bf%d1%80%d0%be%d0%b5%d0%ba%d1%82%d1%8b\/%d0%b0%d1%8d%d1%80%d0%be%d0%bf%d0%be%d1%80%d1%82-%d0%ba%d0%b8%d1%88%d0%b8%d0%bd%d1%91%d0%b2%d0%b0\/","title":{"rendered":"Chisinau\u00a0Airport"},"content":{"rendered":"\t\t<div data-elementor-type=\"wp-page\" data-elementor-id=\"2518\" class=\"elementor elementor-2518\" data-elementor-post-type=\"page\">\n\t\t\t\t<div class=\"elementor-element elementor-element-65e7bfce e-flex e-con-boxed e-con e-parent\" data-id=\"65e7bfce\" data-element_type=\"container\" data-e-type=\"container\">\n\t\t\t\t\t<div class=\"e-con-inner\">\n\t\t<div class=\"elementor-element elementor-element-760977ef e-con-full e-flex e-con e-child\" data-id=\"760977ef\" data-element_type=\"container\" data-e-type=\"container\">\n\t\t\t\t<div class=\"elementor-element elementor-element-5bc00463 elementor-widget elementor-widget-google_maps\" data-id=\"5bc00463\" data-element_type=\"widget\" data-e-type=\"widget\" data-widget_type=\"google_maps.default\">\n\t\t\t\t<div class=\"elementor-widget-container\">\n\t\t\t\t\t\t\t<div class=\"elementor-custom-embed\">\n\t\t\t<iframe loading=\"lazy\"\n\t\t\t\t\tsrc=\"https:\/\/maps.google.com\/maps?q=Chisinau%20Airport&#038;t=m&#038;z=18&#038;output=embed&#038;iwloc=near\"\n\t\t\t\t\ttitle=\"Chisinau Airport\"\n\t\t\t\t\taria-label=\"Chisinau Airport\"\n\t\t\t><\/iframe>\n\t\t<\/div>\n\t\t\t\t\t\t<\/div>\n\t\t\t\t<\/div>\n\t\t\t\t<\/div>\n\t\t<div class=\"elementor-element elementor-element-585d396f e-con-full e-flex e-con e-child\" data-id=\"585d396f\" data-element_type=\"container\" data-e-type=\"container\">\n\t\t\t\t<div class=\"elementor-element elementor-element-5f6c4d97 elementor-widget elementor-widget-heading\" data-id=\"5f6c4d97\" data-element_type=\"widget\" data-e-type=\"widget\" data-widget_type=\"heading.default\">\n\t\t\t\t<div class=\"elementor-widget-container\">\n\t\t\t\t\t<h2 class=\"elementor-heading-title elementor-size-default\">Moldova<div>Chisinau Airport<\/div><\/h2>\t\t\t\t<\/div>\n\t\t\t\t<\/div>\n\t\t\t\t<\/div>\n\t\t<div class=\"elementor-element elementor-element-63afba52 e-con-full e-flex e-con e-child\" data-id=\"63afba52\" data-element_type=\"container\" data-e-type=\"container\">\n\t\t\t\t<div class=\"elementor-element elementor-element-79c547f6 elementor-widget__width-initial elementor-widget elementor-widget-text-editor\" data-id=\"79c547f6\" data-element_type=\"widget\" data-e-type=\"widget\" data-widget_type=\"text-editor.default\">\n\t\t\t\t<div class=\"elementor-widget-container\">\n\t\t\t\t\t\t\t\t\t<p><strong>Karayel &amp; Partners<\/strong>, 2000 y\u0131l\u0131nda Moldova &#8211; Ki\u015finev&#8217;de bulunan &#8216;Ki\u015finev Havaliman\u0131&#8217; projesinde 6.000 m\u00b2 alanda cephe i\u015fleri hizmeti sunmu\u015ftur.<\/p>\t\t\t\t\t\t\t\t<\/div>\n\t\t\t\t<\/div>\n\t\t\t\t<\/div>\n\t\t<div class=\"elementor-element elementor-element-47610208 e-con-full e-flex e-con e-child\" data-id=\"47610208\" data-element_type=\"container\" data-e-type=\"container\">\n\t\t\t\t<div class=\"elementor-element elementor-element-3525df5a elementor-widget elementor-widget-image\" data-id=\"3525df5a\" data-element_type=\"widget\" data-e-type=\"widget\" data-widget_type=\"image.default\">\n\t\t\t\t<div class=\"elementor-widget-container\">\n\t\t\t\t\t\t\t\t\t\t\t\t\t\t\t<img fetchpriority=\"high\" decoding=\"async\" width=\"570\" height=\"400\" src=\"https:\/\/karayelpartners.com\/wp-content\/uploads\/2023\/07\/Chisinau-Airport-20-1.png\" class=\"attachment-full size-full wp-image-6364\" alt=\"\" srcset=\"https:\/\/karayelpartners.com\/wp-content\/uploads\/2023\/07\/Chisinau-Airport-20-1.png 570w, https:\/\/karayelpartners.com\/wp-content\/uploads\/2023\/07\/Chisinau-Airport-20-1-300x211.png 300w\" sizes=\"(max-width: 570px) 100vw, 570px\" \/>\t\t\t\t\t\t\t\t\t\t\t\t\t\t\t<\/div>\n\t\t\t\t<\/div>\n\t\t\t\t<div class=\"elementor-element elementor-element-047c7c7 elementor-widget elementor-widget-image\" data-id=\"047c7c7\" data-element_type=\"widget\" data-e-type=\"widget\" data-widget_type=\"image.default\">\n\t\t\t\t<div class=\"elementor-widget-container\">\n\t\t\t\t\t\t\t\t\t\t\t\t\t\t\t<img decoding=\"async\" width=\"570\" height=\"400\" src=\"https:\/\/karayelpartners.com\/wp-content\/uploads\/2023\/07\/Chisinau-Airport-21.png\" class=\"attachment-full size-full wp-image-6367\" alt=\"\" srcset=\"https:\/\/karayelpartners.com\/wp-content\/uploads\/2023\/07\/Chisinau-Airport-21.png 570w, https:\/\/karayelpartners.com\/wp-content\/uploads\/2023\/07\/Chisinau-Airport-21-300x211.png 300w\" sizes=\"(max-width: 570px) 100vw, 570px\" \/>\t\t\t\t\t\t\t\t\t\t\t\t\t\t\t<\/div>\n\t\t\t\t<\/div>\n\t\t\t\t<div class=\"elementor-element elementor-element-b9cd979 elementor-widget elementor-widget-image\" data-id=\"b9cd979\" data-element_type=\"widget\" data-e-type=\"widget\" data-widget_type=\"image.default\">\n\t\t\t\t<div class=\"elementor-widget-container\">\n\t\t\t\t\t\t\t\t\t\t\t\t\t\t\t<img decoding=\"async\" width=\"570\" height=\"400\" src=\"https:\/\/karayelpartners.com\/wp-content\/uploads\/2023\/07\/Chisinau-Airport-22.png\" class=\"attachment-full size-full wp-image-6366\" alt=\"\" srcset=\"https:\/\/karayelpartners.com\/wp-content\/uploads\/2023\/07\/Chisinau-Airport-22.png 570w, https:\/\/karayelpartners.com\/wp-content\/uploads\/2023\/07\/Chisinau-Airport-22-300x211.png 300w\" sizes=\"(max-width: 570px) 100vw, 570px\" \/>\t\t\t\t\t\t\t\t\t\t\t\t\t\t\t<\/div>\n\t\t\t\t<\/div>\n\t\t\t\t<div class=\"elementor-element elementor-element-b5b37c3 elementor-widget elementor-widget-image\" data-id=\"b5b37c3\" data-element_type=\"widget\" data-e-type=\"widget\" data-widget_type=\"image.default\">\n\t\t\t\t<div class=\"elementor-widget-container\">\n\t\t\t\t\t\t\t\t\t\t\t\t\t\t\t<img loading=\"lazy\" decoding=\"async\" width=\"570\" height=\"400\" src=\"https:\/\/karayelpartners.com\/wp-content\/uploads\/2023\/07\/Chisinau-Airport-23.png\" class=\"attachment-full size-full wp-image-6365\" alt=\"\" srcset=\"https:\/\/karayelpartners.com\/wp-content\/uploads\/2023\/07\/Chisinau-Airport-23.png 570w, https:\/\/karayelpartners.com\/wp-content\/uploads\/2023\/07\/Chisinau-Airport-23-300x211.png 300w\" sizes=\"(max-width: 570px) 100vw, 570px\" \/>\t\t\t\t\t\t\t\t\t\t\t\t\t\t\t<\/div>\n\t\t\t\t<\/div>\n\t\t\t\t<\/div>\n\t\t\t\t\t<\/div>\n\t\t\t\t<\/div>\n\t\t<div class=\"elementor-element elementor-element-1fb77a2 e-flex e-con-boxed e-con e-parent\" data-id=\"1fb77a2\" data-element_type=\"container\" data-e-type=\"container\" data-settings=\"{&quot;background_background&quot;:&quot;classic&quot;}\">\n\t\t\t\t\t<div class=\"e-con-inner\">\n\t\t<div class=\"elementor-element elementor-element-4846ece e-con-full e-flex e-con e-child\" data-id=\"4846ece\" data-element_type=\"container\" data-e-type=\"container\">\n\t\t\t\t<div class=\"elementor-element elementor-element-328d8e2 elementor-widget elementor-widget-image\" data-id=\"328d8e2\" data-element_type=\"widget\" data-e-type=\"widget\" data-widget_type=\"image.default\">\n\t\t\t\t<div class=\"elementor-widget-container\">\n\t\t\t\t\t\t\t\t\t\t\t\t\t\t\t<img loading=\"lazy\" decoding=\"async\" width=\"1080\" height=\"1080\" src=\"https:\/\/karayelpartners.com\/wp-content\/uploads\/2023\/05\/insaat-ve-muhendislik.gif\" class=\"attachment-full size-full wp-image-3269\" alt=\"\" \/>\t\t\t\t\t\t\t\t\t\t\t\t\t\t\t<\/div>\n\t\t\t\t<\/div>\n\t\t\t\t<\/div>\n\t\t<div class=\"elementor-element elementor-element-83e723a e-con-full e-flex e-con e-child\" data-id=\"83e723a\" data-element_type=\"container\" data-e-type=\"container\">\n\t\t\t\t<div class=\"elementor-element elementor-element-718e20f elementor-widget elementor-widget-heading\" data-id=\"718e20f\" data-element_type=\"widget\" data-e-type=\"widget\" data-widget_type=\"heading.default\">\n\t\t\t\t<div class=\"elementor-widget-container\">\n\t\t\t\t\t<h2 class=\"elementor-heading-title elementor-size-default\">\u0130n\u015faat Projelerinizde \u0130novasyon ve Kalite<\/h2>\t\t\t\t<\/div>\n\t\t\t\t<\/div>\n\t\t\t\t<div class=\"elementor-element elementor-element-4045c81 elementor-widget elementor-widget-text-editor\" data-id=\"4045c81\" data-element_type=\"widget\" data-e-type=\"widget\" data-widget_type=\"text-editor.default\">\n\t\t\t\t<div class=\"elementor-widget-container\">\n\t\t\t\t\t\t\t\t\t<p>\u0130n\u015faat projelerinizde kalite ve yenilik\u00e7ilik ar\u0131yorsan\u0131z, uzman ekibimiz sizinle birlikte \u00e7al\u0131\u015fmaya haz\u0131r. Projelerinizi en y\u00fcksek standartlarda tamamlamak i\u00e7in bizimle ileti\u015fime ge\u00e7in.<\/p>\t\t\t\t\t\t\t\t<\/div>\n\t\t\t\t<\/div>\n\t\t\t\t<\/div>\n\t\t\t\t\t<\/div>\n\t\t\t\t<\/div>\n\t\t<div class=\"elementor-element elementor-element-5f81a67 e-flex e-con-boxed e-con e-parent\" data-id=\"5f81a67\" data-element_type=\"container\" data-e-type=\"container\" data-settings=\"{&quot;background_background&quot;:&quot;classic&quot;}\">\n\t\t\t\t\t<div class=\"e-con-inner\">\n\t\t<div class=\"elementor-element elementor-element-a6d6270 e-con-full e-flex e-con e-child\" data-id=\"a6d6270\" data-element_type=\"container\" data-e-type=\"container\">\n\t\t\t\t<div class=\"elementor-element elementor-element-dd17a9a elementor-button-align-stretch elementor-widget elementor-widget-form\" data-id=\"dd17a9a\" data-element_type=\"widget\" data-e-type=\"widget\" data-settings=\"{&quot;step_next_label&quot;:&quot;Next&quot;,&quot;step_previous_label&quot;:&quot;Previous&quot;,&quot;button_width&quot;:&quot;100&quot;,&quot;step_type&quot;:&quot;number_text&quot;,&quot;step_icon_shape&quot;:&quot;circle&quot;}\" data-widget_type=\"form.default\">\n\t\t\t\t<div class=\"elementor-widget-container\">\n\t\t\t\t\t\t\t<form class=\"elementor-form\" method=\"post\" name=\"G\u00f6r\u00fc\u015fme Planla Form\" aria-label=\"G\u00f6r\u00fc\u015fme Planla Form\">\n\t\t\t<input type=\"hidden\" name=\"post_id\" value=\"2518\"\/>\n\t\t\t<input type=\"hidden\" name=\"form_id\" value=\"dd17a9a\"\/>\n\t\t\t<input type=\"hidden\" name=\"referer_title\" value=\"Chisinau\u00a0Airport\" \/>\n\n\t\t\t\t\t\t\t<input type=\"hidden\" name=\"queried_id\" value=\"2518\"\/>\n\t\t\t\n\t\t\t<div class=\"elementor-form-fields-wrapper elementor-labels-above\">\n\t\t\t\t\t\t\t\t<div class=\"elementor-field-type-text elementor-field-group elementor-column elementor-field-group-name elementor-col-50 elementor-field-required elementor-mark-required\">\n\t\t\t\t\t\t\t\t\t\t\t\t<label for=\"form-field-name\" class=\"elementor-field-label\">\n\t\t\t\t\t\t\t\t\u0130sim\t\t\t\t\t\t\t<\/label>\n\t\t\t\t\t\t\t\t\t\t\t\t\t\t<input size=\"1\" type=\"text\" name=\"form_fields[name]\" id=\"form-field-name\" class=\"elementor-field elementor-size-sm  elementor-field-textual\" required=\"required\">\n\t\t\t\t\t\t\t\t\t\t\t<\/div>\n\t\t\t\t\t\t\t\t<div class=\"elementor-field-type-email elementor-field-group elementor-column elementor-field-group-field_8bd9833 elementor-col-50 elementor-field-required elementor-mark-required\">\n\t\t\t\t\t\t\t\t\t\t\t\t<label for=\"form-field-field_8bd9833\" class=\"elementor-field-label\">\n\t\t\t\t\t\t\t\tEposta\t\t\t\t\t\t\t<\/label>\n\t\t\t\t\t\t\t\t\t\t\t\t\t\t<input size=\"1\" type=\"email\" name=\"form_fields[field_8bd9833]\" id=\"form-field-field_8bd9833\" class=\"elementor-field elementor-size-sm  elementor-field-textual\" required=\"required\">\n\t\t\t\t\t\t\t\t\t\t\t<\/div>\n\t\t\t\t\t\t\t\t<div class=\"elementor-field-type-textarea elementor-field-group elementor-column elementor-field-group-field_5d63c91 elementor-col-50 elementor-field-required elementor-mark-required\">\n\t\t\t\t\t\t\t\t\t\t\t\t<label for=\"form-field-field_5d63c91\" class=\"elementor-field-label\">\n\t\t\t\t\t\t\t\tGelecek Perspektifiniz Nedir?\t\t\t\t\t\t\t<\/label>\n\t\t\t\t\t\t<textarea class=\"elementor-field-textual elementor-field  elementor-size-sm\" name=\"form_fields[field_5d63c91]\" id=\"form-field-field_5d63c91\" rows=\"3\" required=\"required\"><\/textarea>\t\t\t\t<\/div>\n\t\t\t\t\t\t\t\t<div class=\"elementor-field-type-textarea elementor-field-group elementor-column elementor-field-group-field_e854b93 elementor-col-50 elementor-field-required elementor-mark-required\">\n\t\t\t\t\t\t\t\t\t\t\t\t<label for=\"form-field-field_e854b93\" class=\"elementor-field-label\">\n\t\t\t\t\t\t\t\t\u015eirketinizdeki \u00c7al\u0131\u015fan Say\u0131s\u0131n\u0131 Belirtir Misiniz?\t\t\t\t\t\t\t<\/label>\n\t\t\t\t\t\t<textarea class=\"elementor-field-textual elementor-field  elementor-size-sm\" name=\"form_fields[field_e854b93]\" id=\"form-field-field_e854b93\" rows=\"3\" required=\"required\"><\/textarea>\t\t\t\t<\/div>\n\t\t\t\t\t\t\t\t<div class=\"elementor-field-type-textarea elementor-field-group elementor-column elementor-field-group-field_006c226 elementor-col-50 elementor-field-required elementor-mark-required\">\n\t\t\t\t\t\t\t\t\t\t\t\t<label for=\"form-field-field_006c226\" class=\"elementor-field-label\">\n\t\t\t\t\t\t\t\t\u015eirketlerin Faaliyet Alanlar\u0131 Nelerdir?\t\t\t\t\t\t\t<\/label>\n\t\t\t\t\t\t<textarea class=\"elementor-field-textual elementor-field  elementor-size-sm\" name=\"form_fields[field_006c226]\" id=\"form-field-field_006c226\" rows=\"3\" required=\"required\"><\/textarea>\t\t\t\t<\/div>\n\t\t\t\t\t\t\t\t<div class=\"elementor-field-group elementor-column elementor-field-type-submit elementor-col-100 e-form__buttons\">\n\t\t\t\t\t<button class=\"elementor-button elementor-size-sm\" type=\"submit\">\n\t\t\t\t\t\t<span class=\"elementor-button-content-wrapper\">\n\t\t\t\t\t\t\t\t\t\t\t\t\t\t\t\t\t\t\t\t\t\t<span class=\"elementor-button-text\">G\u00f6r\u00fc\u015fme Planla<\/span>\n\t\t\t\t\t\t\t\t\t\t\t\t\t<\/span>\n\t\t\t\t\t<\/button>\n\t\t\t\t<\/div>\n\t\t\t<\/div>\n\t\t<\/form>\n\t\t\t\t\t\t<\/div>\n\t\t\t\t<\/div>\n\t\t\t\t<\/div>\n\t\t\t\t\t<\/div>\n\t\t\t\t<\/div>\n\t\t\t\t<\/div>\n\t\t","protected":false},"excerpt":{"rendered":"<p>MoldovaChisinau Airport Karayel &amp; Partners, 2000 y\u0131l\u0131nda Moldova &#8211; Ki\u015finev&#8217;de bulunan &#8216;Ki\u015finev Havaliman\u0131&#8217; projesinde 6.000 m\u00b2 alanda cephe i\u015fleri hizmeti sunmu\u015ftur. \u0130n\u015faat Projelerinizde \u0130novasyon ve Kalite \u0130n\u015faat projelerinizde kalite ve yenilik\u00e7ilik ar\u0131yorsan\u0131z, uzman ekibimiz sizinle birlikte \u00e7al\u0131\u015fmaya haz\u0131r. Projelerinizi en y\u00fcksek standartlarda tamamlamak i\u00e7in bizimle ileti\u015fime ge\u00e7in.<\/p>","protected":false},"author":3,"featured_media":0,"parent":3746,"menu_order":1,"comment_status":"closed","ping_status":"closed","template":"elementor_header_footer","meta":{"iawp_total_views":10,"footnotes":""},"class_list":["post-2518","page","type-page","status-publish","hentry"],"_links":{"self":[{"href":"https:\/\/karayelpartners.com\/ru\/wp-json\/wp\/v2\/pages\/2518","targetHints":{"allow":["GET"]}}],"collection":[{"href":"https:\/\/karayelpartners.com\/ru\/wp-json\/wp\/v2\/pages"}],"about":[{"href":"https:\/\/karayelpartners.com\/ru\/wp-json\/wp\/v2\/types\/page"}],"author":[{"embeddable":true,"href":"https:\/\/karayelpartners.com\/ru\/wp-json\/wp\/v2\/users\/3"}],"replies":[{"embeddable":true,"href":"https:\/\/karayelpartners.com\/ru\/wp-json\/wp\/v2\/comments?post=2518"}],"version-history":[{"count":0,"href":"https:\/\/karayelpartners.com\/ru\/wp-json\/wp\/v2\/pages\/2518\/revisions"}],"up":[{"embeddable":true,"href":"https:\/\/karayelpartners.com\/ru\/wp-json\/wp\/v2\/pages\/3746"}],"wp:attachment":[{"href":"https:\/\/karayelpartners.com\/ru\/wp-json\/wp\/v2\/media?parent=2518"}],"curies":[{"name":"wp","href":"https:\/\/api.w.org\/{rel}","templated":true}]}}