{"id":2467,"date":"2023-05-16T09:26:00","date_gmt":"2023-05-16T09:26:00","guid":{"rendered":"https:\/\/karayelpartners.com\/?page_id=2467"},"modified":"2023-11-07T15:34:45","modified_gmt":"2023-11-07T15:34:45","slug":"%d1%80%d0%b5%d0%b7%d0%b8%d0%b4%d0%b5%d0%bd%d1%86%d0%b8%d1%8f-%d1%81%d0%b5%d1%82%d1%83%d0%bd%d1%8c","status":"publish","type":"page","link":"https:\/\/karayelpartners.com\/ru\/%d1%81%d1%82%d1%80%d0%b0%d0%bd%d1%8b-%d0%bf%d1%80%d0%be%d0%b5%d0%ba%d1%82%d0%be%d0%b2\/%d0%b6%d0%b8%d0%bb%d1%8c%d0%b5\/%d1%80%d0%b5%d0%b7%d0%b8%d0%b4%d0%b5%d0%bd%d1%86%d0%b8%d1%8f-%d1%81%d0%b5%d1%82%d1%83%d0%bd%d1%8c\/","title":{"rendered":"\u0420\u0435\u0437\u0438\u0434\u0435\u043d\u0446\u0438\u044f \u0421\u0435\u0442\u0443\u043d\u044c"},"content":{"rendered":"\t\t<div data-elementor-type=\"wp-page\" data-elementor-id=\"2467\" class=\"elementor elementor-2467\" data-elementor-post-type=\"page\">\n\t\t\t\t<div class=\"elementor-element elementor-element-58bb7203 e-flex e-con-boxed e-con e-parent\" data-id=\"58bb7203\" data-element_type=\"container\" data-e-type=\"container\">\n\t\t\t\t\t<div class=\"e-con-inner\">\n\t\t<div class=\"elementor-element elementor-element-17df0b7 e-con-full e-flex e-con e-child\" data-id=\"17df0b7\" data-element_type=\"container\" data-e-type=\"container\">\n\t\t\t\t<div class=\"elementor-element elementor-element-6a88f77d elementor-widget elementor-widget-google_maps\" data-id=\"6a88f77d\" data-element_type=\"widget\" data-e-type=\"widget\" data-widget_type=\"google_maps.default\">\n\t\t\t\t<div class=\"elementor-widget-container\">\n\t\t\t\t\t\t\t<div class=\"elementor-custom-embed\">\n\t\t\t<iframe loading=\"lazy\"\n\t\t\t\t\tsrc=\"https:\/\/maps.google.com\/maps?q=Kiyevsky%20Station%20Square%2C%202%2C%20Moscow%2C%20Rusya%2C%20121059&#038;t=m&#038;z=18&#038;output=embed&#038;iwloc=near\"\n\t\t\t\t\ttitle=\"Kiyevsky Station Square, 2, Moscow, Rusya, 121059\"\n\t\t\t\t\taria-label=\"Kiyevsky Station Square, 2, Moscow, Rusya, 121059\"\n\t\t\t><\/iframe>\n\t\t<\/div>\n\t\t\t\t\t\t<\/div>\n\t\t\t\t<\/div>\n\t\t\t\t<\/div>\n\t\t<div class=\"elementor-element elementor-element-21ce0a20 e-con-full e-flex e-con e-child\" data-id=\"21ce0a20\" data-element_type=\"container\" data-e-type=\"container\">\n\t\t\t\t<div class=\"elementor-element elementor-element-2128dbb2 elementor-widget elementor-widget-heading\" data-id=\"2128dbb2\" data-element_type=\"widget\" data-e-type=\"widget\" data-widget_type=\"heading.default\">\n\t\t\t\t<div class=\"elementor-widget-container\">\n\t\t\t\t\t<h2 class=\"elementor-heading-title elementor-size-default\">Rusya<div>Setun Residence<\/div><\/h2>\t\t\t\t<\/div>\n\t\t\t\t<\/div>\n\t\t\t\t<\/div>\n\t\t<div class=\"elementor-element elementor-element-4aaef41d e-con-full e-flex e-con e-child\" data-id=\"4aaef41d\" data-element_type=\"container\" data-e-type=\"container\">\n\t\t\t\t<div class=\"elementor-element elementor-element-342f1080 elementor-widget__width-initial elementor-widget elementor-widget-text-editor\" data-id=\"342f1080\" data-element_type=\"widget\" data-e-type=\"widget\" data-widget_type=\"text-editor.default\">\n\t\t\t\t<div class=\"elementor-widget-container\">\n\t\t\t\t\t\t\t\t\t<p><strong>Karayel &amp; Partners<\/strong>, 2005 y\u0131l\u0131nda Rusya &#8211; Moskova&#8217;da 17.000 m\u00b2 alana sahip &#8216;Setun Rezidans&#8217; projesinde cephe i\u015fleri hizmeti ger\u00e7ekle\u015ftirmi\u015ftir.<\/p>\t\t\t\t\t\t\t\t<\/div>\n\t\t\t\t<\/div>\n\t\t\t\t<\/div>\n\t\t<div class=\"elementor-element elementor-element-2e011f2 e-con-full e-flex e-con e-child\" data-id=\"2e011f2\" data-element_type=\"container\" data-e-type=\"container\">\n\t\t\t\t<div class=\"elementor-element elementor-element-7c4de6e0 elementor-widget elementor-widget-image\" data-id=\"7c4de6e0\" data-element_type=\"widget\" data-e-type=\"widget\" data-widget_type=\"image.default\">\n\t\t\t\t<div class=\"elementor-widget-container\">\n\t\t\t\t\t\t\t\t\t\t\t\t\t\t\t<img fetchpriority=\"high\" decoding=\"async\" width=\"370\" height=\"320\" src=\"https:\/\/karayelpartners.com\/wp-content\/uploads\/2023\/07\/Setun-Residence-1.png\" class=\"attachment-full size-full wp-image-6265\" alt=\"\" srcset=\"https:\/\/karayelpartners.com\/wp-content\/uploads\/2023\/07\/Setun-Residence-1.png 370w, https:\/\/karayelpartners.com\/wp-content\/uploads\/2023\/07\/Setun-Residence-1-300x259.png 300w\" sizes=\"(max-width: 370px) 100vw, 370px\" \/>\t\t\t\t\t\t\t\t\t\t\t\t\t\t\t<\/div>\n\t\t\t\t<\/div>\n\t\t\t\t<div class=\"elementor-element elementor-element-0f2ff6c elementor-widget elementor-widget-image\" data-id=\"0f2ff6c\" data-element_type=\"widget\" data-e-type=\"widget\" data-widget_type=\"image.default\">\n\t\t\t\t<div class=\"elementor-widget-container\">\n\t\t\t\t\t\t\t\t\t\t\t\t\t\t\t<img decoding=\"async\" width=\"370\" height=\"320\" src=\"https:\/\/karayelpartners.com\/wp-content\/uploads\/2023\/07\/Setun-Residence-2.png\" class=\"attachment-full size-full wp-image-6267\" alt=\"\" srcset=\"https:\/\/karayelpartners.com\/wp-content\/uploads\/2023\/07\/Setun-Residence-2.png 370w, https:\/\/karayelpartners.com\/wp-content\/uploads\/2023\/07\/Setun-Residence-2-300x259.png 300w\" sizes=\"(max-width: 370px) 100vw, 370px\" \/>\t\t\t\t\t\t\t\t\t\t\t\t\t\t\t<\/div>\n\t\t\t\t<\/div>\n\t\t\t\t<div class=\"elementor-element elementor-element-cd1db16 elementor-widget elementor-widget-image\" data-id=\"cd1db16\" data-element_type=\"widget\" data-e-type=\"widget\" data-widget_type=\"image.default\">\n\t\t\t\t<div class=\"elementor-widget-container\">\n\t\t\t\t\t\t\t\t\t\t\t\t\t\t\t<img decoding=\"async\" width=\"370\" height=\"320\" src=\"https:\/\/karayelpartners.com\/wp-content\/uploads\/2023\/07\/Setun-Residence-5.png\" class=\"attachment-full size-full wp-image-6266\" alt=\"\" srcset=\"https:\/\/karayelpartners.com\/wp-content\/uploads\/2023\/07\/Setun-Residence-5.png 370w, https:\/\/karayelpartners.com\/wp-content\/uploads\/2023\/07\/Setun-Residence-5-300x259.png 300w\" sizes=\"(max-width: 370px) 100vw, 370px\" \/>\t\t\t\t\t\t\t\t\t\t\t\t\t\t\t<\/div>\n\t\t\t\t<\/div>\n\t\t\t\t<\/div>\n\t\t\t\t\t<\/div>\n\t\t\t\t<\/div>\n\t\t<div class=\"elementor-element elementor-element-2a797dc e-flex e-con-boxed e-con e-parent\" data-id=\"2a797dc\" data-element_type=\"container\" data-e-type=\"container\" data-settings=\"{&quot;background_background&quot;:&quot;classic&quot;}\">\n\t\t\t\t\t<div class=\"e-con-inner\">\n\t\t<div class=\"elementor-element elementor-element-9152656 e-con-full e-flex e-con e-child\" data-id=\"9152656\" data-element_type=\"container\" data-e-type=\"container\">\n\t\t\t\t<div class=\"elementor-element elementor-element-8bf4057 elementor-widget elementor-widget-image\" data-id=\"8bf4057\" data-element_type=\"widget\" data-e-type=\"widget\" data-widget_type=\"image.default\">\n\t\t\t\t<div class=\"elementor-widget-container\">\n\t\t\t\t\t\t\t\t\t\t\t\t\t\t\t<img loading=\"lazy\" decoding=\"async\" width=\"1080\" height=\"1080\" src=\"https:\/\/karayelpartners.com\/wp-content\/uploads\/2023\/05\/insaat-ve-muhendislik.gif\" class=\"attachment-full size-full wp-image-3269\" alt=\"\" \/>\t\t\t\t\t\t\t\t\t\t\t\t\t\t\t<\/div>\n\t\t\t\t<\/div>\n\t\t\t\t<\/div>\n\t\t<div class=\"elementor-element elementor-element-a86970b e-con-full e-flex e-con e-child\" data-id=\"a86970b\" data-element_type=\"container\" data-e-type=\"container\">\n\t\t\t\t<div class=\"elementor-element elementor-element-e626f96 elementor-widget elementor-widget-heading\" data-id=\"e626f96\" data-element_type=\"widget\" data-e-type=\"widget\" data-widget_type=\"heading.default\">\n\t\t\t\t<div class=\"elementor-widget-container\">\n\t\t\t\t\t<h2 class=\"elementor-heading-title elementor-size-default\">\u0130n\u015faat Projelerinizde \u0130novasyon ve Kalite<\/h2>\t\t\t\t<\/div>\n\t\t\t\t<\/div>\n\t\t\t\t<div class=\"elementor-element elementor-element-9afa1c3 elementor-widget elementor-widget-text-editor\" data-id=\"9afa1c3\" data-element_type=\"widget\" data-e-type=\"widget\" data-widget_type=\"text-editor.default\">\n\t\t\t\t<div class=\"elementor-widget-container\">\n\t\t\t\t\t\t\t\t\t<p>\u0130n\u015faat projelerinizde kalite ve yenilik\u00e7ilik ar\u0131yorsan\u0131z, uzman ekibimiz sizinle birlikte \u00e7al\u0131\u015fmaya haz\u0131r. Projelerinizi en y\u00fcksek standartlarda tamamlamak i\u00e7in bizimle ileti\u015fime ge\u00e7in.<\/p>\t\t\t\t\t\t\t\t<\/div>\n\t\t\t\t<\/div>\n\t\t\t\t<\/div>\n\t\t\t\t\t<\/div>\n\t\t\t\t<\/div>\n\t\t<div class=\"elementor-element elementor-element-776ddce e-flex e-con-boxed e-con e-parent\" data-id=\"776ddce\" data-element_type=\"container\" data-e-type=\"container\" data-settings=\"{&quot;background_background&quot;:&quot;classic&quot;}\">\n\t\t\t\t\t<div class=\"e-con-inner\">\n\t\t<div class=\"elementor-element elementor-element-bd20f1f e-con-full e-flex e-con e-child\" data-id=\"bd20f1f\" data-element_type=\"container\" data-e-type=\"container\">\n\t\t\t\t<div class=\"elementor-element elementor-element-df520ae elementor-button-align-stretch elementor-widget elementor-widget-form\" data-id=\"df520ae\" data-element_type=\"widget\" data-e-type=\"widget\" data-settings=\"{&quot;step_next_label&quot;:&quot;Next&quot;,&quot;step_previous_label&quot;:&quot;Previous&quot;,&quot;button_width&quot;:&quot;100&quot;,&quot;step_type&quot;:&quot;number_text&quot;,&quot;step_icon_shape&quot;:&quot;circle&quot;}\" data-widget_type=\"form.default\">\n\t\t\t\t<div class=\"elementor-widget-container\">\n\t\t\t\t\t\t\t<form class=\"elementor-form\" method=\"post\" name=\"G\u00f6r\u00fc\u015fme Planla Form\" aria-label=\"G\u00f6r\u00fc\u015fme Planla Form\">\n\t\t\t<input type=\"hidden\" name=\"post_id\" value=\"2467\"\/>\n\t\t\t<input type=\"hidden\" name=\"form_id\" value=\"df520ae\"\/>\n\t\t\t<input type=\"hidden\" name=\"referer_title\" value=\"Setun Residence\" \/>\n\n\t\t\t\t\t\t\t<input type=\"hidden\" name=\"queried_id\" value=\"2467\"\/>\n\t\t\t\n\t\t\t<div class=\"elementor-form-fields-wrapper elementor-labels-above\">\n\t\t\t\t\t\t\t\t<div class=\"elementor-field-type-text elementor-field-group elementor-column elementor-field-group-name elementor-col-50 elementor-field-required elementor-mark-required\">\n\t\t\t\t\t\t\t\t\t\t\t\t<label for=\"form-field-name\" class=\"elementor-field-label\">\n\t\t\t\t\t\t\t\t\u0130sim\t\t\t\t\t\t\t<\/label>\n\t\t\t\t\t\t\t\t\t\t\t\t\t\t<input size=\"1\" type=\"text\" name=\"form_fields[name]\" id=\"form-field-name\" class=\"elementor-field elementor-size-sm  elementor-field-textual\" required=\"required\">\n\t\t\t\t\t\t\t\t\t\t\t<\/div>\n\t\t\t\t\t\t\t\t<div class=\"elementor-field-type-email elementor-field-group elementor-column elementor-field-group-field_8bd9833 elementor-col-50 elementor-field-required elementor-mark-required\">\n\t\t\t\t\t\t\t\t\t\t\t\t<label for=\"form-field-field_8bd9833\" class=\"elementor-field-label\">\n\t\t\t\t\t\t\t\tEposta\t\t\t\t\t\t\t<\/label>\n\t\t\t\t\t\t\t\t\t\t\t\t\t\t<input size=\"1\" type=\"email\" name=\"form_fields[field_8bd9833]\" id=\"form-field-field_8bd9833\" class=\"elementor-field elementor-size-sm  elementor-field-textual\" required=\"required\">\n\t\t\t\t\t\t\t\t\t\t\t<\/div>\n\t\t\t\t\t\t\t\t<div class=\"elementor-field-type-textarea elementor-field-group elementor-column elementor-field-group-field_5d63c91 elementor-col-50 elementor-field-required elementor-mark-required\">\n\t\t\t\t\t\t\t\t\t\t\t\t<label for=\"form-field-field_5d63c91\" class=\"elementor-field-label\">\n\t\t\t\t\t\t\t\tGelecek Perspektifiniz Nedir?\t\t\t\t\t\t\t<\/label>\n\t\t\t\t\t\t<textarea class=\"elementor-field-textual elementor-field  elementor-size-sm\" name=\"form_fields[field_5d63c91]\" id=\"form-field-field_5d63c91\" rows=\"3\" required=\"required\"><\/textarea>\t\t\t\t<\/div>\n\t\t\t\t\t\t\t\t<div class=\"elementor-field-type-textarea elementor-field-group elementor-column elementor-field-group-field_e854b93 elementor-col-50 elementor-field-required elementor-mark-required\">\n\t\t\t\t\t\t\t\t\t\t\t\t<label for=\"form-field-field_e854b93\" class=\"elementor-field-label\">\n\t\t\t\t\t\t\t\t\u015eirketinizdeki \u00c7al\u0131\u015fan Say\u0131s\u0131n\u0131 Belirtir Misiniz?\t\t\t\t\t\t\t<\/label>\n\t\t\t\t\t\t<textarea class=\"elementor-field-textual elementor-field  elementor-size-sm\" name=\"form_fields[field_e854b93]\" id=\"form-field-field_e854b93\" rows=\"3\" required=\"required\"><\/textarea>\t\t\t\t<\/div>\n\t\t\t\t\t\t\t\t<div class=\"elementor-field-type-textarea elementor-field-group elementor-column elementor-field-group-field_006c226 elementor-col-50 elementor-field-required elementor-mark-required\">\n\t\t\t\t\t\t\t\t\t\t\t\t<label for=\"form-field-field_006c226\" class=\"elementor-field-label\">\n\t\t\t\t\t\t\t\t\u015eirketlerin Faaliyet Alanlar\u0131 Nelerdir?\t\t\t\t\t\t\t<\/label>\n\t\t\t\t\t\t<textarea class=\"elementor-field-textual elementor-field  elementor-size-sm\" name=\"form_fields[field_006c226]\" id=\"form-field-field_006c226\" rows=\"3\" required=\"required\"><\/textarea>\t\t\t\t<\/div>\n\t\t\t\t\t\t\t\t<div class=\"elementor-field-group elementor-column elementor-field-type-submit elementor-col-100 e-form__buttons\">\n\t\t\t\t\t<button class=\"elementor-button elementor-size-sm\" type=\"submit\">\n\t\t\t\t\t\t<span class=\"elementor-button-content-wrapper\">\n\t\t\t\t\t\t\t\t\t\t\t\t\t\t\t\t\t\t\t\t\t\t<span class=\"elementor-button-text\">G\u00f6r\u00fc\u015fme Planla<\/span>\n\t\t\t\t\t\t\t\t\t\t\t\t\t<\/span>\n\t\t\t\t\t<\/button>\n\t\t\t\t<\/div>\n\t\t\t<\/div>\n\t\t<\/form>\n\t\t\t\t\t\t<\/div>\n\t\t\t\t<\/div>\n\t\t\t\t<\/div>\n\t\t\t\t\t<\/div>\n\t\t\t\t<\/div>\n\t\t\t\t<\/div>\n\t\t","protected":false},"excerpt":{"rendered":"<p>RusyaSetun Residence Karayel &amp; Partners, 2005 y\u0131l\u0131nda Rusya &#8211; Moskova&#8217;da 17.000 m\u00b2 alana sahip &#8216;Setun Rezidans&#8217; projesinde cephe i\u015fleri hizmeti ger\u00e7ekle\u015ftirmi\u015ftir. \u0130n\u015faat Projelerinizde \u0130novasyon ve Kalite \u0130n\u015faat projelerinizde kalite ve yenilik\u00e7ilik ar\u0131yorsan\u0131z, uzman ekibimiz sizinle birlikte \u00e7al\u0131\u015fmaya haz\u0131r. Projelerinizi en y\u00fcksek standartlarda tamamlamak i\u00e7in bizimle ileti\u015fime ge\u00e7in.<\/p>","protected":false},"author":3,"featured_media":0,"parent":3758,"menu_order":2,"comment_status":"closed","ping_status":"closed","template":"elementor_header_footer","meta":{"iawp_total_views":4,"footnotes":""},"class_list":["post-2467","page","type-page","status-publish","hentry"],"_links":{"self":[{"href":"https:\/\/karayelpartners.com\/ru\/wp-json\/wp\/v2\/pages\/2467","targetHints":{"allow":["GET"]}}],"collection":[{"href":"https:\/\/karayelpartners.com\/ru\/wp-json\/wp\/v2\/pages"}],"about":[{"href":"https:\/\/karayelpartners.com\/ru\/wp-json\/wp\/v2\/types\/page"}],"author":[{"embeddable":true,"href":"https:\/\/karayelpartners.com\/ru\/wp-json\/wp\/v2\/users\/3"}],"replies":[{"embeddable":true,"href":"https:\/\/karayelpartners.com\/ru\/wp-json\/wp\/v2\/comments?post=2467"}],"version-history":[{"count":0,"href":"https:\/\/karayelpartners.com\/ru\/wp-json\/wp\/v2\/pages\/2467\/revisions"}],"up":[{"embeddable":true,"href":"https:\/\/karayelpartners.com\/ru\/wp-json\/wp\/v2\/pages\/3758"}],"wp:attachment":[{"href":"https:\/\/karayelpartners.com\/ru\/wp-json\/wp\/v2\/media?parent=2467"}],"curies":[{"name":"wp","href":"https:\/\/api.w.org\/{rel}","templated":true}]}}