{"id":2154,"date":"2023-05-16T00:19:33","date_gmt":"2023-05-16T00:19:33","guid":{"rendered":"https:\/\/karayelpartners.com\/?page_id=2154"},"modified":"2023-11-07T15:34:47","modified_gmt":"2023-11-07T15:34:47","slug":"%d1%81%d0%b5%d0%ba%d1%82%d0%be%d1%80%d0%b0","status":"publish","type":"page","link":"https:\/\/karayelpartners.com\/ru\/%d1%81%d0%b5%d0%ba%d1%82%d0%be%d1%80%d0%b0\/","title":{"rendered":"\u0421\u0435\u043a\u0442\u043e\u0440\u0430"},"content":{"rendered":"<div data-elementor-type=\"wp-page\" data-elementor-id=\"2154\" class=\"elementor elementor-2154\" data-elementor-post-type=\"page\">\n\t\t\t\t<div class=\"elementor-element elementor-element-461163ef e-flex e-con-boxed e-con e-parent\" data-id=\"461163ef\" data-element_type=\"container\" data-e-type=\"container\">\n\t\t\t\t\t<div class=\"e-con-inner\">\n\t\t<div class=\"elementor-element elementor-element-5343c469 e-con-full e-flex e-con e-child\" data-id=\"5343c469\" data-element_type=\"container\" data-e-type=\"container\">\n\t\t\t\t<div class=\"elementor-element elementor-element-5d1c9671 elementor-widget__width-initial elementor-widget elementor-widget-heading\" data-id=\"5d1c9671\" data-element_type=\"widget\" data-e-type=\"widget\" data-widget_type=\"heading.default\">\n\t\t\t\t<div class=\"elementor-widget-container\">\n\t\t\t\t\t<h2 class=\"elementor-heading-title elementor-size-default\">\u0421\u0435\u043a\u0442\u043e\u0440\u0430<\/h2>\t\t\t\t<\/div>\n\t\t\t\t<\/div>\n\t\t\t\t<\/div>\n\t\t\t\t\t<\/div>\n\t\t\t\t<\/div>\n\t\t<div class=\"elementor-element elementor-element-75f7c020 e-con-full e-flex e-con e-parent\" data-id=\"75f7c020\" data-element_type=\"container\" data-e-type=\"container\">\n\t\t\t\t<div class=\"elementor-element elementor-element-5f9bf659 elementor-widget-divider--view-line elementor-widget elementor-widget-divider\" data-id=\"5f9bf659\" data-element_type=\"widget\" data-e-type=\"widget\" data-widget_type=\"divider.default\">\n\t\t\t\t<div class=\"elementor-widget-container\">\n\t\t\t\t\t\t\t<div class=\"elementor-divider\">\n\t\t\t<span class=\"elementor-divider-separator\">\n\t\t\t\t\t\t<\/span>\n\t\t<\/div>\n\t\t\t\t\t\t<\/div>\n\t\t\t\t<\/div>\n\t\t\t\t<\/div>\n\t\t<div class=\"elementor-element elementor-element-15309323 e-flex e-con-boxed e-con e-parent\" data-id=\"15309323\" data-element_type=\"container\" data-e-type=\"container\">\n\t\t\t\t\t<div class=\"e-con-inner\">\n\t\t<div class=\"elementor-element elementor-element-570d057e e-con-full e-flex e-con e-child\" data-id=\"570d057e\" data-element_type=\"container\" data-e-type=\"container\">\n\t\t\t\t<div class=\"elementor-element elementor-element-2b35c9ca elementor-position-top elementor-widget elementor-widget-image-box\" data-id=\"2b35c9ca\" data-element_type=\"widget\" data-e-type=\"widget\" data-widget_type=\"image-box.default\">\n\t\t\t\t<div class=\"elementor-widget-container\">\n\t\t\t\t\t<div class=\"elementor-image-box-wrapper\"><figure class=\"elementor-image-box-img\"><img fetchpriority=\"high\" decoding=\"async\" width=\"370\" height=\"270\" src=\"https:\/\/karayelpartners.com\/wp-content\/uploads\/2023\/05\/Gayrimenkul-Gelistirme-ve-Gayrimenkul-Yatirim.png\" class=\"attachment-full size-full wp-image-971\" alt=\"\" srcset=\"https:\/\/karayelpartners.com\/wp-content\/uploads\/2023\/05\/Gayrimenkul-Gelistirme-ve-Gayrimenkul-Yatirim.png 370w, https:\/\/karayelpartners.com\/wp-content\/uploads\/2023\/05\/Gayrimenkul-Gelistirme-ve-Gayrimenkul-Yatirim-300x219.png 300w\" sizes=\"(max-width: 370px) 100vw, 370px\" \/><\/figure><div class=\"elementor-image-box-content\"><h3 class=\"elementor-image-box-title\">\u0420\u0430\u0437\u0432\u0438\u0442\u0438\u0435 \u043d\u0435\u0434\u0432\u0438\u0436\u0438\u043c\u043e\u0441\u0442\u0438 \u0438 \u0438\u043d\u0432\u0435\u0441\u0442\u0438\u0446\u0438\u0438 \u0432 \u043d\u0435\u0434\u0432\u0438\u0436\u0438\u043c\u043e\u0441\u0442\u044c<\/h3><p class=\"elementor-image-box-description\">\u0427\u0442\u043e\u0431\u044b \u0434\u043e\u0441\u0442\u0430\u0432\u0438\u0442\u044c \u0432\u0430\u0448\u0438 \u043f\u0440\u043e\u0435\u043a\u0442\u044b \u043d\u0435\u0434\u0432\u0438\u0436\u0438\u043c\u043e\u0441\u0442\u0438 \u0432 \u0431\u0435\u0437\u043e\u043f\u0430\u0441\u043d\u0443\u044e \u0433\u0430\u0432\u0430\u043d\u044c <strong>Karayel &amp; Partners<\/strong>\u044d\u043a\u0441\u043f\u0435\u0440\u0442\u043d\u044b\u0439 \u0438\u043d\u0436\u0435\u043d\u0435\u0440\u043d\u044b\u0439 \u043f\u0435\u0440\u0441\u043e\u043d\u0430\u043b.<\/p><\/div><\/div>\t\t\t\t<\/div>\n\t\t\t\t<\/div>\n\t\t\t\t<div class=\"elementor-element elementor-element-5cdafeff elementor-align-left elementor-widget elementor-widget-button\" data-id=\"5cdafeff\" data-element_type=\"widget\" data-e-type=\"widget\" data-widget_type=\"button.default\">\n\t\t\t\t<div class=\"elementor-widget-container\">\n\t\t\t\t\t\t\t\t\t<div class=\"elementor-button-wrapper\">\n\t\t\t\t\t<a class=\"elementor-button elementor-button-link elementor-size-sm\" href=\"https:\/\/karayelpartners.com\/ru\/%d1%81%d0%b5%d0%ba%d1%82%d0%be%d1%80%d0%b0\/%d0%b4%d0%b5%d0%b2%d0%b5%d0%bb%d0%be%d0%bf%d0%bc%d0%b5%d0%bd%d1%82-%d0%b8-%d0%b8%d0%bd%d0%b2%d0%b5%d1%81%d1%82%d0%b8%d1%86%d0%b8%d0%b8-%d0%b2-%d0%bd%d0%b5%d0%b4%d0%b2%d0%b8%d0%b6%d0%b8%d0%bc%d0%be\/\">\n\t\t\t\t\t\t<span class=\"elementor-button-content-wrapper\">\n\t\t\t\t\t\t\t\t\t<span class=\"elementor-button-text\">\u041e\u0442\u043a\u0440\u043e\u0439\u0442\u0435 \u0434\u043b\u044f \u0441\u0435\u0431\u044f<\/span>\n\t\t\t\t\t<\/span>\n\t\t\t\t\t<\/a>\n\t\t\t\t<\/div>\n\t\t\t\t\t\t\t\t<\/div>\n\t\t\t\t<\/div>\n\t\t\t\t<\/div>\n\t\t<div class=\"elementor-element elementor-element-3b6e39fb e-con-full e-flex e-con e-child\" data-id=\"3b6e39fb\" data-element_type=\"container\" data-e-type=\"container\">\n\t\t\t\t<div class=\"elementor-element elementor-element-af908c2 elementor-position-top elementor-widget elementor-widget-image-box\" data-id=\"af908c2\" data-element_type=\"widget\" data-e-type=\"widget\" data-widget_type=\"image-box.default\">\n\t\t\t\t<div class=\"elementor-widget-container\">\n\t\t\t\t\t<div class=\"elementor-image-box-wrapper\"><figure class=\"elementor-image-box-img\"><img decoding=\"async\" width=\"370\" height=\"270\" src=\"https:\/\/karayelpartners.com\/wp-content\/uploads\/2023\/05\/Insaat-ve-Muhendislik.png\" class=\"attachment-full size-full wp-image-972\" alt=\"\" srcset=\"https:\/\/karayelpartners.com\/wp-content\/uploads\/2023\/05\/Insaat-ve-Muhendislik.png 370w, https:\/\/karayelpartners.com\/wp-content\/uploads\/2023\/05\/Insaat-ve-Muhendislik-300x219.png 300w\" sizes=\"(max-width: 370px) 100vw, 370px\" \/><\/figure><div class=\"elementor-image-box-content\"><h3 class=\"elementor-image-box-title\">\u0421\u0442\u0440\u043e\u0438\u0442\u0435\u043b\u044c\u0441\u0442\u0432\u043e \u0438 \u043f\u0440\u043e\u0435\u043a\u0442\u0438\u0440\u043e\u0432\u0430\u043d\u0438\u0435<\/h3><p class=\"elementor-image-box-description\"><strong>Karayel &amp; Partners<\/strong>\n\u041e\u043f\u044b\u0442\u043d\u044b\u0435 \u0438\u043d\u0436\u0435\u043d\u0435\u0440\u044b \u0438 \u043a\u043e\u043d\u0441\u0443\u043b\u044c\u0442\u0430\u043d\u0442\u044b \u043a\u043e\u043c\u043f\u0430\u043d\u0438\u0438 \u0432\u043d\u0435\u0434\u0440\u044f\u044e\u0442 \u0443\u0441\u043f\u0435\u0445 \u0432 \u0432\u0430\u0448\u0438 \u043f\u0440\u043e\u0435\u043a\u0442\u044b.<\/p><\/div><\/div>\t\t\t\t<\/div>\n\t\t\t\t<\/div>\n\t\t\t\t<div class=\"elementor-element elementor-element-481131c9 elementor-align-left elementor-widget elementor-widget-button\" data-id=\"481131c9\" data-element_type=\"widget\" data-e-type=\"widget\" data-widget_type=\"button.default\">\n\t\t\t\t<div class=\"elementor-widget-container\">\n\t\t\t\t\t\t\t\t\t<div class=\"elementor-button-wrapper\">\n\t\t\t\t\t<a class=\"elementor-button elementor-button-link elementor-size-sm\" href=\"https:\/\/karayelpartners.com\/ru\/%d1%81%d0%b5%d0%ba%d1%82%d0%be%d1%80%d0%b0\/%d1%81%d1%82%d1%80%d0%be%d0%b8%d1%82%d0%b5%d0%bb%d1%8c%d1%81%d1%82%d0%b2%d0%be-%d0%b8-%d0%bf%d1%80%d0%be%d0%b5%d0%ba%d1%82%d0%b8%d1%80%d0%be%d0%b2%d0%b0%d0%bd%d0%b8%d0%b5\/\">\n\t\t\t\t\t\t<span class=\"elementor-button-content-wrapper\">\n\t\t\t\t\t\t\t\t\t<span class=\"elementor-button-text\">\u041e\u0442\u043a\u0440\u043e\u0439\u0442\u0435 \u0434\u043b\u044f \u0441\u0435\u0431\u044f<\/span>\n\t\t\t\t\t<\/span>\n\t\t\t\t\t<\/a>\n\t\t\t\t<\/div>\n\t\t\t\t\t\t\t\t<\/div>\n\t\t\t\t<\/div>\n\t\t\t\t<\/div>\n\t\t<div class=\"elementor-element elementor-element-577e595f e-con-full e-flex e-con e-child\" data-id=\"577e595f\" data-element_type=\"container\" data-e-type=\"container\">\n\t\t\t\t<div class=\"elementor-element elementor-element-1a596aee elementor-position-top elementor-widget elementor-widget-image-box\" data-id=\"1a596aee\" data-element_type=\"widget\" data-e-type=\"widget\" data-widget_type=\"image-box.default\">\n\t\t\t\t<div class=\"elementor-widget-container\">\n\t\t\t\t\t<div class=\"elementor-image-box-wrapper\"><figure class=\"elementor-image-box-img\"><img decoding=\"async\" width=\"370\" height=\"270\" src=\"https:\/\/karayelpartners.com\/wp-content\/uploads\/2023\/05\/Perakende.png\" class=\"attachment-full size-full wp-image-968\" alt=\"\" srcset=\"https:\/\/karayelpartners.com\/wp-content\/uploads\/2023\/05\/Perakende.png 370w, https:\/\/karayelpartners.com\/wp-content\/uploads\/2023\/05\/Perakende-300x219.png 300w\" sizes=\"(max-width: 370px) 100vw, 370px\" \/><\/figure><div class=\"elementor-image-box-content\"><h3 class=\"elementor-image-box-title\">\u0420\u043e\u0437\u043d\u0438\u0447\u043d\u0430\u044f \u0442\u043e\u0440\u0433\u043e\u0432\u043b\u044f<\/h3><p class=\"elementor-image-box-description\"><strong>Karayel &amp; Partners<\/strong>\n \u0438\u0441\u043f\u043e\u043b\u044c\u0437\u043e\u0432\u0430\u0442\u044c \u0432\u043e\u0437\u043c\u043e\u0436\u043d\u043e\u0441\u0442\u0438 \u0432 \u043a\u043e\u043d\u043a\u0443\u0440\u0435\u043d\u0442\u043d\u043e\u043c \u043c\u0438\u0440\u0435 \u0440\u043e\u0437\u043d\u0438\u0447\u043d\u043e\u0439 \u0442\u043e\u0440\u0433\u043e\u0432\u043b\u0438 \u0438 \u0431\u044b\u0441\u0442\u0440\u043e \u0430\u0434\u0430\u043f\u0442\u0438\u0440\u043e\u0432\u0430\u0442\u044c\u0441\u044f \u043a \u0442\u0435\u0445\u043d\u043e\u043b\u043e\u0433\u0438\u0447\u0435\u0441\u043a\u0438\u043c \u0438\u0437\u043c\u0435\u043d\u0435\u043d\u0438\u044f\u043c.<\/p><\/div><\/div>\t\t\t\t<\/div>\n\t\t\t\t<\/div>\n\t\t\t\t<div class=\"elementor-element elementor-element-1ddad3f7 elementor-align-left elementor-widget elementor-widget-button\" data-id=\"1ddad3f7\" data-element_type=\"widget\" data-e-type=\"widget\" data-widget_type=\"button.default\">\n\t\t\t\t<div class=\"elementor-widget-container\">\n\t\t\t\t\t\t\t\t\t<div class=\"elementor-button-wrapper\">\n\t\t\t\t\t<a class=\"elementor-button elementor-button-link elementor-size-sm\" href=\"https:\/\/karayelpartners.com\/ru\/%d1%81%d0%b5%d0%ba%d1%82%d0%be%d1%80%d0%b0\/%d1%80%d0%be%d0%b7%d0%bd%d0%b8%d1%87%d0%bd%d0%b0%d1%8f-%d1%82%d0%be%d1%80%d0%b3%d0%be%d0%b2%d0%bb%d1%8f\/\">\n\t\t\t\t\t\t<span class=\"elementor-button-content-wrapper\">\n\t\t\t\t\t\t\t\t\t<span class=\"elementor-button-text\">\u041e\u0442\u043a\u0440\u043e\u0439\u0442\u0435 \u0434\u043b\u044f \u0441\u0435\u0431\u044f<\/span>\n\t\t\t\t\t<\/span>\n\t\t\t\t\t<\/a>\n\t\t\t\t<\/div>\n\t\t\t\t\t\t\t\t<\/div>\n\t\t\t\t<\/div>\n\t\t\t\t<\/div>\n\t\t<div class=\"elementor-element elementor-element-1712681f e-con-full e-flex e-con e-child\" data-id=\"1712681f\" data-element_type=\"container\" data-e-type=\"container\">\n\t\t\t\t<div class=\"elementor-element elementor-element-4e6e22cd elementor-position-top elementor-widget elementor-widget-image-box\" data-id=\"4e6e22cd\" data-element_type=\"widget\" data-e-type=\"widget\" data-widget_type=\"image-box.default\">\n\t\t\t\t<div class=\"elementor-widget-container\">\n\t\t\t\t\t<div class=\"elementor-image-box-wrapper\"><figure class=\"elementor-image-box-img\"><img loading=\"lazy\" decoding=\"async\" width=\"370\" height=\"270\" src=\"https:\/\/karayelpartners.com\/wp-content\/uploads\/2023\/05\/Kimya.png\" class=\"attachment-full size-full wp-image-970\" alt=\"\" srcset=\"https:\/\/karayelpartners.com\/wp-content\/uploads\/2023\/05\/Kimya.png 370w, https:\/\/karayelpartners.com\/wp-content\/uploads\/2023\/05\/Kimya-300x219.png 300w\" sizes=\"(max-width: 370px) 100vw, 370px\" \/><\/figure><div class=\"elementor-image-box-content\"><h3 class=\"elementor-image-box-title\">\u0425\u0438\u043c\u0438\u044f <\/h3><p class=\"elementor-image-box-description\">\u041f\u0440\u043e\u0442\u0438\u0432\u043e\u0441\u0442\u043e\u044f\u0442\u044c \u0432\u044b\u0437\u043e\u0432\u0430\u043c \u0445\u0438\u043c\u0438\u0447\u0435\u0441\u043a\u043e\u0433\u043e \u0440\u044b\u043d\u043a\u0430. <strong>Karayel &amp; Partners<\/strong> \u043d\u0430\u0445\u043e\u0434\u0438\u0442\u044c \u043d\u0430\u0434\u0435\u0436\u043d\u044b\u0435, \u0441\u043f\u0440\u0430\u0432\u0435\u0434\u043b\u0438\u0432\u044b\u0435 \u0438 \u044d\u0444\u0444\u0435\u043a\u0442\u0438\u0432\u043d\u044b\u0435 \u0440\u0435\u0448\u0435\u043d\u0438\u044f.<\/p><\/div><\/div>\t\t\t\t<\/div>\n\t\t\t\t<\/div>\n\t\t\t\t<div class=\"elementor-element elementor-element-2b96d92c elementor-align-left elementor-widget elementor-widget-button\" data-id=\"2b96d92c\" data-element_type=\"widget\" data-e-type=\"widget\" data-widget_type=\"button.default\">\n\t\t\t\t<div class=\"elementor-widget-container\">\n\t\t\t\t\t\t\t\t\t<div class=\"elementor-button-wrapper\">\n\t\t\t\t\t<a class=\"elementor-button elementor-button-link elementor-size-sm\" href=\"https:\/\/karayelpartners.com\/ru\/%d1%81%d0%b5%d0%ba%d1%82%d0%be%d1%80%d0%b0\/%d1%85%d0%b8%d0%bc%d0%b8%d1%8f\/\">\n\t\t\t\t\t\t<span class=\"elementor-button-content-wrapper\">\n\t\t\t\t\t\t\t\t\t<span class=\"elementor-button-text\">\u041e\u0442\u043a\u0440\u043e\u0439\u0442\u0435 \u0434\u043b\u044f \u0441\u0435\u0431\u044f<\/span>\n\t\t\t\t\t<\/span>\n\t\t\t\t\t<\/a>\n\t\t\t\t<\/div>\n\t\t\t\t\t\t\t\t<\/div>\n\t\t\t\t<\/div>\n\t\t\t\t<\/div>\n\t\t<div class=\"elementor-element elementor-element-1247e80b e-con-full e-flex e-con e-child\" data-id=\"1247e80b\" data-element_type=\"container\" data-e-type=\"container\">\n\t\t\t\t<div class=\"elementor-element elementor-element-2a7f03c0 elementor-position-top elementor-widget elementor-widget-image-box\" data-id=\"2a7f03c0\" data-element_type=\"widget\" data-e-type=\"widget\" data-widget_type=\"image-box.default\">\n\t\t\t\t<div class=\"elementor-widget-container\">\n\t\t\t\t\t<div class=\"elementor-image-box-wrapper\"><figure class=\"elementor-image-box-img\"><img loading=\"lazy\" decoding=\"async\" width=\"370\" height=\"270\" src=\"https:\/\/karayelpartners.com\/wp-content\/uploads\/2023\/05\/Bilisim-Teknolojileri-1.png\" class=\"attachment-full size-full wp-image-969\" alt=\"\" srcset=\"https:\/\/karayelpartners.com\/wp-content\/uploads\/2023\/05\/Bilisim-Teknolojileri-1.png 370w, https:\/\/karayelpartners.com\/wp-content\/uploads\/2023\/05\/Bilisim-Teknolojileri-1-300x219.png 300w\" sizes=\"(max-width: 370px) 100vw, 370px\" \/><\/figure><div class=\"elementor-image-box-content\"><h3 class=\"elementor-image-box-title\">\u0418\u043d\u0444\u043e\u0440\u043c\u0430\u0446\u0438\u043e\u043d\u043d\u044b\u0435 \u0442\u0435\u0445\u043d\u043e\u043b\u043e\u0433\u0438\u0438<\/h3><p class=\"elementor-image-box-description\"><strong>Karayel &amp; Partners<\/strong>\n \u041e\u0441\u0432\u0430\u0438\u0432\u0430\u0439\u0442\u0435 \u0442\u0435\u0445\u043d\u043e\u043b\u043e\u0433\u0438\u0438 \u0432\u043c\u0435\u0441\u0442\u0435 \u0441. \u041e\u0431\u043d\u043e\u0432\u0438\u0442\u0435 \u0441\u0432\u043e\u0438 \u0441\u0438\u0441\u0442\u0435\u043c\u044b \u0438 \u0441\u0434\u0435\u043b\u0430\u0439\u0442\u0435 \u0448\u0430\u0433 \u0432\u043f\u0435\u0440\u0435\u0434 \u0432 \u043c\u0438\u0440\u0435 \u0418\u0422.<\/p><\/div><\/div>\t\t\t\t<\/div>\n\t\t\t\t<\/div>\n\t\t\t\t<div class=\"elementor-element elementor-element-4347486e elementor-align-left elementor-widget elementor-widget-button\" data-id=\"4347486e\" data-element_type=\"widget\" data-e-type=\"widget\" data-widget_type=\"button.default\">\n\t\t\t\t<div class=\"elementor-widget-container\">\n\t\t\t\t\t\t\t\t\t<div class=\"elementor-button-wrapper\">\n\t\t\t\t\t<a class=\"elementor-button elementor-button-link elementor-size-sm\" href=\"https:\/\/karayelpartners.com\/ru\/%d1%81%d0%b5%d0%ba%d1%82%d0%be%d1%80%d0%b0\/%d0%b8%d0%bd%d1%84%d0%be%d1%80%d0%bc%d0%b0%d1%86%d0%b8%d0%be%d0%bd%d0%bd%d1%8b%d0%b5-%d1%82%d0%b5%d1%85%d0%bd%d0%be%d0%bb%d0%be%d0%b3%d0%b8%d0%b8\/\">\n\t\t\t\t\t\t<span class=\"elementor-button-content-wrapper\">\n\t\t\t\t\t\t\t\t\t<span class=\"elementor-button-text\">\u041e\u0442\u043a\u0440\u043e\u0439\u0442\u0435 \u0434\u043b\u044f \u0441\u0435\u0431\u044f<\/span>\n\t\t\t\t\t<\/span>\n\t\t\t\t\t<\/a>\n\t\t\t\t<\/div>\n\t\t\t\t\t\t\t\t<\/div>\n\t\t\t\t<\/div>\n\t\t\t\t<\/div>\n\t\t<div class=\"elementor-element elementor-element-2744cb8a e-con-full e-flex e-con e-child\" data-id=\"2744cb8a\" data-element_type=\"container\" data-e-type=\"container\">\n\t\t\t\t<div class=\"elementor-element elementor-element-52bb2459 elementor-position-top elementor-widget elementor-widget-image-box\" data-id=\"52bb2459\" data-element_type=\"widget\" data-e-type=\"widget\" data-widget_type=\"image-box.default\">\n\t\t\t\t<div class=\"elementor-widget-container\">\n\t\t\t\t\t<div class=\"elementor-image-box-wrapper\"><figure class=\"elementor-image-box-img\"><img loading=\"lazy\" decoding=\"async\" width=\"370\" height=\"270\" src=\"https:\/\/karayelpartners.com\/wp-content\/uploads\/2023\/05\/Finans.png\" class=\"attachment-full size-full wp-image-959\" alt=\"\" srcset=\"https:\/\/karayelpartners.com\/wp-content\/uploads\/2023\/05\/Finans.png 370w, https:\/\/karayelpartners.com\/wp-content\/uploads\/2023\/05\/Finans-300x219.png 300w\" sizes=\"(max-width: 370px) 100vw, 370px\" \/><\/figure><div class=\"elementor-image-box-content\"><h3 class=\"elementor-image-box-title\">\u0424\u0438\u043d\u0430\u043d\u0441\u044b<\/h3><p class=\"elementor-image-box-description\"><strong>Karayel &amp; Partners<\/strong>\n \u043e\u0442\u043a\u0440\u043e\u0439\u0442\u0435 \u0434\u043b\u044f \u0441\u0435\u0431\u044f \u043d\u0430\u0438\u0431\u043e\u043b\u0435\u0435 \u044d\u0444\u0444\u0435\u043a\u0442\u0438\u0432\u043d\u044b\u0439 \u0441\u043f\u043e\u0441\u043e\u0431 \u0434\u043e\u0441\u0442\u0438\u0436\u0435\u043d\u0438\u044f \u0432\u0430\u0448\u0438\u0445 \u0444\u0438\u043d\u0430\u043d\u0441\u043e\u0432\u044b\u0445 \u0446\u0435\u043b\u0435\u0439. \u041c\u044b \u043f\u0440\u0435\u0434\u043b\u0430\u0433\u0430\u0435\u043c \u0432\u0430\u043c \u043b\u0443\u0447\u0448\u0435\u0435 \u0431\u043b\u0430\u0433\u043e\u0434\u0430\u0440\u044f \u043d\u0430\u0448\u0435\u043c\u0443 \u043e\u043f\u044b\u0442\u0443 \u0438 \u0437\u043d\u0430\u043d\u0438\u044f\u043c.<\/p><\/div><\/div>\t\t\t\t<\/div>\n\t\t\t\t<\/div>\n\t\t\t\t<div class=\"elementor-element elementor-element-52e3d323 elementor-align-left elementor-widget elementor-widget-button\" data-id=\"52e3d323\" data-element_type=\"widget\" data-e-type=\"widget\" data-widget_type=\"button.default\">\n\t\t\t\t<div class=\"elementor-widget-container\">\n\t\t\t\t\t\t\t\t\t<div class=\"elementor-button-wrapper\">\n\t\t\t\t\t<a class=\"elementor-button elementor-button-link elementor-size-sm\" href=\"https:\/\/karayelpartners.com\/ru\/%d1%81%d0%b5%d0%ba%d1%82%d0%be%d1%80%d0%b0\/%d1%84%d0%b8%d0%bd%d0%b0%d0%bd%d1%81%d1%8b\/\">\n\t\t\t\t\t\t<span class=\"elementor-button-content-wrapper\">\n\t\t\t\t\t\t\t\t\t<span class=\"elementor-button-text\">\u041e\u0442\u043a\u0440\u043e\u0439\u0442\u0435 \u0434\u043b\u044f \u0441\u0435\u0431\u044f<\/span>\n\t\t\t\t\t<\/span>\n\t\t\t\t\t<\/a>\n\t\t\t\t<\/div>\n\t\t\t\t\t\t\t\t<\/div>\n\t\t\t\t<\/div>\n\t\t\t\t<\/div>\n\t\t\t\t\t<\/div>\n\t\t\t\t<\/div>\n\t\t\t\t<\/div>","protected":false},"excerpt":{"rendered":"<p>Sekt\u00f6rler Gayrimenkul Geli\u015ftirme ve Gayrimenkul Yat\u0131r\u0131m Gayrimenkul projelerinizi g\u00fcvenli bir limana ula\u015ft\u0131rmak i\u00e7in Karayel &#038; Partners&#8216;\u0131n uzman m\u00fchendislik kadrosu ile yelken a\u00e7\u0131n. Ke\u015ffet \u0130n\u015faat ve M\u00fchendislik Karayel &#038; Partners &#8216;\u0131n deneyimli m\u00fchendisleri ve dan\u0131\u015fmanlar\u0131 ile projelerinizde ba\u015far\u0131ya entegre olun. Ke\u015ffet Perakende Karayel &#038; Partners ile rekabet\u00e7i perakende d\u00fcnyas\u0131nda f\u0131rsatlar\u0131 yakalay\u0131n ve teknolojik de\u011fi\u015fimlere h\u0131zl\u0131ca uyum [&hellip;]<\/p>\n","protected":false},"author":3,"featured_media":0,"parent":0,"menu_order":0,"comment_status":"closed","ping_status":"closed","template":"elementor_header_footer","meta":{"iawp_total_views":31,"footnotes":""},"class_list":["post-2154","page","type-page","status-publish","hentry"],"_links":{"self":[{"href":"https:\/\/karayelpartners.com\/ru\/wp-json\/wp\/v2\/pages\/2154","targetHints":{"allow":["GET"]}}],"collection":[{"href":"https:\/\/karayelpartners.com\/ru\/wp-json\/wp\/v2\/pages"}],"about":[{"href":"https:\/\/karayelpartners.com\/ru\/wp-json\/wp\/v2\/types\/page"}],"author":[{"embeddable":true,"href":"https:\/\/karayelpartners.com\/ru\/wp-json\/wp\/v2\/users\/3"}],"replies":[{"embeddable":true,"href":"https:\/\/karayelpartners.com\/ru\/wp-json\/wp\/v2\/comments?post=2154"}],"version-history":[{"count":0,"href":"https:\/\/karayelpartners.com\/ru\/wp-json\/wp\/v2\/pages\/2154\/revisions"}],"wp:attachment":[{"href":"https:\/\/karayelpartners.com\/ru\/wp-json\/wp\/v2\/media?parent=2154"}],"curies":[{"name":"wp","href":"https:\/\/api.w.org\/{rel}","templated":true}]}}