{"id":6541,"date":"2023-07-05T02:57:16","date_gmt":"2023-07-05T02:57:16","guid":{"rendered":"https:\/\/karayelpartners.com\/?page_id=6541"},"modified":"2023-11-07T15:34:48","modified_gmt":"2023-11-07T15:34:48","slug":"we-are-with-you-in-the-investment-process","status":"publish","type":"page","link":"https:\/\/karayelpartners.com\/en\/we-are-with-you-in-the-investment-process\/","title":{"rendered":"We are with you during the investment process"},"content":{"rendered":"<div data-elementor-type=\"wp-page\" data-elementor-id=\"6541\" class=\"elementor elementor-6541\" data-elementor-post-type=\"page\">\n\t\t\t\t<div class=\"elementor-element elementor-element-70abe63b e-flex e-con-boxed e-con e-parent\" data-id=\"70abe63b\" data-element_type=\"container\" data-e-type=\"container\">\n\t\t\t\t\t<div class=\"e-con-inner\">\n\t\t<div class=\"elementor-element elementor-element-3f91fe8e e-con-full e-flex e-con e-child\" data-id=\"3f91fe8e\" data-element_type=\"container\" data-e-type=\"container\">\n\t\t\t\t<div class=\"elementor-element elementor-element-777d8013 elementor-widget elementor-widget-heading\" data-id=\"777d8013\" data-element_type=\"widget\" data-e-type=\"widget\" data-widget_type=\"heading.default\">\n\t\t\t\t<div class=\"elementor-widget-container\">\n\t\t\t\t\t<h2 class=\"elementor-heading-title elementor-size-default\">We are with you during the investment process\n<\/h2>\t\t\t\t<\/div>\n\t\t\t\t<\/div>\n\t\t\t\t<div class=\"elementor-element elementor-element-7e38b033 elementor-widget elementor-widget-text-editor\" data-id=\"7e38b033\" data-element_type=\"widget\" data-e-type=\"widget\" data-widget_type=\"text-editor.default\">\n\t\t\t\t<div class=\"elementor-widget-container\">\n\t\t\t\t\t\t\t\t\t<p><strong>Karayel &amp; Partners<\/strong> we work with you every step of the way, starting from the idea stage to the completion of your project and its transition to operation. With our experienced team, we contribute to successful and sustainable investments by providing the support and consultancy services you need throughout the process.<\/p>\t\t\t\t\t\t\t\t<\/div>\n\t\t\t\t<\/div>\n\t\t\t\t<\/div>\n\t\t\t\t\t<\/div>\n\t\t\t\t<\/div>\n\t\t<div class=\"elementor-element elementor-element-751588b3 e-flex e-con-boxed e-con e-parent\" data-id=\"751588b3\" data-element_type=\"container\" data-e-type=\"container\">\n\t\t\t\t\t<div class=\"e-con-inner\">\n\t\t<div class=\"elementor-element elementor-element-4d63a93d e-con-full e-flex e-con e-child\" data-id=\"4d63a93d\" data-element_type=\"container\" data-e-type=\"container\">\n\t\t\t\t<div class=\"elementor-element elementor-element-16fdc577 elementor-widget__width-initial elementor-position-top elementor-widget elementor-widget-image-box\" data-id=\"16fdc577\" data-element_type=\"widget\" data-e-type=\"widget\" data-widget_type=\"image-box.default\">\n\t\t\t\t<div class=\"elementor-widget-container\">\n\t\t\t\t\t<div class=\"elementor-image-box-wrapper\"><figure class=\"elementor-image-box-img\"><img decoding=\"async\" width=\"80\" height=\"80\" src=\"https:\/\/karayelpartners.com\/wp-content\/uploads\/2023\/04\/Fikirden-Stratejiye.png\" class=\"attachment-full size-full wp-image-1851\" alt=\"\" \/><\/figure><div class=\"elementor-image-box-content\"><h3 class=\"elementor-image-box-title\">From Idea to Strategy<\/h3><p class=\"elementor-image-box-description\">We evaluate your innovative ideas, develop the most appropriate investment strategies and offer customized solutions to make your projects a success.<\/p><\/div><\/div>\t\t\t\t<\/div>\n\t\t\t\t<\/div>\n\t\t\t\t<\/div>\n\t\t<div class=\"elementor-element elementor-element-53156918 e-con-full e-flex e-con e-child\" data-id=\"53156918\" data-element_type=\"container\" data-e-type=\"container\">\n\t\t\t\t<div class=\"elementor-element elementor-element-21f47a elementor-widget elementor-widget-image\" data-id=\"21f47a\" data-element_type=\"widget\" data-e-type=\"widget\" data-widget_type=\"image.default\">\n\t\t\t\t<div class=\"elementor-widget-container\">\n\t\t\t\t\t\t\t\t\t\t\t\t\t\t\t<img fetchpriority=\"high\" decoding=\"async\" width=\"705\" height=\"350\" src=\"https:\/\/karayelpartners.com\/wp-content\/uploads\/2023\/07\/Fikirden-Stratejiye-20.png\" class=\"attachment-full size-full wp-image-6491\" alt=\"\" srcset=\"https:\/\/karayelpartners.com\/wp-content\/uploads\/2023\/07\/Fikirden-Stratejiye-20.png 705w, https:\/\/karayelpartners.com\/wp-content\/uploads\/2023\/07\/Fikirden-Stratejiye-20-300x149.png 300w\" sizes=\"(max-width: 705px) 100vw, 705px\" \/>\t\t\t\t\t\t\t\t\t\t\t\t\t\t\t<\/div>\n\t\t\t\t<\/div>\n\t\t\t\t<\/div>\n\t\t\t\t\t<\/div>\n\t\t\t\t<\/div>\n\t\t<div class=\"elementor-element elementor-element-32c509bb e-flex e-con-boxed e-con e-parent\" data-id=\"32c509bb\" data-element_type=\"container\" data-e-type=\"container\">\n\t\t\t\t\t<div class=\"e-con-inner\">\n\t\t<div class=\"elementor-element elementor-element-66e79432 e-con-full e-flex e-con e-child\" data-id=\"66e79432\" data-element_type=\"container\" data-e-type=\"container\">\n\t\t\t\t<div class=\"elementor-element elementor-element-5b622a57 elementor-widget elementor-widget-image\" data-id=\"5b622a57\" data-element_type=\"widget\" data-e-type=\"widget\" data-widget_type=\"image.default\">\n\t\t\t\t<div class=\"elementor-widget-container\">\n\t\t\t\t\t\t\t\t\t\t\t\t\t\t\t<img decoding=\"async\" width=\"835\" height=\"350\" src=\"https:\/\/karayelpartners.com\/wp-content\/uploads\/2023\/07\/Planlama-ve-Uygulama-20.png\" class=\"attachment-full size-full wp-image-6493\" alt=\"\" srcset=\"https:\/\/karayelpartners.com\/wp-content\/uploads\/2023\/07\/Planlama-ve-Uygulama-20.png 835w, https:\/\/karayelpartners.com\/wp-content\/uploads\/2023\/07\/Planlama-ve-Uygulama-20-300x126.png 300w, https:\/\/karayelpartners.com\/wp-content\/uploads\/2023\/07\/Planlama-ve-Uygulama-20-768x322.png 768w\" sizes=\"(max-width: 835px) 100vw, 835px\" \/>\t\t\t\t\t\t\t\t\t\t\t\t\t\t\t<\/div>\n\t\t\t\t<\/div>\n\t\t\t\t<\/div>\n\t\t<div class=\"elementor-element elementor-element-29e2f4e1 e-con-full e-flex e-con e-child\" data-id=\"29e2f4e1\" data-element_type=\"container\" data-e-type=\"container\">\n\t\t\t\t<div class=\"elementor-element elementor-element-3f000f97 elementor-widget__width-initial elementor-widget-mobile__width-inherit elementor-position-top elementor-widget elementor-widget-image-box\" data-id=\"3f000f97\" data-element_type=\"widget\" data-e-type=\"widget\" data-widget_type=\"image-box.default\">\n\t\t\t\t<div class=\"elementor-widget-container\">\n\t\t\t\t\t<div class=\"elementor-image-box-wrapper\"><figure class=\"elementor-image-box-img\"><img loading=\"lazy\" decoding=\"async\" width=\"80\" height=\"80\" src=\"https:\/\/karayelpartners.com\/wp-content\/uploads\/2023\/04\/Planlama-ve-Uygulama.png\" class=\"attachment-full size-full wp-image-1853\" alt=\"\" \/><\/figure><div class=\"elementor-image-box-content\"><h3 class=\"elementor-image-box-title\">Planning and Implementation<\/h3><p class=\"elementor-image-box-description\">We plan your investment projects in detail and comprehensively, implement them with the right steps and provide professional support throughout the process.<\/p><\/div><\/div>\t\t\t\t<\/div>\n\t\t\t\t<\/div>\n\t\t\t\t<\/div>\n\t\t\t\t\t<\/div>\n\t\t\t\t<\/div>\n\t\t<div class=\"elementor-element elementor-element-768d5b5f e-flex e-con-boxed e-con e-parent\" data-id=\"768d5b5f\" data-element_type=\"container\" data-e-type=\"container\">\n\t\t\t\t\t<div class=\"e-con-inner\">\n\t\t<div class=\"elementor-element elementor-element-1f926ea e-con-full e-flex e-con e-child\" data-id=\"1f926ea\" data-element_type=\"container\" data-e-type=\"container\">\n\t\t\t\t<div class=\"elementor-element elementor-element-18cf5c5b elementor-widget__width-initial elementor-widget-mobile__width-inherit elementor-position-top elementor-widget elementor-widget-image-box\" data-id=\"18cf5c5b\" data-element_type=\"widget\" data-e-type=\"widget\" data-widget_type=\"image-box.default\">\n\t\t\t\t<div class=\"elementor-widget-container\">\n\t\t\t\t\t<div class=\"elementor-image-box-wrapper\"><figure class=\"elementor-image-box-img\"><img loading=\"lazy\" decoding=\"async\" width=\"80\" height=\"80\" src=\"https:\/\/karayelpartners.com\/wp-content\/uploads\/2023\/04\/Surec-Takibi-ve-Basari.png\" class=\"attachment-full size-full wp-image-1852\" alt=\"\" \/><\/figure><div class=\"elementor-image-box-content\"><h3 class=\"elementor-image-box-title\">Process Tracking and Success<\/h3><p class=\"elementor-image-box-description\">By closely monitoring developments in the investment process, we carry out evaluations and improvements to ensure that you achieve successful and sustainable results.<\/p><\/div><\/div>\t\t\t\t<\/div>\n\t\t\t\t<\/div>\n\t\t\t\t<\/div>\n\t\t<div class=\"elementor-element elementor-element-794c55ac e-con-full e-flex e-con e-child\" data-id=\"794c55ac\" data-element_type=\"container\" data-e-type=\"container\">\n\t\t\t\t<div class=\"elementor-element elementor-element-1de91d3d elementor-widget elementor-widget-image\" data-id=\"1de91d3d\" data-element_type=\"widget\" data-e-type=\"widget\" data-widget_type=\"image.default\">\n\t\t\t\t<div class=\"elementor-widget-container\">\n\t\t\t\t\t\t\t\t\t\t\t\t\t\t\t<img loading=\"lazy\" decoding=\"async\" width=\"706\" height=\"350\" src=\"https:\/\/karayelpartners.com\/wp-content\/uploads\/2023\/07\/Surec-Takibi-ve-Basari-20.png\" class=\"attachment-full size-full wp-image-6492\" alt=\"\" srcset=\"https:\/\/karayelpartners.com\/wp-content\/uploads\/2023\/07\/Surec-Takibi-ve-Basari-20.png 706w, https:\/\/karayelpartners.com\/wp-content\/uploads\/2023\/07\/Surec-Takibi-ve-Basari-20-300x149.png 300w\" sizes=\"(max-width: 706px) 100vw, 706px\" \/>\t\t\t\t\t\t\t\t\t\t\t\t\t\t\t<\/div>\n\t\t\t\t<\/div>\n\t\t\t\t<\/div>\n\t\t\t\t\t<\/div>\n\t\t\t\t<\/div>\n\t\t<div class=\"elementor-element elementor-element-3943ced2 e-con-full e-flex e-con e-parent\" data-id=\"3943ced2\" data-element_type=\"container\" data-e-type=\"container\" data-settings=\"{&quot;background_background&quot;:&quot;classic&quot;}\">\n\t\t<div class=\"elementor-element elementor-element-7d7a6c0 e-con-full e-flex e-con e-child\" data-id=\"7d7a6c0\" data-element_type=\"container\" data-e-type=\"container\">\n\t\t\t\t<div class=\"elementor-element elementor-element-7426bbd8 elementor-widget elementor-widget-heading\" data-id=\"7426bbd8\" data-element_type=\"widget\" data-e-type=\"widget\" data-widget_type=\"heading.default\">\n\t\t\t\t<div class=\"elementor-widget-container\">\n\t\t\t\t\t<h2 class=\"elementor-heading-title elementor-size-default\">Your Investment Expert is Here<\/h2>\t\t\t\t<\/div>\n\t\t\t\t<\/div>\n\t\t\t\t<div class=\"elementor-element elementor-element-5c8ae884 elementor-widget elementor-widget-text-editor\" data-id=\"5c8ae884\" data-element_type=\"widget\" data-e-type=\"widget\" data-widget_type=\"text-editor.default\">\n\t\t\t\t<div class=\"elementor-widget-container\">\n\t\t\t\t\t\t\t\t\t<p>To increase the value of your investments and achieve sustainable gains <strong>Karayel &amp; Partners<\/strong>'s experienced and expert consultants.<\/p>\t\t\t\t\t\t\t\t<\/div>\n\t\t\t\t<\/div>\n\t\t\t\t<\/div>\n\t\t<div class=\"elementor-element elementor-element-17f7a695 e-con-full e-flex e-con e-child\" data-id=\"17f7a695\" data-element_type=\"container\" data-e-type=\"container\">\n\t\t\t\t<div class=\"elementor-element elementor-element-f17da50 elementor-align-right elementor-widget elementor-widget-button\" data-id=\"f17da50\" data-element_type=\"widget\" data-e-type=\"widget\" data-widget_type=\"button.default\">\n\t\t\t\t<div class=\"elementor-widget-container\">\n\t\t\t\t\t\t\t\t\t<div class=\"elementor-button-wrapper\">\n\t\t\t\t\t<a class=\"elementor-button elementor-button-link elementor-size-sm\" href=\"https:\/\/karayelpartners.com\/en\/istanbul\/\">\n\t\t\t\t\t\t<span class=\"elementor-button-content-wrapper\">\n\t\t\t\t\t\t\t\t\t<span class=\"elementor-button-text\">Let's Succeed Together<\/span>\n\t\t\t\t\t<\/span>\n\t\t\t\t\t<\/a>\n\t\t\t\t<\/div>\n\t\t\t\t\t\t\t\t<\/div>\n\t\t\t\t<\/div>\n\t\t\t\t<\/div>\n\t\t\t\t<\/div>\n\t\t\t\t<\/div>","protected":false},"excerpt":{"rendered":"<p>Yat\u0131r\u0131m S\u00fcrecinde Yan\u0131n\u0131zday\u0131z Karayel &amp; Partners olarak, fikir a\u015famas\u0131ndan ba\u015flayarak projenizin tamamlanmas\u0131na ve i\u015fletmeye ge\u00e7i\u015fine kadar her ad\u0131mda sizinle birlikte \u00e7al\u0131\u015f\u0131yoruz. Deneyimli ekibimizle, s\u00fcre\u00e7 boyunca ihtiya\u00e7 duydu\u011funuz destek ve dan\u0131\u015fmanl\u0131k hizmetlerini sa\u011flayarak ba\u015far\u0131l\u0131 ve s\u00fcrd\u00fcr\u00fclebilir yat\u0131r\u0131mlar ger\u00e7ekle\u015ftirmenize katk\u0131da bulunuyoruz. Fikirden Stratejiye \u0130novatif fikirlerinizi de\u011ferlendirerek en uygun yat\u0131r\u0131m stratejilerini geli\u015ftiriyoruz, projelerinizi ba\u015far\u0131ya ula\u015ft\u0131rmak i\u00e7in \u00f6zelle\u015ftirilmi\u015f \u00e7\u00f6z\u00fcmler [&hellip;]<\/p>\n","protected":false},"author":3,"featured_media":0,"parent":0,"menu_order":0,"comment_status":"closed","ping_status":"closed","template":"","meta":{"iawp_total_views":5,"footnotes":""},"class_list":["post-6541","page","type-page","status-publish","hentry"],"_links":{"self":[{"href":"https:\/\/karayelpartners.com\/en\/wp-json\/wp\/v2\/pages\/6541","targetHints":{"allow":["GET"]}}],"collection":[{"href":"https:\/\/karayelpartners.com\/en\/wp-json\/wp\/v2\/pages"}],"about":[{"href":"https:\/\/karayelpartners.com\/en\/wp-json\/wp\/v2\/types\/page"}],"author":[{"embeddable":true,"href":"https:\/\/karayelpartners.com\/en\/wp-json\/wp\/v2\/users\/3"}],"replies":[{"embeddable":true,"href":"https:\/\/karayelpartners.com\/en\/wp-json\/wp\/v2\/comments?post=6541"}],"version-history":[{"count":0,"href":"https:\/\/karayelpartners.com\/en\/wp-json\/wp\/v2\/pages\/6541\/revisions"}],"wp:attachment":[{"href":"https:\/\/karayelpartners.com\/en\/wp-json\/wp\/v2\/media?parent=6541"}],"curies":[{"name":"wp","href":"https:\/\/api.w.org\/{rel}","templated":true}]}}