{"id":6473,"date":"2023-07-04T16:58:30","date_gmt":"2023-07-04T16:58:30","guid":{"rendered":"https:\/\/karayelpartners.com\/?page_id=6473"},"modified":"2023-11-07T15:32:28","modified_gmt":"2023-11-07T15:32:28","slug":"land-partner-germany","status":"publish","type":"page","link":"https:\/\/karayelpartners.com\/en\/land-partner-germany\/","title":{"rendered":"Arazi Partneri \/ Almanya"},"content":{"rendered":"<div data-elementor-type=\"wp-page\" data-elementor-id=\"6473\" class=\"elementor elementor-6473\" data-elementor-post-type=\"page\">\n\t\t\t\t<div class=\"elementor-element elementor-element-64d859a9 e-flex e-con-boxed e-con e-parent\" data-id=\"64d859a9\" data-element_type=\"container\" data-e-type=\"container\">\n\t\t\t\t\t<div class=\"e-con-inner\">\n\t\t<div class=\"elementor-element elementor-element-75948814 e-flex e-con-boxed e-con e-child\" data-id=\"75948814\" data-element_type=\"container\" data-e-type=\"container\">\n\t\t\t\t\t<div class=\"e-con-inner\">\n\t\t\t\t<div class=\"elementor-element elementor-element-15445c52 elementor-widget elementor-widget-image\" data-id=\"15445c52\" data-element_type=\"widget\" data-e-type=\"widget\" data-widget_type=\"image.default\">\n\t\t\t\t<div class=\"elementor-widget-container\">\n\t\t\t\t\t\t\t\t\t\t\t\t\t\t\t<img fetchpriority=\"high\" decoding=\"async\" width=\"1170\" height=\"370\" src=\"https:\/\/karayelpartners.com\/wp-content\/uploads\/2023\/05\/insan-kaynaklari-2.png\" class=\"attachment-full size-full wp-image-3176\" alt=\"\" srcset=\"https:\/\/karayelpartners.com\/wp-content\/uploads\/2023\/05\/insan-kaynaklari-2.png 1170w, https:\/\/karayelpartners.com\/wp-content\/uploads\/2023\/05\/insan-kaynaklari-2-300x95.png 300w, https:\/\/karayelpartners.com\/wp-content\/uploads\/2023\/05\/insan-kaynaklari-2-1024x324.png 1024w, https:\/\/karayelpartners.com\/wp-content\/uploads\/2023\/05\/insan-kaynaklari-2-768x243.png 768w\" sizes=\"(max-width: 1170px) 100vw, 1170px\" \/>\t\t\t\t\t\t\t\t\t\t\t\t\t\t\t<\/div>\n\t\t\t\t<\/div>\n\t\t\t\t<div class=\"elementor-element elementor-element-43e72f63 elementor-widget elementor-widget-heading\" data-id=\"43e72f63\" data-element_type=\"widget\" data-e-type=\"widget\" data-widget_type=\"heading.default\">\n\t\t\t\t<div class=\"elementor-widget-container\">\n\t\t\t\t\t<h2 class=\"elementor-heading-title elementor-size-default\">Land Partner<br>Germany<\/h2>\t\t\t\t<\/div>\n\t\t\t\t<\/div>\n\t\t\t\t<div class=\"elementor-element elementor-element-5212f739 elementor-widget elementor-widget-text-editor\" data-id=\"5212f739\" data-element_type=\"widget\" data-e-type=\"widget\" data-widget_type=\"text-editor.default\">\n\t\t\t\t<div class=\"elementor-widget-container\">\n\t\t\t\t\t\t\t\t\t<p><span style=\"font-weight: 400;\">We are looking for a colleague in Germany who can analyze data using AutoCAD and geographic information systems software, write reports to present the obtained data to clients, advise on technical issues and the feasibility of construction plans, make distance and angle measurements of the land to establish legal property boundaries, take land notes for title deeds, leases and other legal documents in an orderly manner, communicate with architects, engineers and construction personnel during land development projects to verify geological and property boundary data, and continue professional development every day.<\/span><\/p><p><strong>Responsibilities<\/strong><\/p><p>- Identifying potential investment opportunities and managing procurement processes<br \/>- Potential land survey and identification<br \/>- Exploring new markets and identifying appropriate strategies to manage these markets<br \/>- Creating a new customer portfolio in line with the company profile<br \/>- Analyzing customer needs and developing solution-oriented strategies to address these needs<br \/>- Managing product and service development efforts<\/p><p><strong>Required Qualifications<\/strong><\/p><p>- Experienced in business development and strategic planning<br \/>- Knowledge and experience in investment procurement and land identification<br \/>- Ability to explore new markets and develop appropriate strategies for these markets<br \/>- Ability to analyze customer needs and develop solution-oriented strategies<br \/>- Strong communication skills, team-oriented and result-oriented<\/p><p>If you have these skills and like to work in a dynamic team, <strong>Karayel &amp; Partners<\/strong> We look forward to meeting you to join the family!<\/p>\t\t\t\t\t\t\t\t<\/div>\n\t\t\t\t<\/div>\n\t\t\t\t<div class=\"elementor-element elementor-element-19f0d4c elementor-widget elementor-widget-button\" data-id=\"19f0d4c\" data-element_type=\"widget\" data-e-type=\"widget\" data-widget_type=\"button.default\">\n\t\t\t\t<div class=\"elementor-widget-container\">\n\t\t\t\t\t\t\t\t\t<div class=\"elementor-button-wrapper\">\n\t\t\t\t\t<a class=\"elementor-button elementor-button-link elementor-size-sm\" href=\"https:\/\/karayelpartners.com\/en\/application-form\/\">\n\t\t\t\t\t\t<span class=\"elementor-button-content-wrapper\">\n\t\t\t\t\t\t\t\t\t<span class=\"elementor-button-text\">Apply, Change Tomorrow<\/span>\n\t\t\t\t\t<\/span>\n\t\t\t\t\t<\/a>\n\t\t\t\t<\/div>\n\t\t\t\t\t\t\t\t<\/div>\n\t\t\t\t<\/div>\n\t\t\t\t\t<\/div>\n\t\t\t\t<\/div>\n\t\t\t\t\t<\/div>\n\t\t\t\t<\/div>\n\t\t\t\t<\/div>","protected":false},"excerpt":{"rendered":"<p>Arazi PartneriAlmanya Almanya&#8217;da AutoCAD ve co\u011frafi bilgi sistemleri yaz\u0131l\u0131mlar\u0131n\u0131 kullanarak verileri analiz edebilecek, elde edilen verileri m\u00fc\u015fterilere sunmak \u00fczere rapor yazabilecek, teknik konular ve in\u015faat planlar\u0131n\u0131n uygulanabilirli\u011fi konusunda dan\u0131\u015fmanl\u0131k yapabilecek, yasal m\u00fclkiyet s\u0131n\u0131rlar\u0131 olu\u015fturmak i\u00e7in arazinin mesafe ve a\u00e7\u0131 \u00f6l\u00e7\u00fcmlerini yapabilecek, tapu, kiralama ve di\u011fer yasal belgeler i\u00e7in arazi notlar\u0131 d\u00fczenli bir \u015fekilde alabilecek, jeolojik [&hellip;]<\/p>\n","protected":false},"author":3,"featured_media":0,"parent":0,"menu_order":0,"comment_status":"closed","ping_status":"closed","template":"elementor_header_footer","meta":{"iawp_total_views":9,"footnotes":""},"class_list":["post-6473","page","type-page","status-publish","hentry"],"_links":{"self":[{"href":"https:\/\/karayelpartners.com\/en\/wp-json\/wp\/v2\/pages\/6473","targetHints":{"allow":["GET"]}}],"collection":[{"href":"https:\/\/karayelpartners.com\/en\/wp-json\/wp\/v2\/pages"}],"about":[{"href":"https:\/\/karayelpartners.com\/en\/wp-json\/wp\/v2\/types\/page"}],"author":[{"embeddable":true,"href":"https:\/\/karayelpartners.com\/en\/wp-json\/wp\/v2\/users\/3"}],"replies":[{"embeddable":true,"href":"https:\/\/karayelpartners.com\/en\/wp-json\/wp\/v2\/comments?post=6473"}],"version-history":[{"count":0,"href":"https:\/\/karayelpartners.com\/en\/wp-json\/wp\/v2\/pages\/6473\/revisions"}],"wp:attachment":[{"href":"https:\/\/karayelpartners.com\/en\/wp-json\/wp\/v2\/media?parent=6473"}],"curies":[{"name":"wp","href":"https:\/\/api.w.org\/{rel}","templated":true}]}}