{"id":6466,"date":"2023-07-04T16:56:55","date_gmt":"2023-07-04T16:56:55","guid":{"rendered":"https:\/\/karayelpartners.com\/?page_id=6466"},"modified":"2023-11-07T15:32:30","modified_gmt":"2023-11-07T15:32:30","slug":"business-development-officer-spain","status":"publish","type":"page","link":"https:\/\/karayelpartners.com\/en\/business-development-officer-spain\/","title":{"rendered":"\u0130\u015f Geli\u015ftirme Sorumlusu \/ \u0130spanya"},"content":{"rendered":"<div data-elementor-type=\"wp-page\" data-elementor-id=\"6466\" class=\"elementor elementor-6466\" data-elementor-post-type=\"page\">\n\t\t\t\t<div class=\"elementor-element elementor-element-64d859a9 e-flex e-con-boxed e-con e-parent\" data-id=\"64d859a9\" data-element_type=\"container\" data-e-type=\"container\">\n\t\t\t\t\t<div class=\"e-con-inner\">\n\t\t<div class=\"elementor-element elementor-element-75948814 e-flex e-con-boxed e-con e-child\" data-id=\"75948814\" data-element_type=\"container\" data-e-type=\"container\">\n\t\t\t\t\t<div class=\"e-con-inner\">\n\t\t\t\t<div class=\"elementor-element elementor-element-15445c52 elementor-widget elementor-widget-image\" data-id=\"15445c52\" data-element_type=\"widget\" data-e-type=\"widget\" data-widget_type=\"image.default\">\n\t\t\t\t<div class=\"elementor-widget-container\">\n\t\t\t\t\t\t\t\t\t\t\t\t\t\t\t<img fetchpriority=\"high\" decoding=\"async\" width=\"1170\" height=\"370\" src=\"https:\/\/karayelpartners.com\/wp-content\/uploads\/2023\/05\/insan-kaynaklari-2.png\" class=\"attachment-full size-full wp-image-3176\" alt=\"\" srcset=\"https:\/\/karayelpartners.com\/wp-content\/uploads\/2023\/05\/insan-kaynaklari-2.png 1170w, https:\/\/karayelpartners.com\/wp-content\/uploads\/2023\/05\/insan-kaynaklari-2-300x95.png 300w, https:\/\/karayelpartners.com\/wp-content\/uploads\/2023\/05\/insan-kaynaklari-2-1024x324.png 1024w, https:\/\/karayelpartners.com\/wp-content\/uploads\/2023\/05\/insan-kaynaklari-2-768x243.png 768w\" sizes=\"(max-width: 1170px) 100vw, 1170px\" \/>\t\t\t\t\t\t\t\t\t\t\t\t\t\t\t<\/div>\n\t\t\t\t<\/div>\n\t\t\t\t<div class=\"elementor-element elementor-element-43e72f63 elementor-widget elementor-widget-heading\" data-id=\"43e72f63\" data-element_type=\"widget\" data-e-type=\"widget\" data-widget_type=\"heading.default\">\n\t\t\t\t<div class=\"elementor-widget-container\">\n\t\t\t\t\t<h2 class=\"elementor-heading-title elementor-size-default\">Business Development Officer<br>Spain<\/h2>\t\t\t\t<\/div>\n\t\t\t\t<\/div>\n\t\t\t\t<div class=\"elementor-element elementor-element-5212f739 elementor-widget elementor-widget-text-editor\" data-id=\"5212f739\" data-element_type=\"widget\" data-e-type=\"widget\" data-widget_type=\"text-editor.default\">\n\t\t\t\t<div class=\"elementor-widget-container\">\n\t\t\t\t\t\t\t\t\t<p><span style=\"font-weight: 400;\">We are looking for someone who can supply possible investments in Spain, find lands, identify new markets and work to determine the appropriate approach strategy to these markets, find new customers according to companies, identify customer needs and develop products and business development by working solution-oriented.<\/span><\/p><p><strong>Responsibilities<\/strong><\/p><p>- Identifying potential investment opportunities and managing procurement processes<br \/>- Potential land survey and identification<br \/>- Exploring new markets and identifying appropriate strategies to manage these markets<br \/>- Creating a new customer portfolio in line with the company profile<br \/>- Analyzing customer needs and developing solution-oriented strategies to address these needs<br \/>- Managing product and service development efforts<\/p><p><strong>Required Qualifications<\/strong><\/p><p>- Experienced in business development and strategic planning<br \/>- Knowledge and experience in investment procurement and land identification<br \/>- Ability to explore new markets and develop appropriate strategies for these markets<br \/>- Ability to analyze customer needs and develop solution-oriented strategies<br \/>- Strong communication skills, team-oriented and result-oriented<\/p><p>If you have these skills and like to work in a dynamic team, <strong>Karayel &amp; Partners<\/strong> We look forward to meeting you to join the family!<\/p>\t\t\t\t\t\t\t\t<\/div>\n\t\t\t\t<\/div>\n\t\t\t\t<div class=\"elementor-element elementor-element-19f0d4c elementor-mobile-align-justify elementor-widget elementor-widget-button\" data-id=\"19f0d4c\" data-element_type=\"widget\" data-e-type=\"widget\" data-widget_type=\"button.default\">\n\t\t\t\t<div class=\"elementor-widget-container\">\n\t\t\t\t\t\t\t\t\t<div class=\"elementor-button-wrapper\">\n\t\t\t\t\t<a class=\"elementor-button elementor-button-link elementor-size-sm\" href=\"https:\/\/karayelpartners.com\/en\/application-form\/\">\n\t\t\t\t\t\t<span class=\"elementor-button-content-wrapper\">\n\t\t\t\t\t\t\t\t\t<span class=\"elementor-button-text\">Apply, Change Tomorrow<\/span>\n\t\t\t\t\t<\/span>\n\t\t\t\t\t<\/a>\n\t\t\t\t<\/div>\n\t\t\t\t\t\t\t\t<\/div>\n\t\t\t\t<\/div>\n\t\t\t\t\t<\/div>\n\t\t\t\t<\/div>\n\t\t\t\t\t<\/div>\n\t\t\t\t<\/div>\n\t\t\t\t<\/div>","protected":false},"excerpt":{"rendered":"<p>\u0130\u015f Geli\u015ftirme Sorumlusu\u0130spanya \u0130spanya\u2019da Muhtemel yat\u0131r\u0131mlar\u0131 tedarik edilebilecek, arazileri bulabilecek, yeni pazarlar tespit edilmesi ve bu pazarlara uygun yakla\u015f\u0131m stratejisi belirlenmesi ad\u0131na \u00e7al\u0131\u015farak, firmalara g\u00f6re yeni m\u00fc\u015fteri bulmak, m\u00fc\u015fteri ihtiya\u00e7lar\u0131n\u0131 tespit etmek ve \u00e7\u00f6z\u00fcm odakl\u0131 \u00e7al\u0131\u015farak \u00fcr\u00fcn geli\u015ftirmek ve i\u015f geli\u015ftirmede uzman biri aranmaktad\u0131r. Sorumluluklar &#8211; Muhtemel yat\u0131r\u0131m f\u0131rsatlar\u0131n\u0131n tespiti ve tedarik s\u00fcre\u00e7lerinin y\u00f6netilmesi&#8211; Potansiyel [&hellip;]<\/p>\n","protected":false},"author":3,"featured_media":0,"parent":0,"menu_order":0,"comment_status":"closed","ping_status":"closed","template":"elementor_header_footer","meta":{"iawp_total_views":2,"footnotes":""},"class_list":["post-6466","page","type-page","status-publish","hentry"],"_links":{"self":[{"href":"https:\/\/karayelpartners.com\/en\/wp-json\/wp\/v2\/pages\/6466","targetHints":{"allow":["GET"]}}],"collection":[{"href":"https:\/\/karayelpartners.com\/en\/wp-json\/wp\/v2\/pages"}],"about":[{"href":"https:\/\/karayelpartners.com\/en\/wp-json\/wp\/v2\/types\/page"}],"author":[{"embeddable":true,"href":"https:\/\/karayelpartners.com\/en\/wp-json\/wp\/v2\/users\/3"}],"replies":[{"embeddable":true,"href":"https:\/\/karayelpartners.com\/en\/wp-json\/wp\/v2\/comments?post=6466"}],"version-history":[{"count":0,"href":"https:\/\/karayelpartners.com\/en\/wp-json\/wp\/v2\/pages\/6466\/revisions"}],"wp:attachment":[{"href":"https:\/\/karayelpartners.com\/en\/wp-json\/wp\/v2\/media?parent=6466"}],"curies":[{"name":"wp","href":"https:\/\/api.w.org\/{rel}","templated":true}]}}